{"id":49263,"date":"2025-04-10T12:07:46","date_gmt":"2025-04-10T10:07:46","guid":{"rendered":"https:\/\/myspainfood.com\/producto\/manzanilla-4-kg-calibro-180-200\/"},"modified":"2025-04-10T12:07:46","modified_gmt":"2025-04-10T10:07:46","slug":"manzanilla-4-kg-calibro-180-200","status":"publish","type":"product","link":"https:\/\/myspainfood.com\/it\/producto\/manzanilla-4-kg-calibro-180-200\/","title":{"rendered":"Manzanilla 4 kg calibro 180\/200"},"content":{"rendered":"<p>Le olive Manzanilla 180\/200 calibro 4 kg mantengono la loro forma <a href=\"https:\/\/www.google.com\/search?q=aceituna+manzanilla+calibre&amp;tbm=isch&amp;ved=2ahUKEwjzs-WOhPD1AhWHh1wKHXXjAgAQ2-cCegQIABAA&amp;oq=aceituna+manzanilla+calibre&amp;gs_lcp=CgNpbWcQA1CzBli4GGC8GWgAcAB4AIABbYgBzQySAQQxNy4ymAEAoAEBqgELZ3dzLXdpei1pbWfAAQE&amp;sclient=img&amp;ei=6FcCYvOfBoeP8gL1xgs&amp;bih=780&amp;biw=1577\" target=\"_blank\" rel=\"noopener noreferrer nofollow\">originale<\/a>, conservando il nocciolo all&#8217;interno del frutto.<\/p>\n<p>Diverse variet\u00e0 di olivo (Olea europaea) sono conosciute come camomilla.<\/p>\n<p>Questo nome viene dato anche al frutto o all&#8217;oliva che producono.<\/p>\n<p>Le variet\u00e0 principali sono la manzanilla sevillana, la manzanilla cacere\u00f1a e la manzanilla alore\u00f1a.<\/p>\n<p>Si consiglia di conservare queste olive intere in un luogo fresco e asciutto, lontano dalla luce del sole.<\/p>\n<h3>Benefici della Camomilla 180\/200 calibro 4kg<\/h3>\n<p>Conosceva i molteplici benefici di queste olive? Sono molto efficaci nella prevenzione delle malattie cardiache e circolatorie in generale. <\/p>\n<p>Ci\u00f2 \u00e8 dovuto al suo alto contenuto di grassi insaturi. Inoltre, \u00e8 un alimento che contiene molto ferro e fibre ed \u00e8 altamente saziante, il che lo rende uno spuntino perfetto. <\/p>\n<p>Se vuoi acquistare olive o qualsiasi altro tipo di <a href=\"https:\/\/latiendadesami.com\/categoria-producto\/encurtidos\/\" rel=\"noopener noreferrer nofollow\" target=\"_blank\">sottaceti<\/a>, non esitare a dare un&#8217;occhiata al nostro catalogo online per vedere l&#8217;ampia variet\u00e0 di <a href=\"https:\/\/latiendadesami.com\/categoria-producto\/encurtidos\/aceitunas\/\" target=\"_blank\" rel=\"noopener noreferrer nofollow\">olive<\/a> che abbiamo.<\/p>\n","protected":false},"excerpt":{"rendered":"<p>Le olive Manzanilla 180\/200 calibro 4 kg mantengono la loro forma originale, conservando il nocciolo all&#8217;interno del frutto. Diverse variet\u00e0 di olivo (Olea europaea) sono conosciute come camomilla. Questo nome viene dato anche al frutto o all&#8217;oliva che producono. Le variet\u00e0 principali sono la manzanilla sevillana, la manzanilla cacere\u00f1a e la manzanilla alore\u00f1a. Si consiglia [&hellip;]<\/p>\n","protected":false},"featured_media":10127,"template":"","meta":{"_et_pb_use_builder":"","_et_pb_old_content":"","_et_gb_content_width":""},"product_brand":[1069],"product_cat":[1563,1562],"product_tag":[2047],"class_list":{"0":"post-49263","1":"product","2":"type-product","3":"status-publish","4":"has-post-thumbnail","6":"product_brand-sangar","7":"product_cat-olive","8":"product_cat-sottaceti","9":"product_tag-camomilla","11":"first","12":"outofstock","13":"taxable","14":"shipping-taxable","15":"purchasable","16":"product-type-simple"},"_links":{"self":[{"href":"https:\/\/myspainfood.com\/it\/wp-json\/wp\/v2\/product\/49263","targetHints":{"allow":["GET"]}}],"collection":[{"href":"https:\/\/myspainfood.com\/it\/wp-json\/wp\/v2\/product"}],"about":[{"href":"https:\/\/myspainfood.com\/it\/wp-json\/wp\/v2\/types\/product"}],"wp:featuredmedia":[{"embeddable":true,"href":"https:\/\/myspainfood.com\/it\/wp-json\/wp\/v2\/media\/10127"}],"wp:attachment":[{"href":"https:\/\/myspainfood.com\/it\/wp-json\/wp\/v2\/media?parent=49263"}],"wp:term":[{"taxonomy":"product_brand","embeddable":true,"href":"https:\/\/myspainfood.com\/it\/wp-json\/wp\/v2\/product_brand?post=49263"},{"taxonomy":"product_cat","embeddable":true,"href":"https:\/\/myspainfood.com\/it\/wp-json\/wp\/v2\/product_cat?post=49263"},{"taxonomy":"product_tag","embeddable":true,"href":"https:\/\/myspainfood.com\/it\/wp-json\/wp\/v2\/product_tag?post=49263"}],"curies":[{"name":"wp","href":"https:\/\/api.w.org\/{rel}","templated":true}]}}