{"id":49283,"date":"2025-04-10T12:07:47","date_gmt":"2025-04-10T10:07:47","guid":{"rendered":"https:\/\/myspainfood.com\/producto\/manzanilla-4-kg-242-aperitivo\/"},"modified":"2025-04-10T12:07:47","modified_gmt":"2025-04-10T10:07:47","slug":"manzanilla-4-kg-242-aperitivo","status":"publish","type":"product","link":"https:\/\/myspainfood.com\/it\/producto\/manzanilla-4-kg-242-aperitivo\/","title":{"rendered":"Manzanilla 4 kg 242 aperitivo"},"content":{"rendered":"<p>Il nome &#8216;manzanilla&#8217; viene dato a diverse variet\u00e0 di olivo (Olea europaea). Questo nome viene dato anche al frutto o all&#8217;oliva che producono. Le variet\u00e0 principali sono la manzanilla sevillana, la manzanilla cacere\u00f1a e la manzanilla alore\u00f1a.    <\/p>\n","protected":false},"excerpt":{"rendered":"<p>Il nome &#8216;manzanilla&#8217; viene dato a diverse variet\u00e0 di olivo (Olea europaea). Questo nome viene dato anche al frutto o all&#8217;oliva che producono. Le variet\u00e0 principali sono la manzanilla sevillana, la manzanilla cacere\u00f1a e la manzanilla alore\u00f1a.<\/p>\n","protected":false},"featured_media":10145,"template":"","meta":{"_et_pb_use_builder":"","_et_pb_old_content":"","_et_gb_content_width":""},"product_brand":[1069],"product_cat":[1563,1562],"product_tag":[2047],"class_list":{"0":"post-49283","1":"product","2":"type-product","3":"status-publish","4":"has-post-thumbnail","6":"product_brand-sangar","7":"product_cat-olive","8":"product_cat-sottaceti","9":"product_tag-camomilla","11":"first","12":"outofstock","13":"taxable","14":"shipping-taxable","15":"purchasable","16":"product-type-simple"},"_links":{"self":[{"href":"https:\/\/myspainfood.com\/it\/wp-json\/wp\/v2\/product\/49283","targetHints":{"allow":["GET"]}}],"collection":[{"href":"https:\/\/myspainfood.com\/it\/wp-json\/wp\/v2\/product"}],"about":[{"href":"https:\/\/myspainfood.com\/it\/wp-json\/wp\/v2\/types\/product"}],"wp:featuredmedia":[{"embeddable":true,"href":"https:\/\/myspainfood.com\/it\/wp-json\/wp\/v2\/media\/10145"}],"wp:attachment":[{"href":"https:\/\/myspainfood.com\/it\/wp-json\/wp\/v2\/media?parent=49283"}],"wp:term":[{"taxonomy":"product_brand","embeddable":true,"href":"https:\/\/myspainfood.com\/it\/wp-json\/wp\/v2\/product_brand?post=49283"},{"taxonomy":"product_cat","embeddable":true,"href":"https:\/\/myspainfood.com\/it\/wp-json\/wp\/v2\/product_cat?post=49283"},{"taxonomy":"product_tag","embeddable":true,"href":"https:\/\/myspainfood.com\/it\/wp-json\/wp\/v2\/product_tag?post=49283"}],"curies":[{"name":"wp","href":"https:\/\/api.w.org\/{rel}","templated":true}]}}