{"id":50550,"date":"2025-05-21T08:44:03","date_gmt":"2025-05-21T06:44:03","guid":{"rendered":"https:\/\/myspainfood.com\/producto\/camomilla-snocciolata-manzanilla-900-gr-chicon\/"},"modified":"2026-01-29T12:59:34","modified_gmt":"2026-01-29T11:59:34","slug":"camomilla-snocciolata-manzanilla-900-gr-chicon","status":"publish","type":"product","link":"https:\/\/myspainfood.com\/it\/producto\/camomilla-snocciolata-manzanilla-900-gr-chicon\/","title":{"rendered":"Camomilla snocciolata Manzanilla 900 gr Chic\u00f3n"},"content":{"rendered":"<p>Nonostante la rimozione del nocciolo, le olive Manzanilla snocciolate mantengono praticamente la loro forma originale.<\/p>\n<h3>I benefici delle olive <a href=\"https:\/\/aceitunaschiconlebron.com\/catalogo-productos\/comprar-aceitunas\/deshuesadas\/\" target=\"_blank\" rel=\"noopener noreferrer nofollow\">Chic\u00f3n<\/a> snocciolate Manzanilla<\/h3>\n<p>Conosceva i molteplici benefici di queste olive? Sono molto efficaci nella prevenzione delle malattie cardiache e circolatorie in generale. <\/p>\n<p>Ci\u00f2 \u00e8 dovuto al suo alto contenuto di grassi insaturi. Inoltre, \u00e8 un alimento che contiene molto ferro e fibre ed \u00e8 altamente saziante, il che lo rende uno spuntino perfetto. <\/p>\n<p>Se desidera acquistare olive o qualsiasi altro tipo di <a href=\"https:\/\/latiendadesami.com\/categoria-producto\/encurtidos\/\" rel=\"noopener noreferrer nofollow\" target=\"_blank\">cibo in salamoia<\/a>, non esiti a dare un&#8217;occhiata al nostro catalogo online per vedere l&#8217;ampia variet\u00e0 di <a href=\"https:\/\/latiendadesami.com\/categoria-producto\/encurtidos\/aceitunas\/\" target=\"_blank\" rel=\"noopener noreferrer nofollow\">olive<\/a> che abbiamo.<\/p>\n","protected":false},"excerpt":{"rendered":"<p>Nonostante la rimozione del nocciolo, le olive Manzanilla snocciolate mantengono praticamente la loro forma originale. I benefici delle olive Chic\u00f3n snocciolate Manzanilla Conosceva i molteplici benefici di queste olive? Sono molto efficaci nella prevenzione delle malattie cardiache e circolatorie in generale. Ci\u00f2 \u00e8 dovuto al suo alto contenuto di grassi insaturi. Inoltre, \u00e8 un alimento [&hellip;]<\/p>\n","protected":false},"featured_media":50275,"template":"","meta":{"_et_pb_use_builder":"","_et_pb_old_content":"","_et_gb_content_width":""},"product_brand":[1036],"product_cat":[1563,1562],"product_tag":[2047,10010],"class_list":{"0":"post-50550","1":"product","2":"type-product","3":"status-publish","4":"has-post-thumbnail","6":"product_brand-chicon","7":"product_cat-olive","8":"product_cat-sottaceti","9":"product_tag-camomilla","10":"product_tag-disossato-it","12":"first","13":"instock","14":"taxable","15":"shipping-taxable","16":"purchasable","17":"product-type-variable"},"_links":{"self":[{"href":"https:\/\/myspainfood.com\/it\/wp-json\/wp\/v2\/product\/50550","targetHints":{"allow":["GET"]}}],"collection":[{"href":"https:\/\/myspainfood.com\/it\/wp-json\/wp\/v2\/product"}],"about":[{"href":"https:\/\/myspainfood.com\/it\/wp-json\/wp\/v2\/types\/product"}],"wp:featuredmedia":[{"embeddable":true,"href":"https:\/\/myspainfood.com\/it\/wp-json\/wp\/v2\/media\/50275"}],"wp:attachment":[{"href":"https:\/\/myspainfood.com\/it\/wp-json\/wp\/v2\/media?parent=50550"}],"wp:term":[{"taxonomy":"product_brand","embeddable":true,"href":"https:\/\/myspainfood.com\/it\/wp-json\/wp\/v2\/product_brand?post=50550"},{"taxonomy":"product_cat","embeddable":true,"href":"https:\/\/myspainfood.com\/it\/wp-json\/wp\/v2\/product_cat?post=50550"},{"taxonomy":"product_tag","embeddable":true,"href":"https:\/\/myspainfood.com\/it\/wp-json\/wp\/v2\/product_tag?post=50550"}],"curies":[{"name":"wp","href":"https:\/\/api.w.org\/{rel}","templated":true}]}}