{"id":51371,"date":"2025-05-21T10:50:34","date_gmt":"2025-05-21T08:50:34","guid":{"rendered":"https:\/\/myspainfood.com\/producto\/il-segreto-della-nonna\/"},"modified":"2026-01-29T13:13:56","modified_gmt":"2026-01-29T12:13:56","slug":"il-segreto-della-nonna","status":"publish","type":"product","link":"https:\/\/myspainfood.com\/it\/producto\/il-segreto-della-nonna\/","title":{"rendered":"Il segreto della nonna"},"content":{"rendered":"<p>Olive Secreto de la Abuela \u00e8 una combinazione di olive gordal snocciolate, aglio bianco, capperi e pezzi di melanzana.<\/p>\n<p>Il condimento \u00e8 proprio di <a href=\"https:\/\/aceitunaschiconlebron.com\/\" target=\"_blank\" rel=\"noopener noreferrer nofollow\">Chic\u00f3n<\/a>.<\/p>\n<h3><strong>Benefici delle olive Secreto de la Abuela<\/strong><\/h3>\n<p>Conosceva i benefici di questo tipo di olive e di sottaceti in generale? Ecco un elenco dei pi\u00f9 importanti: <\/p>\n<ul>\n<li>Ricco di probiotici.<\/li>\n<li>Favoriscono la digestione.<\/li>\n<li>Rafforzano il sistema immunitario.<\/li>\n<li>Riducono il desiderio di zucchero.<\/li>\n<li>Favorevole alla cistifellea.<\/li>\n<\/ul>\n<p>&nbsp;<\/p>\n<p>Se desidera acquistare olive o qualsiasi altro tipo di <a href=\"https:\/\/latiendadesami.com\/categoria-producto\/encurtidos\/\" rel=\"noopener noreferrer nofollow\" target=\"_blank\">cibo in salamoia<\/a>, non esiti a dare un&#8217;occhiata al nostro catalogo online per vedere l&#8217;ampia variet\u00e0 di <a href=\"https:\/\/latiendadesami.com\/categoria-producto\/encurtidos\/aceitunas\/\" target=\"_blank\" rel=\"noopener noreferrer nofollow\">olive<\/a> che abbiamo.<\/p>\n","protected":false},"excerpt":{"rendered":"<p>Olive Secreto de la Abuela \u00e8 una combinazione di olive gordal snocciolate, aglio bianco, capperi e pezzi di melanzana. Il condimento \u00e8 proprio di Chic\u00f3n. Benefici delle olive Secreto de la Abuela Conosceva i benefici di questo tipo di olive e di sottaceti in generale? Ecco un elenco dei pi\u00f9 importanti: Ricco di probiotici. Favoriscono [&hellip;]<\/p>\n","protected":false},"featured_media":51210,"template":"","meta":{"_et_pb_use_builder":"","_et_pb_old_content":"","_et_gb_content_width":""},"product_brand":[1036],"product_cat":[1563,1562],"product_tag":[1564,10124],"class_list":{"0":"post-51371","1":"product","2":"type-product","3":"status-publish","4":"has-post-thumbnail","6":"product_brand-chicon","7":"product_cat-olive","8":"product_cat-sottaceti","9":"product_tag-nonna","10":"product_tag-segreto","12":"first","13":"outofstock","14":"taxable","15":"shipping-taxable","16":"product-type-variable"},"_links":{"self":[{"href":"https:\/\/myspainfood.com\/it\/wp-json\/wp\/v2\/product\/51371","targetHints":{"allow":["GET"]}}],"collection":[{"href":"https:\/\/myspainfood.com\/it\/wp-json\/wp\/v2\/product"}],"about":[{"href":"https:\/\/myspainfood.com\/it\/wp-json\/wp\/v2\/types\/product"}],"wp:featuredmedia":[{"embeddable":true,"href":"https:\/\/myspainfood.com\/it\/wp-json\/wp\/v2\/media\/51210"}],"wp:attachment":[{"href":"https:\/\/myspainfood.com\/it\/wp-json\/wp\/v2\/media?parent=51371"}],"wp:term":[{"taxonomy":"product_brand","embeddable":true,"href":"https:\/\/myspainfood.com\/it\/wp-json\/wp\/v2\/product_brand?post=51371"},{"taxonomy":"product_cat","embeddable":true,"href":"https:\/\/myspainfood.com\/it\/wp-json\/wp\/v2\/product_cat?post=51371"},{"taxonomy":"product_tag","embeddable":true,"href":"https:\/\/myspainfood.com\/it\/wp-json\/wp\/v2\/product_tag?post=51371"}],"curies":[{"name":"wp","href":"https:\/\/api.w.org\/{rel}","templated":true}]}}