{"id":57128,"date":"2025-04-10T12:05:35","date_gmt":"2025-04-10T10:05:35","guid":{"rendered":"https:\/\/myspainfood.com\/producto\/auberginefylte-gordal-oliven-45-kg\/"},"modified":"2025-04-10T12:05:35","modified_gmt":"2025-04-10T10:05:35","slug":"auberginefylte-gordal-oliven-45-kg","status":"publish","type":"product","link":"https:\/\/myspainfood.com\/it\/producto\/auberginefylte-gordal-oliven-45-kg\/","title":{"rendered":"Auberginefylte Gordal-oliven 4,5 kg"},"content":{"rendered":"<p>Gordal-oliven fylt med auberginer av sorten gordal fylt med v\u00e5re tradisjonelle <a href=\"https:\/\/www.laencajera.es\/aceitunas\" target=\"_blank\" rel=\"noopener noreferrer nofollow\">Almagro-auberginer<\/a>.<\/p>\n<p>Una delle varianti pi\u00f9 popolari. \u00c8 ideale come aperitivo.   <\/p>\n<p>Ingredienti: NTES: Gordal-oliven med groper, melanzana \u201cDe Almagro\u201d, vann, sale, vineddik, kvernet spisskummen, paprika de la Vera, origano, smaksforsterker (E-621, E-631, E-627), syrningsmiddel (E-330), konserveringsmidler (E-260, E-211, E-202), antioksidant (E-300) e naturlige essenser (essens av pepper, essens av hvitl\u00f8k, essens av spisskummen). Pu\u00f2 essere inneolato.   <\/p>\n<p>Si consiglia di fare un&#8217;immersione in un luogo fresco e asciutto, tra i 3\u00baC e i 10\u00baC.<\/p>\n<p>Un \u201cottima scelta per i clienti e un\u201d ottima qualit\u00e0 di vita.<\/p>\n<p>Il Gordal-oliven \u00e8 a base di melanzane, si consuma in 30 giorni dopo che \u00e8 stato messo in rete.<\/p>\n<p>Se vuole acquistare oliven e altri tipi di <a href=\"https:\/\/latiendadesami.com\/categoria-producto\/encurtidos\/\" rel=\"noopener noreferrer nofollow\" target=\"_blank\">sylteagurk<\/a>, pu\u00f2 fare un salto sul suo catalogo online per vedere il negozio di articoli <a href=\"https:\/\/latiendadesami.com\/categoria-producto\/encurtidos\/berenjenas\/\" target=\"_blank\" rel=\"noopener noreferrer nofollow\">di moda<\/a> che ha.<\/p>\n<p>Merket er La Encajonera, un \u201cazienda familiare nata nel 1990, che si trova all\u201d ingresso di La Mancha, nel quartiere di ALMAGRO, in provincia di Ciudad Real.<\/p>\n<p>Il processo di selezione dei prodotti inizia nello stesso luogo, dove l&#8217;uomo pu\u00f2 scegliere i migliori prodotti di qualit\u00e0.<\/p>\n<p>La fabbrica si basa sulle tecnologie pi\u00f9 avanzate, insieme alle tradizioni e al know-how pi\u00f9 recenti.<\/p>\n","protected":false},"excerpt":{"rendered":"<p>Gordal-oliven fylt med auberginer av sorten gordal fylt med v\u00e5re tradisjonelle Almagro-auberginer. Una delle varianti pi\u00f9 popolari. \u00c8 ideale come aperitivo. Ingredienti: NTES: Gordal-oliven med groper, melanzana \u201cDe Almagro\u201d, vann, sale, vineddik, kvernet spisskummen, paprika de la Vera, origano, smaksforsterker (E-621, E-631, E-627), syrningsmiddel (E-330), konserveringsmidler (E-260, E-211, E-202), antioksidant (E-300) e naturlige essenser (essens [&hellip;]<\/p>\n","protected":false},"featured_media":0,"template":"","meta":{"_et_pb_use_builder":"","_et_pb_old_content":"","_et_gb_content_width":""},"product_brand":[],"product_cat":[15],"product_tag":[],"class_list":{"0":"post-57128","1":"product","2":"type-product","3":"status-publish","5":"product_cat-uncategorized","7":"first","8":"instock","9":"taxable","10":"shipping-taxable","11":"purchasable","12":"product-type-simple"},"_links":{"self":[{"href":"https:\/\/myspainfood.com\/it\/wp-json\/wp\/v2\/product\/57128","targetHints":{"allow":["GET"]}}],"collection":[{"href":"https:\/\/myspainfood.com\/it\/wp-json\/wp\/v2\/product"}],"about":[{"href":"https:\/\/myspainfood.com\/it\/wp-json\/wp\/v2\/types\/product"}],"wp:attachment":[{"href":"https:\/\/myspainfood.com\/it\/wp-json\/wp\/v2\/media?parent=57128"}],"wp:term":[{"taxonomy":"product_brand","embeddable":true,"href":"https:\/\/myspainfood.com\/it\/wp-json\/wp\/v2\/product_brand?post=57128"},{"taxonomy":"product_cat","embeddable":true,"href":"https:\/\/myspainfood.com\/it\/wp-json\/wp\/v2\/product_cat?post=57128"},{"taxonomy":"product_tag","embeddable":true,"href":"https:\/\/myspainfood.com\/it\/wp-json\/wp\/v2\/product_tag?post=57128"}],"curies":[{"name":"wp","href":"https:\/\/api.w.org\/{rel}","templated":true}]}}