{"id":62846,"date":"2025-10-10T12:25:50","date_gmt":"2025-10-10T10:25:50","guid":{"rendered":"https:\/\/myspainfood.com\/producto\/sardinillas-in-olio-doliva-biologico-20-25-pezzi-rias-baixas-115-gr\/"},"modified":"2025-10-10T12:25:50","modified_gmt":"2025-10-10T10:25:50","slug":"sardinillas-in-olio-doliva-biologico-20-25-pezzi-rias-baixas-115-gr","status":"publish","type":"product","link":"https:\/\/myspainfood.com\/it\/producto\/sardinillas-in-olio-doliva-biologico-20-25-pezzi-rias-baixas-115-gr\/","title":{"rendered":"Sardinillas in olio d&#8217;oliva biologico 20\/25 pezzi Rias Baixas 115 gr"},"content":{"rendered":"<p>Le nostre sardine in scatola sono deliziose; con il loro profumo, il sapore intenso, l&#8217;aspetto argenteo e il perfetto posizionamento e presentazione nella lattina. Il punto di partenza \u00e8 sempre la selezione delle sardine migliori, pi\u00f9 fresche e pi\u00f9 piccole dal mercato del pesce (trover\u00e0 tra le 12 e le 16 sardine in ogni lattina). <\/p>\n<p>Nel nostro stabilimento di Moa\u00f1a (Pontevedra), le mani esperte del nostro personale di produzione rimuovono la testa e sventrano ogni pesce uno per uno. Poi vengono arrostiti a vapore e confezionati con cura e precisione, per ottenere l&#8217;aspetto pi\u00f9 attraente possibile quando si apre la lattina. La ciliegina sulla torta \u00e8 l&#8217;aggiunta di <strong>olio extravergine di oliva biologico*.<\/strong> Il risultato \u00e8 spettacolare e ora pu\u00f2 vederlo con i suoi occhi.  <\/p>\n<p>Tenga presente che il tempo di maturazione, che pu\u00f2 durare da alcuni mesi a diversi anni, \u00e8 fondamentale, in quanto il sapore delle sardine migliora man mano che l&#8217;olio penetra nel pesce. Girare regolarmente le lattine assicura un sapore squisito e uniforme che soddisfer\u00e0 i palati pi\u00f9 esigenti. <\/p>\n<p>Negli ultimi anni, le sardine in scatola hanno guadagnato grande fama come alimento dall&#8217;alto valore nutrizionale. Possiamo dire che, dal punto di vista nutrizionale, le sardine si aggiudicano la medaglia d&#8217;oro. Contengono un&#8217;alta concentrazione di vitamina B12, oltre alle vitamine A, D, K ed E. Sono anche un&#8217;importante fonte di proteine, sodio, fosforo, iodio e calcio. E sono ricchi di Omega 3 e acido oleico, cosa si pu\u00f2 chiedere di pi\u00f9?    <\/p>\n","protected":false},"excerpt":{"rendered":"<p>Le nostre sardine in scatola sono deliziose; con il loro profumo, il sapore intenso, l&#8217;aspetto argenteo e il perfetto posizionamento e presentazione nella lattina. Il punto di partenza \u00e8 sempre la selezione delle sardine migliori, pi\u00f9 fresche e pi\u00f9 piccole dal mercato del pesce (trover\u00e0 tra le 12 e le 16 sardine in ogni lattina). [&hellip;]<\/p>\n","protected":false},"featured_media":59420,"template":"","meta":{"_et_pb_use_builder":"","_et_pb_old_content":"","_et_gb_content_width":""},"product_brand":[11014],"product_cat":[1959,11048,3782],"product_tag":[],"class_list":{"0":"post-62846","1":"product","2":"type-product","3":"status-publish","4":"has-post-thumbnail","6":"product_brand-rias-baixas","7":"product_cat-conserve","8":"product_cat-nuovo","9":"product_cat-sardinillas-it","11":"first","12":"instock","13":"featured","14":"taxable","15":"shipping-taxable","16":"purchasable","17":"product-type-variable"},"_links":{"self":[{"href":"https:\/\/myspainfood.com\/it\/wp-json\/wp\/v2\/product\/62846","targetHints":{"allow":["GET"]}}],"collection":[{"href":"https:\/\/myspainfood.com\/it\/wp-json\/wp\/v2\/product"}],"about":[{"href":"https:\/\/myspainfood.com\/it\/wp-json\/wp\/v2\/types\/product"}],"wp:featuredmedia":[{"embeddable":true,"href":"https:\/\/myspainfood.com\/it\/wp-json\/wp\/v2\/media\/59420"}],"wp:attachment":[{"href":"https:\/\/myspainfood.com\/it\/wp-json\/wp\/v2\/media?parent=62846"}],"wp:term":[{"taxonomy":"product_brand","embeddable":true,"href":"https:\/\/myspainfood.com\/it\/wp-json\/wp\/v2\/product_brand?post=62846"},{"taxonomy":"product_cat","embeddable":true,"href":"https:\/\/myspainfood.com\/it\/wp-json\/wp\/v2\/product_cat?post=62846"},{"taxonomy":"product_tag","embeddable":true,"href":"https:\/\/myspainfood.com\/it\/wp-json\/wp\/v2\/product_tag?post=62846"}],"curies":[{"name":"wp","href":"https:\/\/api.w.org\/{rel}","templated":true}]}}