{"id":62924,"date":"2025-10-10T12:25:49","date_gmt":"2025-10-10T10:25:49","guid":{"rendered":"https:\/\/myspainfood.com\/producto\/cozze-in-salsa-marinata-6-8-pezzi-olio-doliva-biologico-rias-baixas-115-g\/"},"modified":"2025-10-10T12:25:49","modified_gmt":"2025-10-10T10:25:49","slug":"cozze-in-salsa-marinata-6-8-pezzi-olio-doliva-biologico-rias-baixas-115-g","status":"publish","type":"product","link":"https:\/\/myspainfood.com\/it\/producto\/cozze-in-salsa-marinata-6-8-pezzi-olio-doliva-biologico-rias-baixas-115-g\/","title":{"rendered":"Cozze in salsa marinata 6\/8 pezzi olio d&#8217;oliva biologico Rias Baixas 115 g"},"content":{"rendered":"<p>La cozza galiziana (mytilus galloprovincialis) \u00e8 gi\u00e0 diventata la specie coltivata pi\u00f9 importante del XXI secolo in Spagna. E ci deve essere qualcosa nelle cozze delle nostre coste, quando venivano gi\u00e0 consumate dagli abitanti di Castros nel IV secolo a.C. e oggi sono necessari pi\u00f9 di 3.000 banchi di cozze per soddisfare la crescente domanda del mercato. <\/p>\n<p>CONSERVAS R\u00cdAS BAIXAS 1907 seleziona le cozze dai banchi di cozze meglio posizionati e aspetta pazientemente il momento giusto per estrarle, quando il mollusco \u00e8 nel suo miglior momento di maturit\u00e0. Preferiamo rompere le scorte piuttosto che offrirle una cozza riprodotta di bassa qualit\u00e0. <\/p>\n<p>Le cozze, dopo essere state lavate e purificate, vengono cotte al vapore e le barbe vengono rimosse delicatamente per non danneggiare le cozze. In seguito, le friggiamo in un buon olio e, dopo aver selezionato le dimensioni giuste, le confezioniamo a mano una per una, in modo che quando aprir\u00e0 la scatola trover\u00e0 una bella vista di uno dei nostri prodotti di punta. <\/p>\n<p>L&#8217;altro segreto che rende le nostre cozze tra le pi\u00f9 apprezzate sul mercato \u00e8 la nostra escabeche, realizzata a mano con una ricetta ereditata da generazioni. Utilizziamo paprika e aceto di vino rosso della migliore qualit\u00e0, olio extravergine di oliva biologico* e completiamo il tutto con foglie di alloro naturale. <\/p>\n<p>E come probabilmente gi\u00e0 sapr\u00e0, le cozze galiziane sono una fonte di proteine di qualit\u00e0 eccellente, con valori nutrizionali simili a quelli dell&#8217;aragosta o del nasello. Ma oltre ad essere ricche di proteine, hanno poche calorie e sono ricche di vitamina A, vitamine del gruppo B, vitamina C, E e K, oltre che di minerali: calcio, rame, fosforo, ferro, magnesio, manganese, potassio, selenio, sodio, iodio e zinco. <\/p>\n","protected":false},"excerpt":{"rendered":"<p>La cozza galiziana (mytilus galloprovincialis) \u00e8 gi\u00e0 diventata la specie coltivata pi\u00f9 importante del XXI secolo in Spagna. E ci deve essere qualcosa nelle cozze delle nostre coste, quando venivano gi\u00e0 consumate dagli abitanti di Castros nel IV secolo a.C. e oggi sono necessari pi\u00f9 di 3.000 banchi di cozze per soddisfare la crescente domanda [&hellip;]<\/p>\n","protected":false},"featured_media":59371,"template":"","meta":{"_et_pb_use_builder":"","_et_pb_old_content":"","_et_gb_content_width":""},"product_brand":[11014],"product_cat":[1959,4060,11048],"product_tag":[],"class_list":{"0":"post-62924","1":"product","2":"type-product","3":"status-publish","4":"has-post-thumbnail","6":"product_brand-rias-baixas","7":"product_cat-conserve","8":"product_cat-cozze-it","9":"product_cat-nuovo","11":"first","12":"instock","13":"taxable","14":"shipping-taxable","15":"purchasable","16":"product-type-variable"},"_links":{"self":[{"href":"https:\/\/myspainfood.com\/it\/wp-json\/wp\/v2\/product\/62924","targetHints":{"allow":["GET"]}}],"collection":[{"href":"https:\/\/myspainfood.com\/it\/wp-json\/wp\/v2\/product"}],"about":[{"href":"https:\/\/myspainfood.com\/it\/wp-json\/wp\/v2\/types\/product"}],"wp:featuredmedia":[{"embeddable":true,"href":"https:\/\/myspainfood.com\/it\/wp-json\/wp\/v2\/media\/59371"}],"wp:attachment":[{"href":"https:\/\/myspainfood.com\/it\/wp-json\/wp\/v2\/media?parent=62924"}],"wp:term":[{"taxonomy":"product_brand","embeddable":true,"href":"https:\/\/myspainfood.com\/it\/wp-json\/wp\/v2\/product_brand?post=62924"},{"taxonomy":"product_cat","embeddable":true,"href":"https:\/\/myspainfood.com\/it\/wp-json\/wp\/v2\/product_cat?post=62924"},{"taxonomy":"product_tag","embeddable":true,"href":"https:\/\/myspainfood.com\/it\/wp-json\/wp\/v2\/product_tag?post=62924"}],"curies":[{"name":"wp","href":"https:\/\/api.w.org\/{rel}","templated":true}]}}