{"id":62972,"date":"2025-10-10T12:25:49","date_gmt":"2025-10-10T10:25:49","guid":{"rendered":"https:\/\/myspainfood.com\/producto\/vongole-rasoio-di-finisterre-in-rias-baixas-olio-doliva-biologico-115-g\/"},"modified":"2025-10-10T12:25:49","modified_gmt":"2025-10-10T10:25:49","slug":"vongole-rasoio-di-finisterre-in-rias-baixas-olio-doliva-biologico-115-g","status":"publish","type":"product","link":"https:\/\/myspainfood.com\/it\/producto\/vongole-rasoio-di-finisterre-in-rias-baixas-olio-doliva-biologico-115-g\/","title":{"rendered":"Vongole rasoio di Finisterre in Rias Baixas olio d&#8217;oliva biologico 115 g"},"content":{"rendered":"<p>I cannolicchi vengono estratti in molti luoghi delle nostre bellissime R\u00edas, ma tra tutti ce n&#8217;\u00e8 uno dove i cannolicchi e le longueirones raggiungono la massima qualit\u00e0: Finisterre (Fisterra). E poich\u00e9 non potrebbe essere altrimenti, noi di CONSERVAS R\u00cdAS BAIXAS 1907 acquistiamo solo i cannolicchi provenienti da queste spiagge paradisiache e solo quelli che vengono pescati uno per uno da sommozzatori liberi per garantire la conservazione dell&#8217;ambiente naturale, affinch\u00e9 anche le generazioni future possano godere di questa prelibatezza. <\/p>\n<p>Il rasoio fresco viene purificato in acqua salata per espellere ogni residuo di sabbia e poi confezionato con cura nei nostri stabilimenti di Moa\u00f1a.<\/p>\n<p>E sebbene i cannolicchi di Finisterre siano una prelibatezza in s\u00e9, abbiamo scelto di presentarli in olio extravergine di oliva biologico*. Il risultato \u00e8 spettacolare e la invitiamo a provarlo. <\/p>\n<p>Inoltre, le vongole sono molto povere di calorie e di lipidi. D&#8217;altra parte, le vongole sono ricche di acidi grassi polinsaturi OMEGA 3, motivo per cui il loro consumo \u00e8 altamente raccomandato. <\/p>\n","protected":false},"excerpt":{"rendered":"<p>I cannolicchi vengono estratti in molti luoghi delle nostre bellissime R\u00edas, ma tra tutti ce n&#8217;\u00e8 uno dove i cannolicchi e le longueirones raggiungono la massima qualit\u00e0: Finisterre (Fisterra). E poich\u00e9 non potrebbe essere altrimenti, noi di CONSERVAS R\u00cdAS BAIXAS 1907 acquistiamo solo i cannolicchi provenienti da queste spiagge paradisiache e solo quelli che vengono [&hellip;]<\/p>\n","protected":false},"featured_media":59298,"template":"","meta":{"_et_pb_use_builder":"","_et_pb_old_content":"","_et_gb_content_width":""},"product_brand":[11014],"product_cat":[1959,11048,7587],"product_tag":[],"class_list":{"0":"post-62972","1":"product","2":"type-product","3":"status-publish","4":"has-post-thumbnail","6":"product_brand-rias-baixas","7":"product_cat-conserve","8":"product_cat-nuovo","9":"product_cat-rasoi","11":"first","12":"instock","13":"taxable","14":"shipping-taxable","15":"purchasable","16":"product-type-variable"},"_links":{"self":[{"href":"https:\/\/myspainfood.com\/it\/wp-json\/wp\/v2\/product\/62972","targetHints":{"allow":["GET"]}}],"collection":[{"href":"https:\/\/myspainfood.com\/it\/wp-json\/wp\/v2\/product"}],"about":[{"href":"https:\/\/myspainfood.com\/it\/wp-json\/wp\/v2\/types\/product"}],"wp:featuredmedia":[{"embeddable":true,"href":"https:\/\/myspainfood.com\/it\/wp-json\/wp\/v2\/media\/59298"}],"wp:attachment":[{"href":"https:\/\/myspainfood.com\/it\/wp-json\/wp\/v2\/media?parent=62972"}],"wp:term":[{"taxonomy":"product_brand","embeddable":true,"href":"https:\/\/myspainfood.com\/it\/wp-json\/wp\/v2\/product_brand?post=62972"},{"taxonomy":"product_cat","embeddable":true,"href":"https:\/\/myspainfood.com\/it\/wp-json\/wp\/v2\/product_cat?post=62972"},{"taxonomy":"product_tag","embeddable":true,"href":"https:\/\/myspainfood.com\/it\/wp-json\/wp\/v2\/product_tag?post=62972"}],"curies":[{"name":"wp","href":"https:\/\/api.w.org\/{rel}","templated":true}]}}