{"id":63129,"date":"2025-10-10T12:25:49","date_gmt":"2025-10-10T10:25:49","guid":{"rendered":"https:\/\/myspainfood.com\/producto\/baby-anguille-in-olio-doliva-biologico-rias-baixas-110-g\/"},"modified":"2026-01-29T11:12:13","modified_gmt":"2026-01-29T10:12:13","slug":"baby-anguille-in-olio-doliva-biologico-rias-baixas-110-g","status":"publish","type":"product","link":"https:\/\/myspainfood.com\/it\/producto\/baby-anguille-in-olio-doliva-biologico-rias-baixas-110-g\/","title":{"rendered":"Baby anguille in olio d&#8217;oliva biologico Rias Baixas 110 g"},"content":{"rendered":"<p>Come probabilmente sapr\u00e0, l&#8217;anguilla di vetro \u00e8 l&#8217;avannotto dell&#8217;anguilla. La loro avventura inizia nel Mar dei Sargassi, nel mezzo dei Caraibi, dove le anguille si riproducono e covano le uova, che per i tre anni successivi si muoveranno lungo la Corrente del Golfo fino a raggiungere i fiumi europei. Le anguille cieche si riuniscono in grandi masse alle foci dei fiumi e risalgono la corrente fino a diventare adulte. La cosa pi\u00f9 curiosa \u00e8 che ogni anguilla arriva nello stesso fiume da cui sono emersi i suoi genitori. Quando viene catturato, ogni individuo pesa solitamente 1 g. e misura poco meno di 8 cm.     <\/p>\n<p>Va da s\u00e9 che un pesce cos\u00ec fragile e prezioso viene trattato con la massima cura e delicatezza nel trasporto allo stabilimento, nel processo di cottura e nell&#8217;inscatolamento. Lo presentiamo seguendo la ricetta tradizionale di questa prelibatezza, con un generoso tocco piccante fornito da un peperoncino naturale e bagnato da olio extravergine di oliva biologico*. <\/p>\n<p>Oltre al suo sapore, che per molti esperti \u00e8 imbattibile, l&#8217;alice \u00e8 un prodotto con un valore nutrizionale molto elevato. Infatti, \u00e8 il pesce grasso pi\u00f9 grasso che si conosca e ha una grande quantit\u00e0 di proteine (16,3 g. per 100 g.). Fornisce anche quantit\u00e0 interessanti di alcuni minerali come il fosforo e il potassio, favorendo la nostra salute renale e il sistema nervoso. Ma la caratteristica pi\u00f9 notevole \u00e8 l&#8217;altissima percentuale di vitamina A, che ha tra le sue virt\u00f9 quella di favorire la salute degli occhi e della vista.   <\/p>\n","protected":false},"excerpt":{"rendered":"<p>Come probabilmente sapr\u00e0, l&#8217;anguilla di vetro \u00e8 l&#8217;avannotto dell&#8217;anguilla. La loro avventura inizia nel Mar dei Sargassi, nel mezzo dei Caraibi, dove le anguille si riproducono e covano le uova, che per i tre anni successivi si muoveranno lungo la Corrente del Golfo fino a raggiungere i fiumi europei. Le anguille cieche si riuniscono in [&hellip;]<\/p>\n","protected":false},"featured_media":59152,"template":"","meta":{"_et_pb_use_builder":"","_et_pb_old_content":"","_et_gb_content_width":""},"product_brand":[11014],"product_cat":[1959,11048],"product_tag":[],"class_list":{"0":"post-63129","1":"product","2":"type-product","3":"status-publish","4":"has-post-thumbnail","6":"product_brand-rias-baixas","7":"product_cat-conserve","8":"product_cat-nuovo","10":"first","11":"instock","12":"taxable","13":"shipping-taxable","14":"purchasable","15":"product-type-variable"},"_links":{"self":[{"href":"https:\/\/myspainfood.com\/it\/wp-json\/wp\/v2\/product\/63129","targetHints":{"allow":["GET"]}}],"collection":[{"href":"https:\/\/myspainfood.com\/it\/wp-json\/wp\/v2\/product"}],"about":[{"href":"https:\/\/myspainfood.com\/it\/wp-json\/wp\/v2\/types\/product"}],"wp:featuredmedia":[{"embeddable":true,"href":"https:\/\/myspainfood.com\/it\/wp-json\/wp\/v2\/media\/59152"}],"wp:attachment":[{"href":"https:\/\/myspainfood.com\/it\/wp-json\/wp\/v2\/media?parent=63129"}],"wp:term":[{"taxonomy":"product_brand","embeddable":true,"href":"https:\/\/myspainfood.com\/it\/wp-json\/wp\/v2\/product_brand?post=63129"},{"taxonomy":"product_cat","embeddable":true,"href":"https:\/\/myspainfood.com\/it\/wp-json\/wp\/v2\/product_cat?post=63129"},{"taxonomy":"product_tag","embeddable":true,"href":"https:\/\/myspainfood.com\/it\/wp-json\/wp\/v2\/product_tag?post=63129"}],"curies":[{"name":"wp","href":"https:\/\/api.w.org\/{rel}","templated":true}]}}