{"id":18505,"date":"2025-04-08T08:43:07","date_gmt":"2025-04-08T06:43:07","guid":{"rendered":"https:\/\/myspainfood.com\/privatumo-politika\/"},"modified":"2025-05-08T09:59:13","modified_gmt":"2025-05-08T07:59:13","slug":"privatumo-politika","status":"publish","type":"page","link":"https:\/\/myspainfood.com\/lt\/privatumo-politika\/","title":{"rendered":"Privatumo politika"},"content":{"rendered":"\n<p>Sveiki atvyk\u0119 \u012f https:\/\/myspainfood.com (toliau - Svetain\u0117). Suprantame, kad m\u016bs\u0173 Svetain\u0117s naudotojams svarbus privatumas internete, ypa\u010d sudarant verslo sandorius. \u0160is parei\u0161kimas reglamentuoja m\u016bs\u0173 privatumo politik\u0105, taikom\u0105 tiems Svetain\u0117s naudotojams (toliau - Lankytojai), kurie lankosi Svetain\u0117je nesudarydami verslo sandori\u0173, ir Lankytojams, kurie u\u017esiregistruoja sudaryti verslo sandorius Svetain\u0117je ir naudojasi \u012fvairiomis SUMINISTROS HOSTELEROS, S. L. si\u016blomomis paslaugomis (toliau kartu - Paslaugos) (toliau - \u012egaliotieji klientai).  <\/p>\n\n<p><strong>&#8222;Asmen\u012f identifikuojanti informacija<\/strong><\/p>\n\n<p>tai bet kokia informacija, pagal kuri\u0105 galima identifikuoti asmen\u012f, su kuriuo tokia informacija susijusi, arba kuri gali b\u016bti panaudota siekiant nustatyti jo tapatyb\u0119, susisiekti su juo arba surasti jo buvimo viet\u0105, \u012fskaitant, bet neapsiribojant, vard\u0105 ir pavard\u0119, adres\u0105, telefono numer\u012f, fakso numer\u012f, el. pa\u0161to adres\u0105, finansinius profilius, socialinio draudimo numer\u012f ir kredito kortel\u0117s informacij\u0105. Asmen\u012f identifikuojanti informacija neapima informacijos, kuri renkama anonimi\u0161kai (t. y. neidentifikuojant konkretaus naudotojo), arba demografin\u0117s informacijos, nesusijusios su identifikuotu asmeniu. <\/p>\n\n<p><strong>Kokie asmens duomenys renkami?<\/strong><\/p>\n\n<p>Galime rinkti pagrindin\u0119 naudotojo profilio informacij\u0105 i\u0161 vis\u0173 savo lankytoj\u0173. I\u0161 \u012egaliot\u0173j\u0173 klient\u0173 renkame \u0161i\u0105 papildom\u0105 informacij\u0105: \u012egaliot\u0173j\u0173 klient\u0173 vardus, pavardes, adresus, telefono numerius ir el. pa\u0161to adresus, verslo pob\u016bd\u012f ir dyd\u012f, reklamos inventoriaus, kur\u012f \u012egaliotasis klientas ketina pirkti arba parduoti, pob\u016bd\u012f ir dyd\u012f. <\/p>\n\n<p><strong>Kurios organizacijos renka informacij\u0105?<\/strong><\/p>\n\n<p>Be m\u016bs\u0173 tiesiogiai renkamos informacijos, \u0161i\u0105 informacij\u0105 i\u0161 Lankytoj\u0173 ir \u012egaliot\u0173j\u0173 klient\u0173 gali rinkti ir m\u016bs\u0173 tre\u010di\u0173j\u0173 \u0161ali\u0173 paslaug\u0173 teik\u0117jai (pvz., kredito korteli\u0173 bendrov\u0117s, kliringo namai ir bankai), kurie gali teikti tokias paslaugas kaip kredit\u0173, draudimo ir depozitin\u0117s paslaugos. Mes nekontroliuojame, kaip \u0161ios tre\u010diosios \u0161alys naudoja toki\u0105 informacij\u0105, ta\u010diau pra\u0161ome j\u0173 atskleisti, kaip jos naudoja Lankytoj\u0173 ir \u012egaliot\u0173j\u0173 klient\u0173 joms pateikt\u0105 asmenin\u0119 informacij\u0105. Kai kurios i\u0161 \u0161i\u0173 tre\u010di\u0173j\u0173 \u0161ali\u0173 gali b\u016bti tarpininkai, kurie veikia tik kaip platinimo grandin\u0117s grandys ir nesaugo, nelaiko ir nenaudoja jiems pateiktos informacijos.  <\/p>\n\n<p><strong>Kaip svetain\u0117je naudojama asmen\u012f identifikuojanti informacija?<\/strong><\/p>\n\n<p>Asmens duomenis naudojame siekdami suasmeninti Svetain\u0119, teikti atitinkamas paslaugas ir vykdyti pra\u0161ymus pirkti ir parduoti Svetain\u0117je. Lankytojams ir \u012egaliotiesiems klientams galime si\u0173sti el. lai\u0161kus apie tyrim\u0173 arba pirkimo ir pardavimo galimybes Svetain\u0117je arba informacij\u0105, susijusi\u0105 su Svetain\u0117s tema. Mes taip pat galime naudoti Asmens duomenis susisiekti su Lankytojais ir \u012egaliotaisiais klientais, atsakydami \u012f konkre\u010dias u\u017eklausas arba nor\u0117dami pateikti pra\u0161om\u0105 informacij\u0105.  <\/p>\n\n<p><strong>Su kuo galima dalytis informacija?<\/strong><\/p>\n\n<p>\u012egaliot\u0173j\u0173 klient\u0173 asmens duomenimis gali b\u016bti dalijamasi su kitais \u012egaliotaisiais klientais, kurie nori \u012fvertinti galimus sandorius su kitais \u012egaliotaisiais klientais. Apibendrinta informacija apie savo lankytojus, \u012fskaitant lankytoj\u0173 ir \u012fgaliot\u0173j\u0173 klient\u0173 demografinius duomenis, galime dalytis su savo susijusiomis agent\u016bromis ir tre\u010di\u0173j\u0173 \u0161ali\u0173 pardav\u0117jais. Taip pat suteikiame galimyb\u0119 &#8222;atsisakyti&#8221; gauti informacij\u0105 arba su mumis ar bet kuria m\u016bs\u0173 vardu veikian\u010dia agent\u016bra susisiekti.  <\/p>\n\n<p><strong>Kaip saugoma asmen\u012f identifikuojanti informacija?<\/strong><\/p>\n\n<p>SUMINISTROS HOSTELEROS, S. L. surinkta asmen\u012f identifikuojanti informacija saugoma saugiai ir n\u0117ra prieinama tre\u010diosioms \u0161alims ar SUMINISTROS HOSTELEROS, S. L. darbuotojams, i\u0161skyrus pirmiau nurodytus atvejus.<\/p>\n\n<p><strong>Kokias pasirinkimo galimybes lankytojai turi rinkdami, naudodami ir platindami informacij\u0105?<\/strong><\/p>\n\n<p>Lankytojai ir \u012fgalioti klientai gali atsisakyti gauti nepageidaujam\u0105 informacij\u0105 arba m\u016bs\u0173 ir (arba) m\u016bs\u0173 tiek\u0117j\u0173 ir susijusi\u0173 agent\u016br\u0173 kontakt\u0173, atsakydami \u012f el. lai\u0161kus, kaip nurodyta, arba susisiek\u0119 su mumis adresu<\/p>\n\n<p><strong>Ar svetain\u0117je naudojami slapukai?<\/strong><\/p>\n\n<p>Slapukai naudojami d\u0117l \u012fvairi\u0173 prie\u017eas\u010di\u0173. Slapukus naudojame informacijai apie lankytoj\u0173 pageidavimus ir j\u0173 pasirinktas paslaugas gauti. Slapukus taip pat naudojame saugumo tikslais, kad apsaugotume savo \u012egaliotuosius klientus. Pavyzd\u017eiui, jei \u012egaliotasis klientas yra prisijung\u0119s prie svetain\u0117s ir ja nesinaudoja ilgiau nei 10 minu\u010di\u0173, mes automati\u0161kai j\u012f i\u0161registruosime.   <\/p>\n\n<p><strong>Kaip &#8222;SUMINISTROS HOSTELEROS, S. L.&#8221; naudoja prieigos duomenis?<\/strong><\/p>\n\n<p>SUMINISTROS HOSTELEROS, S. L. naudoja prieigos informacij\u0105, \u012fskaitant, bet neapsiribojant, IP adresus, interneto paslaug\u0173 teik\u0117jus ir nar\u0161ykl\u0117s tipus, kad analizuot\u0173 tendencijas, administruot\u0173 Svetain\u0119, sekt\u0173 naudotojo jud\u0117jim\u0105 ir naudojim\u0105 bei rinkt\u0173 pla\u010di\u0105 demografin\u0119 informacij\u0105.<\/p>\n\n<p><strong>Kurie partneriai ar paslaug\u0173 teik\u0117jai turi prieig\u0105 prie Lankytoj\u0173 ir (arba) \u012egaliot\u0173j\u0173 klient\u0173 asmenin\u0117s informacijos Svetain\u0117je?<\/strong><\/p>\n\n<p>&#8222;SUMINISTROS HOSTELEROS, S. L.&#8221; yra sudariusi ir toliau sudarys bendradarbiavimo sutartis ir kitus susitarimus su \u012fvairiais tiek\u0117jais, kurie gali tur\u0117ti prieig\u0105 prie tam tikr\u0173 asmens duomen\u0173, kad gal\u0117t\u0173 \u012fvertinti \u012egaliot\u0173j\u0173 klient\u0173 tinkamum\u0105 paslaugai. M\u016bs\u0173 privatumo politika neapima \u0161ios informacijos rinkimo ar naudojimo. Asmens duomen\u0173 atskleidimas siekiant laikytis \u012fstatym\u0173. Atskleisime asmen\u012f identifikuojan\u010di\u0105 informacij\u0105, kad \u012fvykdytume teismo nutart\u012f, teismo \u0161aukim\u0105 arba teis\u0117saugos institucijos pra\u0161ym\u0105 atskleisti informacij\u0105. Taip pat atskleisime asmen\u012f identifikuojan\u010di\u0105 informacij\u0105, kai tai pagr\u012fstai b\u016btina siekiant apsaugoti m\u016bs\u0173 lankytoj\u0173 ir \u012fgaliot\u0173 klient\u0173 saug\u0105 ir saugum\u0105.    <\/p>\n\n<p><strong>Kaip svetain\u0117 saugo asmenin\u0119 informacij\u0105?<\/strong><\/p>\n\n<p>Visi m\u016bs\u0173 darbuotojai yra susipa\u017ein\u0119 su m\u016bs\u0173 saugumo politika ir praktika. M\u016bs\u0173 lankytoj\u0173 ir \u012fgaliot\u0173 klient\u0173 asmenin\u0117 informacija prieinama tik ribotam skai\u010diui kvalifikuot\u0173 darbuotoj\u0173, kuriems suteiktas prieigos prie informacijos slapta\u017eodis. Reguliariai atliekame savo saugumo sistem\u0173 ir proces\u0173 audit\u0105. Jautri informacija, pavyzd\u017eiui, kredito korteli\u0173 ar socialinio draudimo numeriai, saugoma \u0161ifravimo protokolais, sukurtais internetu siun\u010diamai informacijai apsaugoti. Nors imam\u0117s komerci\u0161kai pagr\u012fst\u0173 priemoni\u0173 saugiai svetainei palaikyti, elektroniniai ry\u0161iai ir duomen\u0173 baz\u0117s gali b\u016bti klaidingi, suklastoti ir \u012fsilau\u017eti, tod\u0117l negalime garantuoti ar u\u017etikrinti, kad toki\u0173 \u012fvyki\u0173 ne\u012fvyks, ir neb\u016bsime atsakingi Lankytojams ar \u012egaliotiesiems klientams u\u017e tokius \u012fvykius.    <\/p>\n\n<p><strong>Kaip lankytojai gali i\u0161taisyti netikslumus asmen\u012f identifikuojan\u010dioje informacijoje?<\/strong><\/p>\n\n<p>Lankytojai ir \u012fgalioti klientai gali susisiekti su mumis, kad atnaujint\u0173 savo asmens duomenis arba i\u0161taisyt\u0173 bet kokius netikslumus, ra\u0161ydami mums el. pa\u0161tu hola@myspainfood.com.<\/p>\n\n<p><strong>Ar lankytojas gali i\u0161trinti arba i\u0161jungti svetain\u0117je surinkt\u0105 asmenin\u0119 informacij\u0105?<\/strong><\/p>\n\n<p>Lankytojams ir \u012egaliotiesiems klientams suteikiame mechanizm\u0105, kaip i\u0161 Svetain\u0117s duomen\u0173 baz\u0117s pa\u0161alinti\/deaktyvuoti asmen\u012f identifikuojan\u010di\u0105 informacij\u0105, susisiekus su . Ta\u010diau d\u0117l atsargini\u0173 kopij\u0173 ir \u012fra\u0161\u0173 apie i\u0161trynimus gali b\u016bti ne\u012fmanoma i\u0161trinti Lankytojo \u012fra\u0161o nei\u0161saugant tam tikros likusios informacijos. Jei asmuo papra\u0161o deaktyvuoti savo Asmens tapatyb\u0119 identifikuojan\u010di\u0105 informacij\u0105, ji bus funkci\u0161kai i\u0161trinta, o mes neparduosime, neperduosime ir ateityje jokiu b\u016bdu nenaudosime su tuo asmeniu susijusios Asmens tapatyb\u0119 identifikuojan\u010dios informacijos.  <\/p>\n\n<p><strong>Kas atsitinka, jei privatumo politika pasikei\u010dia?<\/strong><\/p>\n\n<p>Savo Lankytojus ir \u012egaliotuosius klientus informuosime apie privatumo politikos pakeitimus paskelbdami juos Svetain\u0117je. Ta\u010diau, jei pakeisime savo privatumo politik\u0105 taip, kad gali b\u016bti atskleista asmen\u012f identifikuojanti informacija, kurios Lankytojas ar \u012egaliotasis klientas anks\u010diau pra\u0161\u0117 neatskleisti, susisieksime su tokiu Lankytoju ar \u012egaliotuoju klientu, kad Lankytojas ar \u012egaliotasis klientas gal\u0117t\u0173 u\u017ekirsti keli\u0105 tokiam atskleidimui. <\/p>\n\n<p><strong>Gr\u0105\u017einimo politika?<\/strong><\/p>\n\n<p>Toliau nurodytos m\u016bs\u0173 produkt\u0173 gr\u0105\u017einimo s\u0105lygos netaikomos, kai naudojamasi teise atsisakyti sutarties. Gaminiai gr\u0105\u017einami arba kei\u010diami tik tuo atveju, jei yra gamybos defekt\u0173, transporto pa\u017eeidim\u0173 arba pristatymo klaid\u0173. Bet kuriuo atveju nuo gaminio gavimo turi b\u016bti pra\u0117j\u0119 ne daugiau kaip 14 dien\u0173, taip pat turi b\u016bti prid\u0117ta pakuot\u0117 ir priedai. Prie\u0161 tai turi b\u016bti patikrinta, ar tai yra gamybos arba pakuot\u0117s defektas ar anomalija, o ne d\u0117l netinkamo ar neatsargaus naudojimo, tvarkymo ar laikymo. Prie j\u0173 visada turi b\u016bti pridedamas atitinkamas va\u017etara\u0161tis arba s\u0105skaita fakt\u016bra. Tiek gr\u0105\u017einimo d\u0117l gamybos ar pakuot\u0117s defekto, tiek u\u017esakymo klaidos atveju KLIENTUI bus pasi\u016blyta, jei \u012fmanoma, pakeisti j\u012f kitu alternatyviu gaminiu be joki\u0173 papildom\u0173 i\u0161laid\u0173 ir be jokios KLIENTO teis\u0117s \u012f bet koki\u0105 kompensacij\u0105. MySpainFood atsako u\u017e i\u0161laidas, patirtas siun\u010diant u\u017esakym\u0105. Bet kokiu atveju gr\u0105\u017einimas visada priklauso nuo to, ar &#8222;MySpainFood&#8221; i\u0161 anksto patikrina gr\u0105\u017einamo produkto b\u016bkl\u0119 ir ar laikomasi \u0161i\u0173 pardavimo s\u0105lyg\u0173 reikalavim\u0173. Gav\u0119 gr\u0105\u017einam\u0105 prek\u0119 ir jei taikoma, gr\u0105\u017einsime sumok\u0117t\u0105 sum\u0105 ne v\u0117liau kaip per 30 dien\u0173 ir tomis pa\u010diomis s\u0105lygomis, kurios buvo taikomos atliekant mok\u0117jim\u0105. MySpainFood pasilieka teis\u0119 atsisakyti gr\u0105\u017einti prekes, apie kurias buvo prane\u0161ta arba kurios buvo i\u0161si\u0173stos pasibaigus nustatytam terminui, arba prekes, kurios n\u0117ra tokios pat b\u016bkl\u0117s, kokios buvo gautos. Gr\u0105\u017einimai tvarkomi siun\u010diant el. lai\u0161k\u0105 adresu info@latiendadesami.com, kuriame apra\u0161omos gr\u0105\u017einimo prie\u017eastys ir nurodomos gr\u0105\u017einimo prie\u017eastys. Taip pat reik\u0117s nurodyti vard\u0105 ir pavard\u0119 bei u\u017esakymo nuorodos numer\u012f. Gav\u0119 pra\u0161ym\u0105, j\u012f i\u0161nagrin\u0117sime laiku.            <\/p>\n\n<p><strong>Nuorodos:<\/strong><\/p>\n\n<p>https:\/\/myspainfood.com yra nuorod\u0173 \u012f kitas svetaines. Atkreipkite d\u0117mes\u012f, kad paspaud\u0119 vien\u0105 i\u0161 \u0161i\u0173 nuorod\u0173, pateksite \u012f kit\u0105 svetain\u0119. Raginame perskaityti \u0161i\u0173 svetaini\u0173, \u012f kurias pateikiamos nuorodos, privatumo parei\u0161kimus, nes j\u0173 privatumo politika gali skirtis nuo m\u016bs\u0173 privatumo politikos.  <\/p>\n","protected":false},"excerpt":{"rendered":"<p>Sveiki atvyk\u0119 \u012f https:\/\/myspainfood.com (toliau - Svetain\u0117). Suprantame, kad m\u016bs\u0173 Svetain\u0117s naudotojams svarbus privatumas internete, ypa\u010d sudarant verslo sandorius. \u0160is parei\u0161kimas reglamentuoja m\u016bs\u0173 privatumo politik\u0105, taikom\u0105 tiems Svetain\u0117s naudotojams (toliau - Lankytojai), kurie lankosi Svetain\u0117je nesudarydami verslo sandori\u0173, ir Lankytojams, kurie u\u017esiregistruoja sudaryti verslo sandorius Svetain\u0117je ir naudojasi \u012fvairiomis SUMINISTROS HOSTELEROS, S. L. si\u016blomomis paslaugomis [&hellip;]<\/p>\n","protected":false},"author":1,"featured_media":0,"parent":0,"menu_order":0,"comment_status":"closed","ping_status":"closed","template":"","meta":{"_et_pb_use_builder":"","_et_pb_old_content":"","_et_gb_content_width":"","footnotes":""},"class_list":["post-18505","page","type-page","status-publish","hentry"],"_links":{"self":[{"href":"https:\/\/myspainfood.com\/lt\/wp-json\/wp\/v2\/pages\/18505","targetHints":{"allow":["GET"]}}],"collection":[{"href":"https:\/\/myspainfood.com\/lt\/wp-json\/wp\/v2\/pages"}],"about":[{"href":"https:\/\/myspainfood.com\/lt\/wp-json\/wp\/v2\/types\/page"}],"author":[{"embeddable":true,"href":"https:\/\/myspainfood.com\/lt\/wp-json\/wp\/v2\/users\/1"}],"replies":[{"embeddable":true,"href":"https:\/\/myspainfood.com\/lt\/wp-json\/wp\/v2\/comments?post=18505"}],"version-history":[{"count":1,"href":"https:\/\/myspainfood.com\/lt\/wp-json\/wp\/v2\/pages\/18505\/revisions"}],"predecessor-version":[{"id":18506,"href":"https:\/\/myspainfood.com\/lt\/wp-json\/wp\/v2\/pages\/18505\/revisions\/18506"}],"wp:attachment":[{"href":"https:\/\/myspainfood.com\/lt\/wp-json\/wp\/v2\/media?parent=18505"}],"curies":[{"name":"wp","href":"https:\/\/api.w.org\/{rel}","templated":true}]}}