{"id":18586,"date":"2025-04-10T15:12:12","date_gmt":"2025-04-10T13:12:12","guid":{"rendered":"https:\/\/myspainfood.com\/pirkimas-grazinimas-ir-pristatymas\/"},"modified":"2025-05-08T09:59:50","modified_gmt":"2025-05-08T07:59:50","slug":"pirkimas-grazinimas-ir-pristatymas","status":"publish","type":"page","link":"https:\/\/myspainfood.com\/lt\/pirkimas-grazinimas-ir-pristatymas\/","title":{"rendered":"Pirkimas, gr\u0105\u017einimas ir pristatymas"},"content":{"rendered":"\n<p>\u0160i sutartis reglamentuoja bendr\u0105sias \u012fvairi\u0173 produkt\u0173 ir paslaug\u0173, kurias \u0161ioje svetain\u0117je si\u016blo SAMI SUMINISTROS HOSTELEROS, S. L. (toliau - MY SPAIN FOOD), NIF B84614064, adresas c\/ Luis i 60, sotano, nave 27. 28031 Madridas, Ispanija, pirkimo s\u0105lygas. Madridas, Ispanija.<br\/>Kai KLIENTAS u\u017ebaigia registracijos proces\u0105 ir \u012fsigyja bet kur\u012f i\u0161 m\u016bs\u0173 produkt\u0173, jis ai\u0161kiai sutinka su toliau nurodytomis nuostatomis, taip pat su m\u016bs\u0173 svetain\u0117s prieigos ir naudojimo s\u0105lygomis bei jos privatumo politika, kuri\u0105 galima rasti paspaudus nuorod\u0105 Privatumo politika.<br\/>KLIENTAS patvirtina turintis pakankam\u0105 teisnum\u0105 ir veiksnum\u0105, kad gal\u0117t\u0173 prisiimti sutartinius \u012fsipareigojimus.<br\/>Su \u0161ia sutartimi nuolat galima susipa\u017einti m\u016bs\u0173 svetain\u0117s teisiniuose prane\u0161imuose.  <\/p>\n\n<p>KAINOS IR TAISYKL\u0116S<br\/>U\u017e \u012fsigyt\u0105 produkt\u0105 KLIENTAS ai\u0161kiai sutinka mok\u0117ti &#8222;MY SPAIN FOOD&#8221; sumas, kurios pirkimo metu nurodytos https:\/\/www.myspainfood.es svetain\u0117je pateiktame pasirinkt\u0173 produkt\u0173 kainora\u0161tyje.<br\/>\u0160ioje svetain\u0117je si\u016blomiems produktams taikomas nacionalinis vartojimo mokestis, kuris \u012eSKAI\u010cIUOTAS \u012f kiekvieno produkto kain\u0105.<br\/>Transporto i\u0161laidos N\u0116RA \u012fskai\u010diuotos \u012f produkt\u0173 kain\u0105.<br\/>Atlikus produkt\u0173 pasirinkim\u0105 ir prie\u0161 patvirtinant u\u017esakym\u0105 bei prie\u0161 pradedant u\u017e j\u012f mok\u0117ti, ekrane bus rodoma galutin\u0117 pirkimo kaina, \u012f kuri\u0105 bus \u012fskai\u010diuoti mokes\u010diai, tvarkymo, pakavimo ir siuntimo i\u0161laidos, kurios, jei taikoma, atsispind\u0117s u\u017esakymo formoje pirkimo metu ir s\u0105skaitoje fakt\u016broje.<br\/>\u012e apra\u0161ym\u0105 ne\u012ftraukta viskas, kas nenurodyta kaip \u012ftraukta.<\/p>\n\n<p>2. PIRKIMO TVARKA<br\/>U\u017esakymus \u0161ioje svetain\u0117je gali pateikti tik vyresni nei 14 met\u0173 (be alkoholio) ir vyresni nei 18 met\u0173 (su alkoholiu) asmenys bei \u012fmon\u0117s.<br\/>Visi m\u016bs\u0173 produktai svetain\u0117je i\u0161vardyti atskirai. Pirkimo atlikimo ir valdymo tvarka nurodyta svetain\u0117je ir reik\u0117t\u0173 atlikti \u0161iuos veiksmus:<br\/>a. Pasirinkite norim\u0105 \u012fsigyti gamin\u012f.<br\/>b. Pasirink\u0119 gamin\u012f, galite j\u012f \u012ftraukti \u012f pirkini\u0173 krep\u0161el\u012f ir pasirinkti, ar norite t\u0119sti apsipirkim\u0105, ar apdoroti u\u017esakym\u0105.<br\/>c. Nor\u0117dami apdoroti u\u017esakym\u0105, turite u\u017epildyti form\u0105 su savo asmeniniais duomenimis, kad \u012fformintum\u0117te pirkimo proced\u016br\u0105.<br\/>d. Tada bus patikrintas u\u017esakymas, kuriame pasirinktos prek\u0117s bus detaliai apra\u0161ytos viena po kitos ir apskai\u010diuota bendra kaina.<br\/>e. Taip pat reik\u0117s nurodyti pirkimo s\u0105skaitos i\u0161ra\u0161ymo ir pristatymo adresus. Galite nurodyti vien\u0105 adres\u0105 s\u0105skaitoms i\u0161ra\u0161yti ir pristatyti.<br\/>f. U\u017ebaig\u0119 proces\u0105, tur\u0117site pa\u017eym\u0117ti langel\u012f, kad patvirtintum\u0117te, jog perskait\u0117te ir sutikote su pardavimo s\u0105lygomis.<br\/>g. Svetain\u0117je bus pateikti mok\u0117jimo mechanizmai, priklausomai nuo kiekvienu atveju pasirinktos sistemos.<br\/>h. \u012eved\u0119 mok\u0117jimo duomenis, turite patvirtinti u\u017esakym\u0105 paspausdami mygtuk\u0105 &#8222;Pirkti&#8221;.<br\/>i. Paspaudus mygtuk\u0105 &#8222;Pirkti&#8221;, mok\u0117jimas bus atliktas ir produktai bus j\u016bs\u0173 \u017einioje.<br\/>KLIENTAS informuojamas, kad svetain\u0117je pateiktos produkt\u0173 nuotraukos ir apra\u0161ymai yra apytikslis si\u016blom\u0173 produkt\u0173 ir paslaug\u0173 vaizdas, tod\u0117l gali skirtis nuo originalo. \u0160ioje svetain\u0117je si\u016blom\u0173 produkt\u0173 apra\u0161ymai ir iliustracijos yra tik informacinio pob\u016bd\u017eio.          <\/p>\n\n<p>3. PRIEINAMUMAS IR PRISTATYMAS<br\/>&#8222;MY SPAIN FOOD&#8221; si\u016blomus produktus galima platinti tik \u017eemynin\u0117je Ispanijos dalyje.<br\/>U\u017esakymai bus \u012fvykdyti, kai bus teisingai gautas mok\u0117jimas. MY SPAIN FOOD si\u016blomi produktai visada priklauso nuo j\u0173 prieinamumo, kuris bus konkre\u010diai nurodytas m\u016bs\u0173 interneto svetain\u0117je prie kiekvieno produkto, kad, jei kurio nors elemento neb\u016bt\u0173, klientas b\u016bt\u0173 tinkamai informuotas apie tai, kad jo n\u0117ra. \u012eprastomis s\u0105lygomis visus m\u016bs\u0173 svetain\u0117je pateikiamus produktus galima pristatyti nurodytu laiku. Tais atvejais, kai po u\u017esakymo pateikimo KLIENTO u\u017esakytas gaminys nebetur\u0117s sand\u0117lyje, KLIENTAS bus tinkamai apie tai informuotas ir jam bus pasi\u016blytas alternatyvus pana\u0161i\u0173 savybi\u0173 gaminys u\u017e t\u0105 pa\u010di\u0105 kain\u0105 ir kokyb\u0119. Jei VARTOTOJAS vis d\u0117lto nesutinka priimti si\u016blomos alternatyvos, &#8222;MY SPAIN FOOD&#8221; gr\u0105\u017eins jau sumok\u0117t\u0105 sum\u0105 ir informuos VARTOTOJ\u0104 apie gr\u0105\u017einimo tvark\u0105 ir terminus. Paprastai ilgiausias pristatymo \u012f namus laikas yra 5-10 dien\u0173 nuo pirkimo momento ir nuo tada, kai patvirtiname j\u016bs\u0173 mok\u0117jim\u0105, u\u017esakymus, gautus iki 14:00 val., apdorojant t\u0105 pa\u010di\u0105 dien\u0105 ir visada darbo dienomis Madrido mieste (ISPANIJA). \u0160is pristatymo laikas yra apytikslis ir jokiu b\u016bdu n\u0117ra privalomas &#8222;MY SPAIN FOOD&#8221;. Prek\u0117s pristatomos darbo dienomis (nuo pirmadienio iki penktadienio). \u012e namus \u012fsigyt\u0105 produkt\u0105 pristatys ve\u017e\u0117jas kartu su pristatymo prane\u0161imu u\u017esakymo formoje nurodytu adresu, kur\u012f klientas turi pasira\u0161yti kaip gavimo dokument\u0105. Taip pat KLIENTAS bus tinkamai informuotas apie bet kok\u012f incident\u0105 ar v\u0117lavim\u0105 pristatyti prek\u0119 d\u0117l bet kokios prie\u017easties. Jei nurodytu adresu pristatyti ne\u012fmanoma d\u0117l adresato nebuvimo, ve\u017e\u0117jas tiesiogiai susisieks su KLIENTU ir susitars d\u0117l pristatymo laiko arba pakuot\u0117s atsi\u0117mimo atitinkamame filiale, arba bet kokiu atveju nurodys, koki\u0173 veiksm\u0173 reikia imtis norint gauti produktus.<br\/>Pasibaigus terminui, jei u\u017esakymas nebus atsiimtas, jis bus gr\u0105\u017eintas \u012f m\u016bs\u0173 sand\u0117lius ir bus i\u0161si\u0173stas el. lai\u0161kas, kuriame bus nurodyta, kaip galiausiai bus vykdomas pristatymas. Pastaruoju atveju siuntimo i\u0161laidas padengs KLIENTAS. Taip pat yra galimyb\u0117 atsiimti u\u017esakym\u0105 parduotuv\u0117je; jei KLIENTAS pasirinks \u0161i\u0105 galimyb\u0119, atlikus mok\u0117jim\u0105, u\u017esakymas bus parengtas. Kai u\u017esakymas bus parengtas, per 24-48 valandas nuo u\u017esakymo patvirtinimo KLIENTAS gaus el. lai\u0161k\u0105, kuriame bus informuotas, kad u\u017esakymas paruo\u0161tas atsi\u0117mimui, ir kit\u0105 svarbi\u0105 informacij\u0105. Jei KLIENTAS pasirenka \u0161\u012f pristatymo b\u016bd\u0105, jis nepatirs joki\u0173 siuntimo ar transportavimo i\u0161laid\u0173. Jei KLIENTAS, pasirink\u0119s atsiimti u\u017esakym\u0105 parduotuv\u0117je ir gav\u0119s el. lai\u0161k\u0105, kuriame nurodoma, kad u\u017esakymas paruo\u0161tas atsiimti, neatvyksta per 48-72 valandas, priklausomai nuo u\u017esakymo pob\u016bd\u017eio (greitai gendantys fiziniai produktai), KLIENTAS praranda visas teises \u012f atlikt\u0105 pirkin\u012f. Jei produktai n\u0117ra tokio pob\u016bd\u017eio, atsi\u0117mimo parduotuv\u0117je laikotarpis bus 7 dienos, o neatsi\u0117mimo atveju susisieksime su KLIENTU, kad galiausiai gal\u0117tume t\u0119sti u\u017esakymo pristatym\u0105.                 Kad visada b\u016btum\u0117te informuoti apie savo pirkinio valdym\u0105, el. pa\u0161tu gausite prane\u0161im\u0105 apie u\u017esakymo ir mok\u0117jimo patvirtinim\u0105. KLIENTAS taip pat gali pasitikrinti savo u\u017esakymo b\u016bsen\u0105 i\u0161si\u0173sdamas el. lai\u0161k\u0105 adresu hola@myspainfood.com. <\/p>\n\n<p>4. MOK\u0116JIMAS IR MOK\u0116JIMO S\u0104LYGOS<br\/>Priimami \u0161ie mok\u0117jimo b\u016bdai:<br\/>- Kredito ir debeto kortel\u0117. Operacija atliekama tiesiogiai prisijungus prie &#8222;Stripe&#8221;. <br\/>- GOOGLE PAY. Operacija atliekama tiesiogiai prisijungus prie &#8222;Stripe&#8221;. <br\/>- APPLE PAY. Operacija atliekama tiesiogiai prisijungus prie &#8222;Stripe&#8221;. <br\/>- &#8222;Paypal&#8221;. Tiesioginis ry\u0161ys su &#8222;Paypal&#8221;. <br\/>- Banko pavedimu. Sumok\u0117dami vis\u0105 pirkimo sum\u0105 \u012f nurodyt\u0105 einam\u0105j\u0105 s\u0105skait\u0105. Atlik\u0119 mok\u0117jim\u0105, gausite patvirtinimo el. lai\u0161k\u0105.<br\/>MY SPAIN FOOD netur\u0117s prieigos prie j\u016bs\u0173 kredito kortel\u0117s duomen\u0173. Visos m\u016bs\u0173 mok\u0117jimo sistemos yra visi\u0161kai saugios. Mok\u0117jimai atliekami prie\u0161 pristatant produkt\u0105 arba suteikiant paslaug\u0105, tod\u0117l &#8222;MY SPAIN FOOD&#8221; nesuteiks u\u017esakyto produkto, kol nebus gautas mok\u0117jimas. MY SPAIN FOOD pasilieka teis\u0119 laikinai arba visam laikui at\u0161aukti teikiamas paslaugas, jei \u012fvyksta bet koks incidentas, susij\u0119s su mok\u0117jimu. KLIENTAS informuojamas, kad mok\u0117jim\u0173 kortele atveju u\u017e operacijas atsakingas asmuo bus naudojamos kredito ar debeto kortel\u0117s tur\u0117tojas.      <\/p>\n\n<p>5. S\u0104SKAITOS<br\/>Pirkimo kvit\u0105 gausite el. pa\u0161tu pirkimo metu. Jei norite gauti s\u0105skait\u0105 fakt\u016br\u0105, turite susisiekti su Klient\u0173 aptarnavimo skyriumi (hola@myspainfood.com) ir pateikti mums reikiamus fiskalinius duomenis. KLIENTAS yra atsakingas u\u017e tai, kad patvirtint\u0173 prane\u0161im\u0173 gavim\u0105 ir prane\u0161t\u0173 mums apie bet kokius savo duomen\u0173 pasikeitimus, o LA MY SPAIN FOOD atleid\u017eiamas nuo bet kokios atsakomyb\u0117s, kylan\u010dios d\u0117l \u0161ios aplinkyb\u0117s.  <\/p>\n\n<p>6. GARANTIJA<br\/>&#8222;MY SPAIN FOOD&#8221; stengiam\u0117s teikti auk\u0161\u010diausios kokyb\u0117s paslaugas, ta\u010diau, atsi\u017evelgiant \u012f j\u0173 pob\u016bd\u012f (greitai gendantys produktai), daugumai m\u016bs\u0173 produkt\u0173 suteikiame pasitenkinimo garantij\u0105. Jei d\u0117l koki\u0173 nors prie\u017eas\u010di\u0173 jums netinkamai pristatytas gaminys ar paslauga, tur\u0117tum\u0117te kuo grei\u010diau prane\u0161ti mums, nurodydami incident\u0105, ir mes pasistengsime, jei klaida pasitvirtins, kuo grei\u010diau j\u0105 i\u0161taisyti.<br\/>Visiems m\u016bs\u0173 negendantiems gaminiams taikoma kokyb\u0117s kontrol\u0117 ir jiems suteikiama garantija d\u0117l gamybos defekt\u0173 2 metus nuo \u012fsigijimo dienos arba, jei jos n\u0117ra, nuo tinkamumo vartoti termino pabaigos. Garantija taikoma bet kokiems gamybos, dizaino ar med\u017eiag\u0173 defektams, ta\u010diau apie neatitikt\u012f reikia prane\u0161ti per 14 dien\u0173 nuo su\u017einojimo. Garantija taikoma tik nekokybi\u0161kiems gaminiams. Ji netaikoma sm\u016bgiams, netinkamam naudojimui ar kitiems veiksniams, kurie n\u0117ra susij\u0119 su tiek\u0117jo ar gaminio defektais. Garantijos laikotarpiu KLIENTAS gali gr\u0105\u017einti gamin\u012f ir mes j\u012f pataisysime arba pakeisime. Transporto i\u0161laid\u0173, susidariusi\u0173 gr\u0105\u017einant gamin\u012f pagal garantij\u0105, KLIENTAS NEAPMOK\u0116S. Garantijos dokumentas yra pirkimo s\u0105skaita fakt\u016bra.       <\/p>\n\n<p>7. Gr\u0105\u017einimas<br\/>Toliau nurodytos m\u016bs\u0173 gamini\u0173 gr\u0105\u017einimo s\u0105lygos netaikomos tuo atveju, kai naudojamasi teise atsisakyti sutarties. Gaminiai gr\u0105\u017einami arba kei\u010diami tik gamybos defekt\u0173, transportavimo pa\u017eeidim\u0173 ar pristatymo klaid\u0173 atvejais. Bet kuriuo atveju nuo gaminio gavimo turi b\u016bti pra\u0117j\u0119 ne daugiau kaip 14 dien\u0173, taip pat turi b\u016bti prid\u0117ta pakuot\u0117 ir priedai. Prie\u0161 tai turi b\u016bti patikrinta, ar tai yra gamybos arba pakuot\u0117s defektas ar anomalija, o ne d\u0117l netinkamo ar neatsargaus naudojimo, tvarkymo ar laikymo. Prie j\u0173 visada turi b\u016bti pridedamas atitinkamas va\u017etara\u0161tis arba s\u0105skaita fakt\u016bra. Tiek gr\u0105\u017einimo d\u0117l gamybos ar pakuot\u0117s defekto, tiek u\u017esakymo klaidos atveju KLIENTUI bus pasi\u016blyta, jei \u012fmanoma, pakeisti j\u012f kitu alternatyviu gaminiu be joki\u0173 papildom\u0173 i\u0161laid\u0173 ir be jokios KLIENTO teis\u0117s \u012f bet koki\u0105 kompensacij\u0105. U\u017esakymo siuntimo i\u0161laidas padengia &#8222;MY SPAIN FOOD&#8221;. Bet kuriuo atveju gr\u0105\u017einant prek\u0119, &#8222;MY SPAIN FOOD&#8221; visada turi i\u0161 anksto patikrinti gr\u0105\u017einamos prek\u0117s b\u016bkl\u0119 ir patikrinti, ar ji atitinka \u0161i\u0173 pardavimo s\u0105lyg\u0173 reikalavimus. Gav\u0119 gr\u0105\u017einam\u0105 prek\u0119 ir jei taikoma, mes prad\u0117sime gr\u0105\u017einti sumok\u0117t\u0105 sum\u0105 ne v\u0117liau kaip per 30 dien\u0173 ir per tuos pa\u010dius terminus, per kuriuos buvo atliktas mok\u0117jimas. MY SPAIN FOOD pasilieka teis\u0119 atsisakyti gr\u0105\u017einti prekes, apie kurias buvo prane\u0161ta arba kurios buvo i\u0161si\u0173stos pasibaigus nustatytam terminui, arba prekes, kurios n\u0117ra tokios pat b\u016bkl\u0117s, kokios buvo gautos. Gr\u0105\u017einimai bus tvarkomi siun\u010diant el. lai\u0161k\u0105 adresu hola@myspainfood.es, nurodant gr\u0105\u017einimo prie\u017eastis ir j\u0173 apra\u0161ym\u0105. Taip pat reik\u0117s nurodyti vard\u0105 ir pavard\u0119 bei u\u017esakymo nuorodos numer\u012f. Gav\u0119 pra\u0161ym\u0105, j\u012f i\u0161nagrin\u0117sime laiku.            <\/p>\n\n<p>8. ATSISAKYMO TEIS\u0116<br\/>Atsi\u017evelgiant \u012f produkto pob\u016bd\u012f (greitai gendantis produktas) ir jo laikymo s\u0105lygas bei vadovaujantis lapkri\u010dio 16 d. Karali\u0161kojo \u012fstatyminio dekreto Nr. 1\/2007 d\u0117l vartotoj\u0173 ir naudotoj\u0173 apsaugos 103 straipsnio d ir e punktais, atsisakymo teis\u0117 \u0161iai sutar\u010diai netaikoma. Bet kokio produkto, kuris nelaikomas greitai gendan\u010diu (103 straipsnio d punktas), atveju ir su s\u0105lyga, kad jis nebuvo atplombuotas (103 straipsnio e punktas), turite teis\u0119 atsisakyti \u0161ios sutarties per 14 kalendorini\u0173 dien\u0173 be pagrindimo. Sutarties atsisakymo laikotarpis baigiasi pra\u0117jus 14 kalendorini\u0173 dien\u0173 nuo sutarties sudarymo dienos. Kad pasinaudotum\u0117te teise atsisakyti sutarties, apie savo sprendim\u0105 atsisakyti sutarties turite prane\u0161ti mums adresu MY SPAIN FOOD c\/ Luis I 60, s\u00f3tano, nave 27 , 28031, Madridas, Ispanija el. pa\u0161tas: hola@myspainfood.com, pateikdami nedviprasmi\u0161k\u0105 parei\u0161kim\u0105 (pvz., lai\u0161k\u0105, i\u0161si\u0173st\u0105 pa\u0161tu, faksu arba el. pa\u0161tu). Galite naudoti toliau pateikt\u0105 pavyzdin\u0119 sutarties atsisakymo form\u0105, nors jos naudojimas n\u0117ra privalomas. Pavyzdin\u0117 sutarties atsisakymo forma Mano Ispanijos FOOD c\/ Luis I 60, s\u00f3tano, nave 27 MADRID (28031) Ispanija hola@myspainfood.com Informuoju jus, kad atsisakau toliau nurodyt\u0173 preki\u0173 pirkimo-pardavimo sutarties: Gauta \/ u\u017esakyta: Vartotojo vardas ir pavard\u0117: Vartotojo para\u0161as Data Kad b\u016bt\u0173 laikomasi sutarties atsisakymo termino, pakanka, kad prane\u0161imas d\u0117l j\u016bs\u0173 pasinaudojimo \u0161ia teise b\u016bt\u0173 i\u0161si\u0173stas iki sutarties atsisakymo termino pabaigos.     <br\/>Sutarties atsisakymo pasekm\u0117s:<br\/>Jums atsisakius sutarties, mes nedelsdami ir bet kuriuo atveju ne v\u0117liau kaip per 14 kalendorini\u0173 dien\u0173 nuo tos dienos, kai mums buvo prane\u0161ta apie j\u016bs\u0173 sprendim\u0105 atsisakyti \u0161ios sutarties, gr\u0105\u017einsime jums visus i\u0161 j\u016bs\u0173 gautus mok\u0117jimus. KLIENTAS padengia tiesiogines preki\u0173 gr\u0105\u017einimo i\u0161laidas, o surinkimo i\u0161laidos i\u0161skai\u010diuojamos i\u0161 gr\u0105\u017einamos sumos, i\u0161skyrus nekokybi\u0161k\u0173 preki\u0173 ar m\u016bs\u0173 padarytos siuntimo klaidos atvejus. Tok\u012f gr\u0105\u017einim\u0105 atliksime naudodami t\u0105 pa\u010di\u0105 mok\u0117jimo priemon\u0119, kuri\u0105 naudojote pradiniam sandoriui, nebent ai\u0161kiai nurod\u0117te kitaip; bet kuriuo atveju d\u0117l gr\u0105\u017einimo nepatirsite joki\u0173 i\u0161laid\u0173. Gav\u0119 prane\u0161im\u0105 apie pra\u0161ym\u0105 atsisakyti sutarties, privalote gr\u0105\u017einti arba perduoti prekes tiesiogiai mums be nepagr\u012fsto delsimo ir bet kuriuo atveju ne v\u0117liau kaip per 14 kalendorini\u0173 dien\u0173 nuo tos dienos, kai mums prane\u0161\u0117te apie savo sprendim\u0105 atsisakyti sutarties. Laikoma, kad termino laikomasi, jei prekes gr\u0105\u017einate nepasibaigus terminui. Gr\u0105\u017einamos prek\u0117s turi b\u016bti nepriekai\u0161tingos b\u016bkl\u0117s, nepa\u017eeistos, nedeformuotos, be nusid\u0117v\u0117jimo po\u017eymi\u0173, \u012fbr\u0117\u017eim\u0173 ar d\u0117mi\u0173. J\u016bs b\u016bsite atsakingi u\u017e bet kok\u012f preki\u0173 vert\u0117s suma\u017e\u0117jim\u0105, atsiradus\u012f d\u0117l kitokio elgesio su prek\u0117mis, nei tas, kuris b\u016btinas preki\u0173 pob\u016bd\u017eiui, savyb\u0117ms ir veikimui nustatyti.      <\/p>\n\n<p>9. SUTARTIES \u012eGYVENDINIMAS IR PASLAUG\u0172 PAKEITIMAI<br\/>\u0160i sutartis bus \u012fvykdyta apmok\u0117jus u\u017e produkt\u0105 ir i\u0161siuntus KLIENTUI patvirtinam\u0105j\u012f el. lai\u0161k\u0105 su atlikto pirkimo apra\u0161ymu.<br\/>MY SPAIN FOOD pasilieka teis\u0119 bet kokiu b\u016bdu keisti savo paslaug\u0173 ypatybes ir s\u0105lygas, visada siekdama jas pagerinti ir KLIENTO naudai.<\/p>\n\n<p>10. \u0160ALI\u0172 PAREIGOS<br\/>MY SPAIN FOOD \u012fsipareigoja teikti KLIENTUI produktus ir paslaugas, d\u0117l kuri\u0173 buvo sudarytos sutartys, su did\u017eiausiu r\u016bpestingumu teikdama paslaugas, taip pat r\u016bpintis tinklo veikimui b\u016btin\u0173 \u012frengini\u0173 prie\u017ei\u016bra, tur\u0117dama tinkam\u0105 technin\u0119 ir kompiuterin\u0119 \u012frang\u0105, valdyti logistikos, siuntimo ir pristatymo operacijas, susijusias su pirkiniu, \u012fsigytu per ve\u017e\u0117j\u0105.<br\/>KLIENTAS \u012fsipareigoja s\u0105\u017einingai naudotis teikiamomis paslaugomis, nepa\u017eeisdamas \u012fstatym\u0173 ir tre\u010di\u0173j\u0173 \u0161ali\u0173 teisi\u0173, taip pat sumok\u0117ti u\u017e pasirinkt\u0105 prek\u0119 \u0161iose pardavimo s\u0105lygose nustatytu laiku ir tvarka bei gauti j\u0105 nurodytoje pristatymo vietoje. MY SPAIN FOOD negarantuoja, kad \u0161ioje sutartyje numatytos paslaugos bus teikiamos nuolat ir nepertraukiamai d\u0117l aplinkybi\u0173, atsiradusi\u0173 d\u0117l interneto tinklo sutrikim\u0173, kompiuterini\u0173 \u012frengini\u0173 gedim\u0173 ir kit\u0173 nenumatyt\u0173 aplinkybi\u0173. Tod\u0117l KLIENTAS \u012fsipareigoja \u0161ias aplinkybes toleruoti protingose ribose ir tod\u0117l ai\u0161kiai atsisako bet kokios sutartin\u0117s ar nesutartin\u0117s atsakomyb\u0117s &#8222;LA MY SPAIN FOOD&#8221; d\u0117l galim\u0173 gedim\u0173, klaid\u0173 ir naudojimosi sutartyje numatyta paslauga.  <\/p>\n\n<p>11. KOMUNIKACIJA<br\/>Visi prane\u0161imai tarp \u0161ali\u0173 bus siun\u010diami pageidautina elektroniniu pa\u0161tu. KLIENTAS yra atsakingas u\u017e patvirtinim\u0105, kad gavo prane\u0161imus, ir u\u017e prane\u0161im\u0105 &#8222;MY SPAIN FOOD&#8221; apie bet kokius jo duomen\u0173 pakeitimus, atleid\u017eiant j\u012f nuo bet kokios d\u0117l \u0161ios aplinkyb\u0117s kylan\u010dios atsakomyb\u0117s. Pakeitimo atveju KLIENTAS privalo prane\u0161ti &#8222;MY SPAIN FOOD&#8221; el. pa\u0161tu arba m\u016bs\u0173 svetain\u0117je nurodytais telefonais. Vadovaudamiesi Informacin\u0117s visuomen\u0117s paslaug\u0173 ir elektronin\u0117s komercijos \u012fstatymo 34\/2002 21 straipsniu, informuojame, kad m\u016bs\u0173 komerciniai lai\u0161kai ir informacija, susijusi su m\u016bs\u0173 svetaine ir joje si\u016blomais produktais, bus siun\u010diami el. pa\u0161tu j\u016bs\u0173 nurodytu el. pa\u0161to adresu, kuris visada gali b\u016bti at\u0161auktas. Bet kuriuo atveju turite galimyb\u0119 atsisakyti m\u016bs\u0173 komercini\u0173 prane\u0161im\u0173 si\u0173sdami el. lai\u0161k\u0105 adresu hola@myspainfood.com, temos eilut\u0117je nurodydami \u017eod\u012f UNSUBSCRIBE.    <\/p>\n\n<p>12. PASI\u017dAD\u0116JIMAS, SUTARTIES PRI\u0116MIMAS IR GALIMYB\u0116<br\/>KLIENTAS patvirtina, kad susipa\u017eino su teisin\u0117mis naudojimo s\u0105lygomis ir svetain\u0117s privatumo politika ir su jomis sutinka. KLIENTAS patvirtina, kad suprato vis\u0105 informacij\u0105, susijusi\u0105 su m\u016bs\u0173 svetain\u0117je si\u016blomais produktais ir paslaugomis, \u012fskaitant, jei taikoma, pristatym\u0105, taip pat visas \u0161ioje elektronin\u0117je sutartyje pateiktas s\u0105lygas ir nuostatas, tod\u0117l parei\u0161kia, kad j\u0173 pakanka, kad b\u016bt\u0173 pa\u0161alintos klaidos, duodant sutikim\u0105 \u0161iai sutar\u010diai, ir tod\u0117l visi\u0161kai ir ai\u0161kiai su jomis sutinka. KLIENTAS visi\u0161kai supranta, kad sutikimas su \u0161ia sutartimi ir jos vykdymas \u012fvyks pateikus savo duomenis ir paspaudus m\u016bs\u0173 interneto svetain\u0117je nurodyt\u0105 mygtuk\u0105 &#8222;Pirkti&#8221; ir bus u\u017ebaigtas apmok\u0117jus u\u017e paslaug\u0105.  <\/p>\n\n<p>13. NEpilname\u010diai iki 18 met\u0173<br\/>&#8222;MY SPAIN FOOD&#8221; \u012fsipareigoja neleisti atlikti joki\u0173 operacij\u0173, kurios yra neteis\u0117tos arba kurias kredito korteli\u0173 preki\u0173 \u017eenklai ar \u012fsigyjantis bankas laiko galin\u010diomis pakenkti arba galin\u010diomis pakenkti j\u0173 geram vardui ar daryti neigiam\u0105 \u012ftak\u0105. Korteli\u0173 prek\u0117s \u017eenkl\u0173 programose draud\u017eiama \u0161i veikla: parduoti arba si\u016blyti produkt\u0105 ar paslaug\u0105, kuri nevisi\u0161kai atitinka visus \u012fstatymus, taikomus \u012fsigyjan\u010diajam, kortel\u0119 i\u0161davusiam bankui, prekybininkui, kortel\u0117s tur\u0117tojui arba kortel\u0117ms. Be to, taip pat ai\u0161kiai draud\u017eiama \u0161i veikla: &#8222;Alkoholini\u0173 g\u0117rim\u0173 pardavimas jaunesniems nei 18 met\u0173 asmenims&#8221;.  <\/p>\n\n<p>14. TAIKOMA TEIS\u0116<br\/>\u0160i sutartis yra komercinio pob\u016bd\u017eio ir jai taikoma bei ai\u0161kinama pagal Ispanijos teis\u0119. Esant bet kokiems neatitikimams ar nesutarimams tarp \u0161ali\u0173, susijusiems su sutarties ai\u0161kinimu, turiniu ar vykdymu, kuri\u0173 nepavyksta i\u0161spr\u0119sti abipusiu susitarimu, \u0161alys kreipiasi \u012f kiekvienu atveju kompetentingus teismus ar tribunolus, o tais atvejais, kai numatyta, kad \u0161alys gali kreiptis \u012f jurisdikcij\u0105, jos kreipiasi \u012f Madrido teismus ir tribunolus, ai\u0161kiai atsisakydamos bet kokios kitos jurisdikcijos, kuri gali jiems atitikti. Savo klientams taip pat pateikiame \u0161i\u0105 nuorod\u0105, kuria galima naudotis oficialia Europos Komisijos internetine gin\u010d\u0173 sprendimo platforma: https:\/\/ec.europa.eu\/consumers\/odr\/main\/index.cfm?event=main.home2.show&amp;lng=ES.  <\/p>\n\n<p>15. ASMENS DUOMENYS<br\/>\u017dr. privatumo politik\u0105. D\u0117mesio: \u0160ios Bendrosios s\u0105lygos buvo atnaujintos 2021 m. liepos 29 d. Bet kuriuo metu galime jas keisti, taip pat keisti kain\u0173 ir si\u016blom\u0173 produkt\u0173 s\u0105ra\u0161\u0105. Kiekvien\u0105 kart\u0105, kai lankot\u0117s m\u016bs\u0173 svetain\u0117je, patikrinkite i\u0161davimo dat\u0105, kad \u012fsitikintum\u0117te, jog nebuvo joki\u0173 pakeitim\u0173, kurie gali jums tur\u0117ti \u012ftakos.   <\/p>\n","protected":false},"excerpt":{"rendered":"<p>\u0160i sutartis reglamentuoja bendr\u0105sias \u012fvairi\u0173 produkt\u0173 ir paslaug\u0173, kurias \u0161ioje svetain\u0117je si\u016blo SAMI SUMINISTROS HOSTELEROS, S. L. (toliau - MY SPAIN FOOD), NIF B84614064, adresas c\/ Luis i 60, sotano, nave 27. 28031 Madridas, Ispanija, pirkimo s\u0105lygas. Madridas, Ispanija.Kai KLIENTAS u\u017ebaigia registracijos proces\u0105 ir \u012fsigyja bet kur\u012f i\u0161 m\u016bs\u0173 produkt\u0173, jis ai\u0161kiai sutinka su toliau [&hellip;]<\/p>\n","protected":false},"author":1,"featured_media":0,"parent":0,"menu_order":0,"comment_status":"closed","ping_status":"closed","template":"","meta":{"_et_pb_use_builder":"","_et_pb_old_content":"","_et_gb_content_width":"","footnotes":""},"class_list":["post-18586","page","type-page","status-publish","hentry"],"_links":{"self":[{"href":"https:\/\/myspainfood.com\/lt\/wp-json\/wp\/v2\/pages\/18586","targetHints":{"allow":["GET"]}}],"collection":[{"href":"https:\/\/myspainfood.com\/lt\/wp-json\/wp\/v2\/pages"}],"about":[{"href":"https:\/\/myspainfood.com\/lt\/wp-json\/wp\/v2\/types\/page"}],"author":[{"embeddable":true,"href":"https:\/\/myspainfood.com\/lt\/wp-json\/wp\/v2\/users\/1"}],"replies":[{"embeddable":true,"href":"https:\/\/myspainfood.com\/lt\/wp-json\/wp\/v2\/comments?post=18586"}],"version-history":[{"count":1,"href":"https:\/\/myspainfood.com\/lt\/wp-json\/wp\/v2\/pages\/18586\/revisions"}],"predecessor-version":[{"id":18588,"href":"https:\/\/myspainfood.com\/lt\/wp-json\/wp\/v2\/pages\/18586\/revisions\/18588"}],"wp:attachment":[{"href":"https:\/\/myspainfood.com\/lt\/wp-json\/wp\/v2\/media?parent=18586"}],"curies":[{"name":"wp","href":"https:\/\/api.w.org\/{rel}","templated":true}]}}