{"id":17751,"date":"2025-04-10T12:09:26","date_gmt":"2025-04-10T10:09:26","guid":{"rendered":"https:\/\/myspainfood.com\/producto\/idaryti-anciuviai-70-vienetu\/"},"modified":"2025-06-24T13:45:29","modified_gmt":"2025-06-24T11:45:29","slug":"idaryti-anciuviai-70-vienetu","status":"publish","type":"product","link":"https:\/\/myspainfood.com\/lt\/producto\/idaryti-anciuviai-70-vienetu\/","title":{"rendered":"\u012edaryti an\u010diuviai 70 vienet\u0173"},"content":{"rendered":"<p>Aliejus (85 % saul\u0117gr\u0105\u017e\u0173, 15 % alyvuogi\u0173 aliejaus), alyvuog\u0117s, \u012fdarytos an\u010diuviais, an\u010diuviai acte, raudonieji pipirai, petra\u017eol\u0117s ir \u010desnakai.<\/p>\n","protected":false},"excerpt":{"rendered":"<p>Aliejus (85 % saul\u0117gr\u0105\u017e\u0173, 15 % alyvuogi\u0173 aliejaus), alyvuog\u0117s, \u012fdarytos an\u010diuviais, an\u010diuviai acte, raudonieji pipirai, petra\u017eol\u0117s ir \u010desnakai.<\/p>\n","protected":false},"featured_media":17752,"template":"","meta":{"_et_pb_use_builder":"","_et_pb_old_content":"","_et_gb_content_width":""},"product_brand":[],"product_cat":[1718,1903,1715,1816,1812],"product_tag":[],"class_list":{"0":"post-17751","1":"product","2":"type-product","3":"status-publish","4":"has-post-thumbnail","6":"product_cat-alyvuoges","7":"product_cat-anciuviai-lt","8":"product_cat-pickles-lt","9":"product_cat-pintxos-lt","10":"product_cat-saltas","11":"product_shipping_class-saltoji-siunta","13":"first","14":"instock","15":"taxable","16":"shipping-taxable","17":"purchasable","18":"product-type-simple"},"_links":{"self":[{"href":"https:\/\/myspainfood.com\/lt\/wp-json\/wp\/v2\/product\/17751","targetHints":{"allow":["GET"]}}],"collection":[{"href":"https:\/\/myspainfood.com\/lt\/wp-json\/wp\/v2\/product"}],"about":[{"href":"https:\/\/myspainfood.com\/lt\/wp-json\/wp\/v2\/types\/product"}],"wp:featuredmedia":[{"embeddable":true,"href":"https:\/\/myspainfood.com\/lt\/wp-json\/wp\/v2\/media\/17752"}],"wp:attachment":[{"href":"https:\/\/myspainfood.com\/lt\/wp-json\/wp\/v2\/media?parent=17751"}],"wp:term":[{"taxonomy":"product_brand","embeddable":true,"href":"https:\/\/myspainfood.com\/lt\/wp-json\/wp\/v2\/product_brand?post=17751"},{"taxonomy":"product_cat","embeddable":true,"href":"https:\/\/myspainfood.com\/lt\/wp-json\/wp\/v2\/product_cat?post=17751"},{"taxonomy":"product_tag","embeddable":true,"href":"https:\/\/myspainfood.com\/lt\/wp-json\/wp\/v2\/product_tag?post=17751"}],"curies":[{"name":"wp","href":"https:\/\/api.w.org\/{rel}","templated":true}]}}