{"id":17945,"date":"2025-04-10T12:14:40","date_gmt":"2025-04-10T10:14:40","guid":{"rendered":"https:\/\/myspainfood.com\/producto\/almejon-juros-migdolai-naturalus-estela-do-mar-111-gr\/"},"modified":"2026-01-29T12:57:03","modified_gmt":"2026-01-29T11:57:03","slug":"almejon-juros-migdolai-naturalus-estela-do-mar-111-gr","status":"publish","type":"product","link":"https:\/\/myspainfood.com\/lt\/producto\/almejon-juros-migdolai-naturalus-estela-do-mar-111-gr\/","title":{"rendered":"Almej\u00f3n (j\u016bros migdolai) nat\u016bralus Estela do Mar 111 gr"},"content":{"rendered":"<p>Atraskite autenti\u0161k\u0105 j\u016bros skon\u012f su <strong>&#8222;Estela do Mar Natural Almej\u00f3n&#8221;<\/strong>. \u0160iame 111 g konservuotame j\u016bros migdolo skonio produkte u\u017efiksuotas visas geriausi\u0173 moliusk\u0173 \u0161vie\u017eumas ir grynumas, be joki\u0173 pried\u0173 ar konservant\u0173. \u0160is moliuskas puikiai tinka tiems, kurie ie\u0161ko nat\u016brali\u0173 ir auk\u0161tos kokyb\u0117s j\u016bros g\u0117rybi\u0173, nes yra \u0161velnios tekst\u016bros ir intensyvaus skonio.  <\/p>\n<p><strong>Estela do Mar nat\u016bralus moliuskas<\/strong>, kuriame gausu baltym\u0173, omega-3 ir svarbiausi\u0173 mineral\u0173, yra maistingas pasirinkimas bet kokiai dietai. Gurmani\u0161kai ir sveikai pagardinkite savo patiekalus ir ie\u0161kokite daugiau galimybi\u0173 m\u016bs\u0173 <a target=\"_new\" rel=\"noopener\">j\u016bros g\u0117rybi\u0173 skyriuje<\/a> arba su\u017einokite apie \u0161vie\u017ei\u0173 j\u016bros g\u0117rybi\u0173 naud\u0105 tokiose interneto svetain\u0117se kaip <a href=\"https:\/\/www.fen.org.es\" target=\"_new\" rel=\"noopener noreferrer nofollow\" target=\"_blank\">Ispanijos mitybos fondas<\/a>. <\/p>\n<p>\u012etraukite &#8222;Estela do Mar&#8221; moliusk\u0173 \u012f savo patiekalus ir m\u0117gaukit\u0117s gurmani\u0161ku skoniu!<\/p>\n<p><span class=\"BxUVEf ILfuVd\" lang=\"es\"><span class=\"hgKElc\"> <\/span><\/span><\/p>\n","protected":false},"excerpt":{"rendered":"<p>Atraskite autenti\u0161k\u0105 j\u016bros skon\u012f su &#8222;Estela do Mar Natural Almej\u00f3n&#8221;. \u0160iame 111 g konservuotame j\u016bros migdolo skonio produkte u\u017efiksuotas visas geriausi\u0173 moliusk\u0173 \u0161vie\u017eumas ir grynumas, be joki\u0173 pried\u0173 ar konservant\u0173. \u0160is moliuskas puikiai tinka tiems, kurie ie\u0161ko nat\u016brali\u0173 ir auk\u0161tos kokyb\u0117s j\u016bros g\u0117rybi\u0173, nes yra \u0161velnios tekst\u016bros ir intensyvaus skonio. Estela do Mar nat\u016bralus moliuskas, [&hellip;]<\/p>\n","protected":false},"featured_media":17961,"template":"","meta":{"_et_pb_use_builder":"","_et_pb_old_content":"","_et_gb_content_width":""},"product_brand":[1469],"product_cat":[1966,1967],"product_tag":[],"class_list":{"0":"post-17945","1":"product","2":"type-product","3":"status-publish","4":"has-post-thumbnail","6":"product_brand-estela-do-mar","7":"product_cat-konservai","8":"product_cat-moliuskai","10":"first","11":"outofstock","12":"taxable","13":"shipping-taxable","14":"product-type-variable"},"_links":{"self":[{"href":"https:\/\/myspainfood.com\/lt\/wp-json\/wp\/v2\/product\/17945","targetHints":{"allow":["GET"]}}],"collection":[{"href":"https:\/\/myspainfood.com\/lt\/wp-json\/wp\/v2\/product"}],"about":[{"href":"https:\/\/myspainfood.com\/lt\/wp-json\/wp\/v2\/types\/product"}],"wp:featuredmedia":[{"embeddable":true,"href":"https:\/\/myspainfood.com\/lt\/wp-json\/wp\/v2\/media\/17961"}],"wp:attachment":[{"href":"https:\/\/myspainfood.com\/lt\/wp-json\/wp\/v2\/media?parent=17945"}],"wp:term":[{"taxonomy":"product_brand","embeddable":true,"href":"https:\/\/myspainfood.com\/lt\/wp-json\/wp\/v2\/product_brand?post=17945"},{"taxonomy":"product_cat","embeddable":true,"href":"https:\/\/myspainfood.com\/lt\/wp-json\/wp\/v2\/product_cat?post=17945"},{"taxonomy":"product_tag","embeddable":true,"href":"https:\/\/myspainfood.com\/lt\/wp-json\/wp\/v2\/product_tag?post=17945"}],"curies":[{"name":"wp","href":"https:\/\/api.w.org\/{rel}","templated":true}]}}