{"id":18035,"date":"2025-04-10T12:05:44","date_gmt":"2025-04-10T10:05:44","guid":{"rendered":"https:\/\/myspainfood.com\/producto\/agurkais-idarytos-ramuneles-38-kg-kimbitos\/"},"modified":"2025-04-10T12:05:44","modified_gmt":"2025-04-10T10:05:44","slug":"agurkais-idarytos-ramuneles-38-kg-kimbitos","status":"publish","type":"product","link":"https:\/\/myspainfood.com\/lt\/producto\/agurkais-idarytos-ramuneles-38-kg-kimbitos\/","title":{"rendered":"Agurkais \u012fdarytos ramun\u0117l\u0117s 3,8 kg Kimbitos"},"content":{"rendered":"<p>Manzanilja \u012fdaryti agurkai 3,8 kg &#8222;Kimbitos&#8221; - tai u\u017ekandis, kuriame tradicin\u0117s <a href=\"https:\/\/www.laencajera.es\/encurtidos-de-almagro\" target=\"_blank\" rel=\"noopener noreferrer nofollow\">manzaniljos<\/a> alyvuog\u0117s \u012fdarytos agurkais.<\/p>\n<p>Puikiai tinka prie tradicini\u0173 patiekal\u0173.<\/p>\n<p>&#8222;Kimbitos&#8221; - tai pavadinimas, kuriuo kai kuriose Ispanijos dalyse vadinamos alyvuog\u0117s &#8222;Manzanilla&#8221; su kauliukais ir marinuotais agurkais.<\/p>\n<p>Ji yra rank\u0173 darbo, kad b\u016bt\u0173 sudaryta \u0161i s\u0105junga.<\/p>\n<h3>Agurkais \u012fdaryt\u0173 ramun\u0117li\u0173 3,8 kg &#8222;Kimbitos&#8221; privalumai<\/h3>\n<p>Ar \u017einojote, koki\u0105 naud\u0105 teikia \u0161ios alyvuog\u0117s? Jos labai veiksmingai apsaugo nuo \u0161irdies ir kraujotakos sistemos lig\u0173 apskritai. <\/p>\n<p>Taip yra d\u0117l didelio neso\u010di\u0173j\u0173 riebal\u0173 kiekio. Be to, tai maistas, kuriame yra daug gele\u017eies ir skaidul\u0173, jis labai sotus, tod\u0117l puikiai tinka u\u017ekand\u017eiams. <\/p>\n<p>Jei norite nusipirkti alyvuogi\u0173 ar kit\u0173 <a href=\"https:\/\/latiendadesami.com\/categoria-producto\/encurtidos\/\" rel=\"noopener noreferrer nofollow\" target=\"_blank\">marinuot\u0173 maisto produkt\u0173<\/a>, nedvejodami per\u017ei\u016br\u0117kite m\u016bs\u0173 internetin\u012f katalog\u0105 ir susipa\u017einkite su pla\u010dia <a href=\"https:\/\/latiendadesami.com\/categoria-producto\/encurtidos\/aceitunas\/\" target=\"_blank\" rel=\"noopener noreferrer nofollow\">alyvuogi\u0173<\/a> \u012fvairove.<\/p>\n<p>Kilm\u0117: Kastilija la Man\u010da.<\/p>\n<p>Sudedamosios dalys: Alyvuog\u0117s, korni\u0161onai, vanduo, druska, r\u016bg\u0161tingum\u0105 reguliuojanti med\u017eiaga (E-330), konservantai (E211, E-202, E-260), kvapiosios med\u017eiagos (E-621, E-631, E-627), antioksidantai (E-300) ir nat\u016bralios kvapiosios med\u017eiagos. Gali b\u016bti sulfit\u0173 p\u0117dsak\u0173. <\/p>\n<h3>Maistin\u0117 informacija<\/h3>\n<p>Energin\u0117 vert\u0117 132 kcal\/ 553 kj Riebalai 13,4 g, i\u0161 kuri\u0173 so\u010di\u0173j\u0173 1,7 g Angliavandeniai 0,8 g, i\u0161 kuri\u0173 cukraus 0,09 g Maistin\u0117s skaidulos 0,5 g Baltymai 2,6 g Druska 2,0 g<\/p>\n","protected":false},"excerpt":{"rendered":"<p>Manzanilja \u012fdaryti agurkai 3,8 kg &#8222;Kimbitos&#8221; - tai u\u017ekandis, kuriame tradicin\u0117s manzaniljos alyvuog\u0117s \u012fdarytos agurkais. Puikiai tinka prie tradicini\u0173 patiekal\u0173. &#8222;Kimbitos&#8221; - tai pavadinimas, kuriuo kai kuriose Ispanijos dalyse vadinamos alyvuog\u0117s &#8222;Manzanilla&#8221; su kauliukais ir marinuotais agurkais. Ji yra rank\u0173 darbo, kad b\u016bt\u0173 sudaryta \u0161i s\u0105junga. Agurkais \u012fdaryt\u0173 ramun\u0117li\u0173 3,8 kg &#8222;Kimbitos&#8221; privalumai Ar \u017einojote, [&hellip;]<\/p>\n","protected":false},"featured_media":18037,"template":"","meta":{"_et_pb_use_builder":"","_et_pb_old_content":"","_et_gb_content_width":""},"product_brand":[],"product_cat":[1718,2014,1715],"product_tag":[2015],"class_list":{"0":"post-18035","1":"product","2":"type-product","3":"status-publish","4":"has-post-thumbnail","6":"product_cat-alyvuoges","7":"product_cat-kornisonai","8":"product_cat-pickles-lt","9":"product_tag-kimbo-lt","11":"first","12":"instock","13":"taxable","14":"shipping-taxable","15":"purchasable","16":"product-type-simple"},"_links":{"self":[{"href":"https:\/\/myspainfood.com\/lt\/wp-json\/wp\/v2\/product\/18035","targetHints":{"allow":["GET"]}}],"collection":[{"href":"https:\/\/myspainfood.com\/lt\/wp-json\/wp\/v2\/product"}],"about":[{"href":"https:\/\/myspainfood.com\/lt\/wp-json\/wp\/v2\/types\/product"}],"wp:featuredmedia":[{"embeddable":true,"href":"https:\/\/myspainfood.com\/lt\/wp-json\/wp\/v2\/media\/18037"}],"wp:attachment":[{"href":"https:\/\/myspainfood.com\/lt\/wp-json\/wp\/v2\/media?parent=18035"}],"wp:term":[{"taxonomy":"product_brand","embeddable":true,"href":"https:\/\/myspainfood.com\/lt\/wp-json\/wp\/v2\/product_brand?post=18035"},{"taxonomy":"product_cat","embeddable":true,"href":"https:\/\/myspainfood.com\/lt\/wp-json\/wp\/v2\/product_cat?post=18035"},{"taxonomy":"product_tag","embeddable":true,"href":"https:\/\/myspainfood.com\/lt\/wp-json\/wp\/v2\/product_tag?post=18035"}],"curies":[{"name":"wp","href":"https:\/\/api.w.org\/{rel}","templated":true}]}}