{"id":18127,"date":"2025-04-10T12:10:57","date_gmt":"2025-04-10T10:10:57","guid":{"rendered":"https:\/\/myspainfood.com\/producto\/alyvuoges-chupadedos-aguedo-2-kg-grynojo-svorio\/"},"modified":"2025-04-10T12:10:57","modified_gmt":"2025-04-10T10:10:57","slug":"alyvuoges-chupadedos-aguedo-2-kg-grynojo-svorio","status":"publish","type":"product","link":"https:\/\/myspainfood.com\/lt\/producto\/alyvuoges-chupadedos-aguedo-2-kg-grynojo-svorio\/","title":{"rendered":"Alyvuog\u0117s Chupadedos Aguedo 2 kg grynojo svorio"},"content":{"rendered":"<div>\n<p>&#8222;ACEITUNAS AGUEDO&#8221; garantuoja, kad m\u016bs\u0173 gaminiai bus kokybi\u0161ki, nes derina tradicijas ir naujas technologijas. Mes pasi\u017eymime profesionalumu, nes esame nuolat auganti \u0161eimos \u012fmon\u0117, kurios vienintelis tikslas - klient\u0173 pasitenkinimas. <\/p>\n<p>Mes pri\u017ei\u016brime visus gamybos procesus nuo prad\u017eios iki pabaigos, nes tik taip galima pasiekti MAKSIMAL\u0172 gamini\u0173 kokyb\u0119.<\/p>\n<\/div>\n<div class=\"leo_camara_desc\">Savo klientams si\u016blome sveikiausius ir nat\u016braliausius u\u017ekand\u017eius, pasi\u017eymin\u010dius nepakartojamu skoniu ir auk\u0161\u010diausia kokybe.<\/div>\n","protected":false},"excerpt":{"rendered":"<p>&#8222;ACEITUNAS AGUEDO&#8221; garantuoja, kad m\u016bs\u0173 gaminiai bus kokybi\u0161ki, nes derina tradicijas ir naujas technologijas. Mes pasi\u017eymime profesionalumu, nes esame nuolat auganti \u0161eimos \u012fmon\u0117, kurios vienintelis tikslas - klient\u0173 pasitenkinimas. Mes pri\u017ei\u016brime visus gamybos procesus nuo prad\u017eios iki pabaigos, nes tik taip galima pasiekti MAKSIMAL\u0172 gamini\u0173 kokyb\u0119. Savo klientams si\u016blome sveikiausius ir nat\u016braliausius u\u017ekand\u017eius, pasi\u017eymin\u010dius nepakartojamu [&hellip;]<\/p>\n","protected":false},"featured_media":18128,"template":"","meta":{"_et_pb_use_builder":"","_et_pb_old_content":"","_et_gb_content_width":""},"product_brand":[1397],"product_cat":[1718,1715],"product_tag":[2051],"class_list":{"0":"post-18127","1":"product","2":"type-product","3":"status-publish","4":"has-post-thumbnail","6":"product_brand-aguedo","7":"product_cat-alyvuoges","8":"product_cat-pickles-lt","9":"product_tag-ramuneles","11":"first","12":"outofstock","13":"taxable","14":"shipping-taxable","15":"purchasable","16":"product-type-simple"},"_links":{"self":[{"href":"https:\/\/myspainfood.com\/lt\/wp-json\/wp\/v2\/product\/18127","targetHints":{"allow":["GET"]}}],"collection":[{"href":"https:\/\/myspainfood.com\/lt\/wp-json\/wp\/v2\/product"}],"about":[{"href":"https:\/\/myspainfood.com\/lt\/wp-json\/wp\/v2\/types\/product"}],"wp:featuredmedia":[{"embeddable":true,"href":"https:\/\/myspainfood.com\/lt\/wp-json\/wp\/v2\/media\/18128"}],"wp:attachment":[{"href":"https:\/\/myspainfood.com\/lt\/wp-json\/wp\/v2\/media?parent=18127"}],"wp:term":[{"taxonomy":"product_brand","embeddable":true,"href":"https:\/\/myspainfood.com\/lt\/wp-json\/wp\/v2\/product_brand?post=18127"},{"taxonomy":"product_cat","embeddable":true,"href":"https:\/\/myspainfood.com\/lt\/wp-json\/wp\/v2\/product_cat?post=18127"},{"taxonomy":"product_tag","embeddable":true,"href":"https:\/\/myspainfood.com\/lt\/wp-json\/wp\/v2\/product_tag?post=18127"}],"curies":[{"name":"wp","href":"https:\/\/api.w.org\/{rel}","templated":true}]}}