{"id":18178,"date":"2025-04-10T12:05:43","date_gmt":"2025-04-10T10:05:43","guid":{"rendered":"https:\/\/myspainfood.com\/producto\/agurkai-su-prieskoniais-banderillas-38-kg\/"},"modified":"2025-04-10T12:05:43","modified_gmt":"2025-04-10T10:05:43","slug":"agurkai-su-prieskoniais-banderillas-38-kg","status":"publish","type":"product","link":"https:\/\/myspainfood.com\/lt\/producto\/agurkai-su-prieskoniais-banderillas-38-kg\/","title":{"rendered":"Agurkai su prieskoniais Banderillas 3,8 kg"},"content":{"rendered":"<p>Su &#8222;Almagro&#8221; &#8222;Banderillas Picantes Pepino Entero&#8221; 3,8 kg galite m\u0117gautis keliais <a href=\"https:\/\/www.laencajera.es\/encurtidos-de-almagro\" target=\"_blank\" rel=\"noopener noreferrer nofollow\">marinuotais agurkais<\/a> vienu metu.<\/p>\n<p>Gaivaus ir lengvo skonio banderiljas galima ragauti tarp valgi\u0173 arba su draugais.<\/p>\n<p>M\u0117gaukit\u0117s prieskoniais vienu k\u0105sniu su \u0161iais &#8222;Banderillas Picantes&#8221; nesmulkintais 3,8 kg agurkais. Kilm\u0117s \u0161alis - Kastilija la Man\u010da. <\/p>\n<p>Sudedamosios dalys: Svog\u016bnai 21-23, raudonieji pipirai, alyvuog\u0117s (numatomas dydis 200-320), 60-80 dyd\u017eio korni\u0161onai, aitriosios paprikos, vanduo, druska, plastmasiniai \u0161protai, skonio stipriklis (E-621, E-627), r\u016bg\u0161tingum\u0105 reguliuojanti med\u017eiaga E-330, antioksidantas E-300, konservantai (E-211, E-202, E-270, E-260) Sud\u0117tyje yra sulfit\u0173.<\/p>\n<p>I\u0161saugojimo s\u0105lygos:<\/p>\n<p>Laikykite v\u0117sioje, sausoje vietoje, nuo 3\u00baC iki 10\u00baC temperat\u016broje. Saugokite nuo saul\u0117s \u0161viesos ir stipri\u0173 kvap\u0173. <\/p>\n<p>Atidaryt\u0105 laikykite \u0161aldytuve ir suvartokite per 30 dien\u0173.<\/p>\n<p>Jei norite nusipirkti alyvuogi\u0173 ar kit\u0173 <a href=\"https:\/\/latiendadesami.com\/categoria-producto\/encurtidos\/\" rel=\"noopener noreferrer nofollow\" target=\"_blank\">marinuot\u0173 agurk\u0173<\/a>, nedvejodami per\u017ei\u016br\u0117kite m\u016bs\u0173 internetin\u012f katalog\u0105 ir susipa\u017einkite su pla\u010dia <a href=\"https:\/\/latiendadesami.com\/categoria-producto\/encurtidos\/berenjenas\/\" target=\"_blank\" rel=\"noopener noreferrer nofollow\">bakla\u017ean\u0173<\/a> \u012fvairove.<\/p>\n<p>\u0160is prek\u0117s \u017eenklas yra &#8222;La Encajonera&#8221; - 1990 m. \u012fkurta \u0161eimos \u012fmon\u0117, \u012fsik\u016brusi pa\u010dioje La Man\u010dos \u0161irdyje, ALMAGRO miestelyje, Siudad Realo provincijoje.<\/p>\n<p>Jos produkt\u0173 gamybos procesas pradedamas toje pa\u010dioje auginimo vietov\u0117je, atrenkant geriausios kokyb\u0117s produkt\u0105.<\/p>\n<p>Gamykloje \u012fdiegtos pa\u017eangiausios technologijos, ta\u010diau i\u0161saugotos amatinink\u0173 tradicijos ir \u017einios.<\/p>\n","protected":false},"excerpt":{"rendered":"<p>Su &#8222;Almagro&#8221; &#8222;Banderillas Picantes Pepino Entero&#8221; 3,8 kg galite m\u0117gautis keliais marinuotais agurkais vienu metu. Gaivaus ir lengvo skonio banderiljas galima ragauti tarp valgi\u0173 arba su draugais. M\u0117gaukit\u0117s prieskoniais vienu k\u0105sniu su \u0161iais &#8222;Banderillas Picantes&#8221; nesmulkintais 3,8 kg agurkais. Kilm\u0117s \u0161alis - Kastilija la Man\u010da. Sudedamosios dalys: Svog\u016bnai 21-23, raudonieji pipirai, alyvuog\u0117s (numatomas dydis 200-320), [&hellip;]<\/p>\n","protected":false},"featured_media":18180,"template":"","meta":{"_et_pb_use_builder":"","_et_pb_old_content":"","_et_gb_content_width":""},"product_brand":[],"product_cat":[2014,2092,1715],"product_tag":[2093,2029],"class_list":{"0":"post-18178","1":"product","2":"type-product","3":"status-publish","4":"has-post-thumbnail","6":"product_cat-kornisonai","7":"product_cat-pennantai-banderillas","8":"product_cat-pickles-lt","9":"product_tag-astrus","10":"product_tag-gherkin-lt","12":"first","13":"instock","14":"taxable","15":"shipping-taxable","16":"purchasable","17":"product-type-simple"},"_links":{"self":[{"href":"https:\/\/myspainfood.com\/lt\/wp-json\/wp\/v2\/product\/18178","targetHints":{"allow":["GET"]}}],"collection":[{"href":"https:\/\/myspainfood.com\/lt\/wp-json\/wp\/v2\/product"}],"about":[{"href":"https:\/\/myspainfood.com\/lt\/wp-json\/wp\/v2\/types\/product"}],"wp:featuredmedia":[{"embeddable":true,"href":"https:\/\/myspainfood.com\/lt\/wp-json\/wp\/v2\/media\/18180"}],"wp:attachment":[{"href":"https:\/\/myspainfood.com\/lt\/wp-json\/wp\/v2\/media?parent=18178"}],"wp:term":[{"taxonomy":"product_brand","embeddable":true,"href":"https:\/\/myspainfood.com\/lt\/wp-json\/wp\/v2\/product_brand?post=18178"},{"taxonomy":"product_cat","embeddable":true,"href":"https:\/\/myspainfood.com\/lt\/wp-json\/wp\/v2\/product_cat?post=18178"},{"taxonomy":"product_tag","embeddable":true,"href":"https:\/\/myspainfood.com\/lt\/wp-json\/wp\/v2\/product_tag?post=18178"}],"curies":[{"name":"wp","href":"https:\/\/api.w.org\/{rel}","templated":true}]}}