{"id":18261,"date":"2025-04-10T12:05:35","date_gmt":"2025-04-10T10:05:35","guid":{"rendered":"https:\/\/myspainfood.com\/producto\/baklazanais-idarytos-gordal-alyvuoges-45-kg\/"},"modified":"2025-04-10T12:05:35","modified_gmt":"2025-04-10T10:05:35","slug":"baklazanais-idarytos-gordal-alyvuoges-45-kg","status":"publish","type":"product","link":"https:\/\/myspainfood.com\/lt\/producto\/baklazanais-idarytos-gordal-alyvuoges-45-kg\/","title":{"rendered":"Bakla\u017eanais \u012fdarytos Gordal alyvuog\u0117s 4,5 kg"},"content":{"rendered":"<p>&#8222;Gordal&#8221; alyvuog\u0117s, \u012fdarytos &#8222;Gordal&#8221; veisl\u0117s bakla\u017eanais, \u012fdarytais m\u016bs\u0173 tradiciniais &#8222;Almagro&#8221; <a href=\"https:\/\/www.laencajera.es\/aceitunas\" target=\"_blank\" rel=\"noopener noreferrer nofollow\">bakla\u017eanais<\/a>.<\/p>\n<p>Viena populiariausi\u0173 veisli\u0173. Puikiai tinka kaip aperityvas. <\/p>\n<p>Sudedamosios dalys: (be kauliuk\u0173), bakla\u017eanai &#8222;De Almagro&#8221;, vanduo, druska, vyno actas, malti kmynai, paprikos de la Vera, raudon\u0117liai, kvapiosios med\u017eiagos (E-621, E-631, E-627), r\u016bg\u0161tingum\u0105 reguliuojanti med\u017eiaga (E-330), konservantai (E-260, E-211, E-202), antioksidantas (E-300) ir nat\u016bralios esencijos (pipir\u0173 esencija, \u010desnak\u0173 esencija, kmyn\u0173 esencija). Sud\u0117tyje gali b\u016bti sulfit\u0173. <\/p>\n<p>Laikykite v\u0117sioje, sausoje vietoje, nuo 3\u00baC iki 10\u00baC temperat\u016broje.<\/p>\n<p>Saugokite nuo saul\u0117s spinduli\u0173 ir stipri\u0173 kvap\u0173.<\/p>\n<p>Atidarytas alyvuoges &#8222;Gordal&#8221; \u012fdarykite bakla\u017eanais. Laikykite \u0161aldytuve ir suvartokite per 30 dien\u0173.<\/p>\n<p>Jei norite nusipirkti alyvuogi\u0173 ar kit\u0173 <a href=\"https:\/\/latiendadesami.com\/categoria-producto\/encurtidos\/\" rel=\"noopener noreferrer nofollow\" target=\"_blank\">marinuot\u0173 agurk\u0173<\/a>, nedvejodami per\u017ei\u016br\u0117kite m\u016bs\u0173 internetin\u012f katalog\u0105 ir susipa\u017einkite su pla\u010dia <a href=\"https:\/\/latiendadesami.com\/categoria-producto\/encurtidos\/berenjenas\/\" target=\"_blank\" rel=\"noopener noreferrer nofollow\">bakla\u017ean\u0173<\/a> \u012fvairove.<\/p>\n<p>\u0160is prek\u0117s \u017eenklas yra &#8222;La Encajonera&#8221; - 1990 m. \u012fkurta \u0161eimos \u012fmon\u0117, \u012fsik\u016brusi pa\u010dioje La Man\u010dos \u0161irdyje, ALMAGRO miestelyje, Siudad Realo provincijoje.<\/p>\n<p>Jos produkt\u0173 gamybos procesas pradedamas toje pa\u010dioje auginimo vietov\u0117je, atrenkant geriausios kokyb\u0117s produkt\u0105.<\/p>\n<p>Gamykloje \u012fdiegtos pa\u017eangiausios technologijos, ta\u010diau i\u0161saugotos amatinink\u0173 tradicijos ir \u017einios.<\/p>\n","protected":false},"excerpt":{"rendered":"<p>&#8222;Gordal&#8221; alyvuog\u0117s, \u012fdarytos &#8222;Gordal&#8221; veisl\u0117s bakla\u017eanais, \u012fdarytais m\u016bs\u0173 tradiciniais &#8222;Almagro&#8221; bakla\u017eanais. Viena populiariausi\u0173 veisli\u0173. Puikiai tinka kaip aperityvas. Sudedamosios dalys: (be kauliuk\u0173), bakla\u017eanai &#8222;De Almagro&#8221;, vanduo, druska, vyno actas, malti kmynai, paprikos de la Vera, raudon\u0117liai, kvapiosios med\u017eiagos (E-621, E-631, E-627), r\u016bg\u0161tingum\u0105 reguliuojanti med\u017eiaga (E-330), konservantai (E-260, E-211, E-202), antioksidantas (E-300) ir nat\u016bralios esencijos (pipir\u0173 [&hellip;]<\/p>\n","protected":false},"featured_media":18263,"template":"","meta":{"_et_pb_use_builder":"","_et_pb_old_content":"","_et_gb_content_width":""},"product_brand":[],"product_cat":[1718,1715],"product_tag":[2168,2169],"class_list":{"0":"post-18261","1":"product","2":"type-product","3":"status-publish","4":"has-post-thumbnail","6":"product_cat-alyvuoges","7":"product_cat-pickles-lt","8":"product_tag-baklazanai","9":"product_tag-uzpildykite","11":"first","12":"instock","13":"taxable","14":"shipping-taxable","15":"purchasable","16":"product-type-simple"},"_links":{"self":[{"href":"https:\/\/myspainfood.com\/lt\/wp-json\/wp\/v2\/product\/18261","targetHints":{"allow":["GET"]}}],"collection":[{"href":"https:\/\/myspainfood.com\/lt\/wp-json\/wp\/v2\/product"}],"about":[{"href":"https:\/\/myspainfood.com\/lt\/wp-json\/wp\/v2\/types\/product"}],"wp:featuredmedia":[{"embeddable":true,"href":"https:\/\/myspainfood.com\/lt\/wp-json\/wp\/v2\/media\/18263"}],"wp:attachment":[{"href":"https:\/\/myspainfood.com\/lt\/wp-json\/wp\/v2\/media?parent=18261"}],"wp:term":[{"taxonomy":"product_brand","embeddable":true,"href":"https:\/\/myspainfood.com\/lt\/wp-json\/wp\/v2\/product_brand?post=18261"},{"taxonomy":"product_cat","embeddable":true,"href":"https:\/\/myspainfood.com\/lt\/wp-json\/wp\/v2\/product_cat?post=18261"},{"taxonomy":"product_tag","embeddable":true,"href":"https:\/\/myspainfood.com\/lt\/wp-json\/wp\/v2\/product_tag?post=18261"}],"curies":[{"name":"wp","href":"https:\/\/api.w.org\/{rel}","templated":true}]}}