{"id":18278,"date":"2025-04-10T12:09:16","date_gmt":"2025-04-10T10:09:16","guid":{"rendered":"https:\/\/myspainfood.com\/producto\/manzanilla-olive-anciuviu-skonio-140-160-5-kg-nusausinti\/"},"modified":"2025-04-10T12:09:16","modified_gmt":"2025-04-10T10:09:16","slug":"manzanilla-olive-anciuviu-skonio-140-160-5-kg-nusausinti","status":"publish","type":"product","link":"https:\/\/myspainfood.com\/lt\/producto\/manzanilla-olive-anciuviu-skonio-140-160-5-kg-nusausinti\/","title":{"rendered":"Manzanilla Olive An\u010diuvi\u0173 skonio 140-160 5 kg nusausinti"},"content":{"rendered":"<p>An\u010diuvi\u0173 skonio manzaniljos alyvuog\u0117s yra populiariausios rinkoje. Jos labai vertinamos d\u0117l puikaus skonio. Jos daugiausia naudojamos kaip valgomosios alyvuog\u0117s. Gelsvai \u017ealios spalvos, be kauliuk\u0173, \u0161velnaus skonio. Pla\u010diai naudojamos kaip aperityvas ir u\u017ekandis. Jos naudojamos pic\u0173, salot\u0173 ar sud\u0117tingesni\u0173 patiekal\u0173 gamyboje.     <\/p>\n<p>Sudedamosios dalys: Alyvuog\u0117s, vanduo, druska, r\u016bg\u0161tingum\u0105 reguliuojanti med\u017eiaga (E-330), konservantai<\/p>\n<p>(E-211, E-202, E-270) Antioksidantas (E-300)<\/p>\n<p>Gali b\u016bti sulfit\u0173.<\/p>\n<p>Laikykite v\u0117sioje, sausoje vietoje, nuo 3\u00baC iki 10\u00baC temperat\u016broje.<\/p>\n<p>Saugokite nuo saul\u0117s spinduli\u0173 ir stipri\u0173 kvap\u0173.<\/p>\n<p>Jei norite nusipirkti alyvuogi\u0173 ar kit\u0173 <a href=\"https:\/\/latiendadesami.com\/categoria-producto\/encurtidos\/\" rel=\"noopener noreferrer nofollow\" target=\"_blank\">marinuot\u0173 agurk\u0173<\/a>, nedvejodami per\u017ei\u016br\u0117kite m\u016bs\u0173 internetin\u012f katalog\u0105 ir susipa\u017einkite su pla\u010dia <a href=\"https:\/\/latiendadesami.com\/categoria-producto\/encurtidos\/berenjenas\/\" target=\"_blank\" rel=\"noopener noreferrer nofollow\">bakla\u017ean\u0173<\/a> \u012fvairove.<\/p>\n<p>Tai 1990 m. \u012fkurta \u0161eimos \u012fmon\u0117 &#8222;La Encajera&#8221;, \u012fsik\u016brusi pa\u010dioje La Man\u010dos \u0161irdyje, ALMAGRO miestelyje, Siudad Realo provincijoje.<\/p>\n<p>Jos produkt\u0173 gamybos procesas pradedamas toje pa\u010dioje auginimo vietov\u0117je, atrenkant geriausios kokyb\u0117s produkt\u0105.<\/p>\n<p>Gamykloje \u012fdiegtos pa\u017eangiausios technologijos, ta\u010diau i\u0161saugotos amatinink\u0173 tradicijos ir \u017einios.<\/p>\n","protected":false},"excerpt":{"rendered":"<p>An\u010diuvi\u0173 skonio manzaniljos alyvuog\u0117s yra populiariausios rinkoje. Jos labai vertinamos d\u0117l puikaus skonio. Jos daugiausia naudojamos kaip valgomosios alyvuog\u0117s. Gelsvai \u017ealios spalvos, be kauliuk\u0173, \u0161velnaus skonio. Pla\u010diai naudojamos kaip aperityvas ir u\u017ekandis. Jos naudojamos pic\u0173, salot\u0173 ar sud\u0117tingesni\u0173 patiekal\u0173 gamyboje. Sudedamosios dalys: Alyvuog\u0117s, vanduo, druska, r\u016bg\u0161tingum\u0105 reguliuojanti med\u017eiaga (E-330), konservantai (E-211, E-202, E-270) Antioksidantas (E-300) [&hellip;]<\/p>\n","protected":false},"featured_media":18283,"template":"","meta":{"_et_pb_use_builder":"","_et_pb_old_content":"","_et_gb_content_width":""},"product_brand":[],"product_cat":[1718,1715],"product_tag":[2168,2169],"class_list":{"0":"post-18278","1":"product","2":"type-product","3":"status-publish","4":"has-post-thumbnail","6":"product_cat-alyvuoges","7":"product_cat-pickles-lt","8":"product_tag-baklazanai","9":"product_tag-uzpildykite","11":"first","12":"instock","13":"taxable","14":"shipping-taxable","15":"purchasable","16":"product-type-simple"},"_links":{"self":[{"href":"https:\/\/myspainfood.com\/lt\/wp-json\/wp\/v2\/product\/18278","targetHints":{"allow":["GET"]}}],"collection":[{"href":"https:\/\/myspainfood.com\/lt\/wp-json\/wp\/v2\/product"}],"about":[{"href":"https:\/\/myspainfood.com\/lt\/wp-json\/wp\/v2\/types\/product"}],"wp:featuredmedia":[{"embeddable":true,"href":"https:\/\/myspainfood.com\/lt\/wp-json\/wp\/v2\/media\/18283"}],"wp:attachment":[{"href":"https:\/\/myspainfood.com\/lt\/wp-json\/wp\/v2\/media?parent=18278"}],"wp:term":[{"taxonomy":"product_brand","embeddable":true,"href":"https:\/\/myspainfood.com\/lt\/wp-json\/wp\/v2\/product_brand?post=18278"},{"taxonomy":"product_cat","embeddable":true,"href":"https:\/\/myspainfood.com\/lt\/wp-json\/wp\/v2\/product_cat?post=18278"},{"taxonomy":"product_tag","embeddable":true,"href":"https:\/\/myspainfood.com\/lt\/wp-json\/wp\/v2\/product_tag?post=18278"}],"curies":[{"name":"wp","href":"https:\/\/api.w.org\/{rel}","templated":true}]}}