{"id":18618,"date":"2025-04-10T12:16:51","date_gmt":"2025-04-10T10:16:51","guid":{"rendered":"https:\/\/myspainfood.com\/producto\/partija-3c-kantabrijos-anciuviu-file-silkes-file-silkes-file-su-alyvuogemis-picarpicar\/"},"modified":"2026-01-13T13:54:35","modified_gmt":"2026-01-13T12:54:35","slug":"partija-3c-kantabrijos-anciuviu-file-silkes-file-silkes-file-su-alyvuogemis-picarpicar","status":"publish","type":"product","link":"https:\/\/myspainfood.com\/lt\/producto\/partija-3c-kantabrijos-anciuviu-file-silkes-file-silkes-file-su-alyvuogemis-picarpicar\/","title":{"rendered":"Partija 3C Kantabrijos an\u010diuvi\u0173 fil\u0117 - silk\u0117s fil\u0117 - silk\u0117s fil\u0117 su alyvuog\u0117mis Picar&amp;Picar"},"content":{"rendered":"<p>TURINYS:<\/p>\n<ul>\n<li>Biskajos \u012flankos an\u010diuvi\u0173 fil\u0117:<\/li>\n<\/ul>\n<p>300 g t\u016bbel\u0117: 1 vnt.<\/p>\n<ul>\n<li>Silk\u0117s fil\u0117:<\/li>\n<\/ul>\n<p>220 gr pad\u0117klas: 1 vnt.<\/p>\n<ul>\n<li>Silk\u0117s fil\u0117 su alyvuog\u0117mis:<\/li>\n<\/ul>\n<p>220 gr pad\u0117klas: 1 vnt.<\/p>\n","protected":false},"excerpt":{"rendered":"<p>TURINYS: Biskajos \u012flankos an\u010diuvi\u0173 fil\u0117: 300 g t\u016bbel\u0117: 1 vnt. Silk\u0117s fil\u0117: 220 gr pad\u0117klas: 1 vnt. Silk\u0117s fil\u0117 su alyvuog\u0117mis: 220 gr pad\u0117klas: 1 vnt.<\/p>\n","protected":false},"featured_media":18620,"template":"","meta":{"_et_pb_use_builder":"","_et_pb_old_content":"","_et_gb_content_width":""},"product_brand":[1127],"product_cat":[1903,1812],"product_tag":[],"class_list":{"0":"post-18618","1":"product","2":"type-product","3":"status-publish","4":"has-post-thumbnail","6":"product_brand-picarpicar","7":"product_cat-anciuviai-lt","8":"product_cat-saltas","9":"product_shipping_class-saltoji-siunta","11":"first","12":"outofstock","13":"taxable","14":"shipping-taxable","15":"purchasable","16":"product-type-simple"},"_links":{"self":[{"href":"https:\/\/myspainfood.com\/lt\/wp-json\/wp\/v2\/product\/18618","targetHints":{"allow":["GET"]}}],"collection":[{"href":"https:\/\/myspainfood.com\/lt\/wp-json\/wp\/v2\/product"}],"about":[{"href":"https:\/\/myspainfood.com\/lt\/wp-json\/wp\/v2\/types\/product"}],"wp:featuredmedia":[{"embeddable":true,"href":"https:\/\/myspainfood.com\/lt\/wp-json\/wp\/v2\/media\/18620"}],"wp:attachment":[{"href":"https:\/\/myspainfood.com\/lt\/wp-json\/wp\/v2\/media?parent=18618"}],"wp:term":[{"taxonomy":"product_brand","embeddable":true,"href":"https:\/\/myspainfood.com\/lt\/wp-json\/wp\/v2\/product_brand?post=18618"},{"taxonomy":"product_cat","embeddable":true,"href":"https:\/\/myspainfood.com\/lt\/wp-json\/wp\/v2\/product_cat?post=18618"},{"taxonomy":"product_tag","embeddable":true,"href":"https:\/\/myspainfood.com\/lt\/wp-json\/wp\/v2\/product_tag?post=18618"}],"curies":[{"name":"wp","href":"https:\/\/api.w.org\/{rel}","templated":true}]}}