{"id":18690,"date":"2025-04-10T12:16:51","date_gmt":"2025-04-10T10:16:51","guid":{"rendered":"https:\/\/myspainfood.com\/producto\/lota-1f-anciuviu-file-aliejuje-anciuviu-file-acte-anciuviu-file-cesnaku-ir-petrazoliu-padaze-cesnakai-ir-petrazoles-sok-ir-pjaustyk\/"},"modified":"2026-01-13T13:53:46","modified_gmt":"2026-01-13T12:53:46","slug":"lota-1f-anciuviu-file-aliejuje-anciuviu-file-acte-anciuviu-file-cesnaku-ir-petrazoliu-padaze-cesnakai-ir-petrazoles-sok-ir-pjaustyk","status":"publish","type":"product","link":"https:\/\/myspainfood.com\/lt\/producto\/lota-1f-anciuviu-file-aliejuje-anciuviu-file-acte-anciuviu-file-cesnaku-ir-petrazoliu-padaze-cesnakai-ir-petrazoles-sok-ir-pjaustyk\/","title":{"rendered":"Lota 1F An\u010diuvi\u0173 fil\u0117 aliejuje, an\u010diuvi\u0173 fil\u0117 acte, an\u010diuvi\u0173 fil\u0117 \u010desnak\u0173 ir petra\u017eoli\u0173 pada\u017ee (\u010desnakai ir petra\u017eol\u0117s) \u0160ok ir pjaustyk"},"content":{"rendered":"<p>TURINYS:<\/p>\n<ul>\n<li>An\u010diuvi\u0173 fil\u0117 aliejuje:<\/li>\n<\/ul>\n<p>Pad\u0117klas 200 gr: 3 vnt.<\/p>\n<ul>\n<li>An\u010diuvi\u0173 fil\u0117 acte:<\/li>\n<\/ul>\n<p>Pad\u0117klas 200 gr: 3 vnt.<\/p>\n<ul>\n<li>An\u010diuvi\u0173 fil\u0117 su prieskoniais (\u010desnaku ir petra\u017eol\u0117mis):<\/li>\n<\/ul>\n<p>Pad\u0117klas 200 gr: 3 vnt.<\/p>\n","protected":false},"excerpt":{"rendered":"<p>TURINYS: An\u010diuvi\u0173 fil\u0117 aliejuje: Pad\u0117klas 200 gr: 3 vnt. An\u010diuvi\u0173 fil\u0117 acte: Pad\u0117klas 200 gr: 3 vnt. An\u010diuvi\u0173 fil\u0117 su prieskoniais (\u010desnaku ir petra\u017eol\u0117mis): Pad\u0117klas 200 gr: 3 vnt.<\/p>\n","protected":false},"featured_media":18693,"template":"","meta":{"_et_pb_use_builder":"","_et_pb_old_content":"","_et_gb_content_width":""},"product_brand":[1127],"product_cat":[1903,1812],"product_tag":[],"class_list":{"0":"post-18690","1":"product","2":"type-product","3":"status-publish","4":"has-post-thumbnail","6":"product_brand-picarpicar","7":"product_cat-anciuviai-lt","8":"product_cat-saltas","9":"product_shipping_class-saltoji-siunta","11":"first","12":"outofstock","13":"taxable","14":"shipping-taxable","15":"purchasable","16":"product-type-simple"},"_links":{"self":[{"href":"https:\/\/myspainfood.com\/lt\/wp-json\/wp\/v2\/product\/18690","targetHints":{"allow":["GET"]}}],"collection":[{"href":"https:\/\/myspainfood.com\/lt\/wp-json\/wp\/v2\/product"}],"about":[{"href":"https:\/\/myspainfood.com\/lt\/wp-json\/wp\/v2\/types\/product"}],"wp:featuredmedia":[{"embeddable":true,"href":"https:\/\/myspainfood.com\/lt\/wp-json\/wp\/v2\/media\/18693"}],"wp:attachment":[{"href":"https:\/\/myspainfood.com\/lt\/wp-json\/wp\/v2\/media?parent=18690"}],"wp:term":[{"taxonomy":"product_brand","embeddable":true,"href":"https:\/\/myspainfood.com\/lt\/wp-json\/wp\/v2\/product_brand?post=18690"},{"taxonomy":"product_cat","embeddable":true,"href":"https:\/\/myspainfood.com\/lt\/wp-json\/wp\/v2\/product_cat?post=18690"},{"taxonomy":"product_tag","embeddable":true,"href":"https:\/\/myspainfood.com\/lt\/wp-json\/wp\/v2\/product_tag?post=18690"}],"curies":[{"name":"wp","href":"https:\/\/api.w.org\/{rel}","templated":true}]}}