{"id":18725,"date":"2025-04-10T12:16:50","date_gmt":"2025-04-10T10:16:50","guid":{"rendered":"https:\/\/myspainfood.com\/producto\/lot-3a-anciuviu-file-is-biskajos-ilankos-anciuviu-file-su-cesnaku-ir-petrazoliu-padazu-picarpicar\/"},"modified":"2026-01-13T13:51:06","modified_gmt":"2026-01-13T12:51:06","slug":"lot-3a-anciuviu-file-is-biskajos-ilankos-anciuviu-file-su-cesnaku-ir-petrazoliu-padazu-picarpicar","status":"publish","type":"product","link":"https:\/\/myspainfood.com\/lt\/producto\/lot-3a-anciuviu-file-is-biskajos-ilankos-anciuviu-file-su-cesnaku-ir-petrazoliu-padazu-picarpicar\/","title":{"rendered":"LOT 3A An\u010diuvi\u0173 fil\u0117 i\u0161 Biskajos \u012flankos - an\u010diuvi\u0173 fil\u0117 su \u010desnak\u0173 ir petra\u017eoli\u0173 pada\u017eu - Picar&amp;Picar"},"content":{"rendered":"<p>TURINYS:<\/p>\n<ul>\n<li>An\u010diuvi\u0173 fil\u0117:<\/li>\n<\/ul>\n<p>Pakuot\u0117: 3 vnt.<\/p>\n<ul>\n<li>Biskajos \u012flankos an\u010diuvi\u0173 fil\u0117:<\/li>\n<\/ul>\n<p>D\u0117klas 120 gr: 2 vnt.<\/p>\n<ul>\n<li>An\u010diuvi\u0173 fil\u0117 su prieskoniais (\u010desnaku ir petra\u017eol\u0117mis):<\/li>\n<\/ul>\n<p>700 g t\u016bbel\u0117: 1 vnt.<\/p>\n<p>Gurmani\u0161kas produktas.<\/p>\n","protected":false},"excerpt":{"rendered":"<p>TURINYS: An\u010diuvi\u0173 fil\u0117: Pakuot\u0117: 3 vnt. Biskajos \u012flankos an\u010diuvi\u0173 fil\u0117: D\u0117klas 120 gr: 2 vnt. An\u010diuvi\u0173 fil\u0117 su prieskoniais (\u010desnaku ir petra\u017eol\u0117mis): 700 g t\u016bbel\u0117: 1 vnt. Gurmani\u0161kas produktas.<\/p>\n","protected":false},"featured_media":18726,"template":"","meta":{"_et_pb_use_builder":"","_et_pb_old_content":"","_et_gb_content_width":""},"product_brand":[1127],"product_cat":[1903,1812],"product_tag":[],"class_list":{"0":"post-18725","1":"product","2":"type-product","3":"status-publish","4":"has-post-thumbnail","6":"product_brand-picarpicar","7":"product_cat-anciuviai-lt","8":"product_cat-saltas","9":"product_shipping_class-saltoji-siunta","11":"first","12":"outofstock","13":"taxable","14":"shipping-taxable","15":"purchasable","16":"product-type-simple"},"_links":{"self":[{"href":"https:\/\/myspainfood.com\/lt\/wp-json\/wp\/v2\/product\/18725","targetHints":{"allow":["GET"]}}],"collection":[{"href":"https:\/\/myspainfood.com\/lt\/wp-json\/wp\/v2\/product"}],"about":[{"href":"https:\/\/myspainfood.com\/lt\/wp-json\/wp\/v2\/types\/product"}],"wp:featuredmedia":[{"embeddable":true,"href":"https:\/\/myspainfood.com\/lt\/wp-json\/wp\/v2\/media\/18726"}],"wp:attachment":[{"href":"https:\/\/myspainfood.com\/lt\/wp-json\/wp\/v2\/media?parent=18725"}],"wp:term":[{"taxonomy":"product_brand","embeddable":true,"href":"https:\/\/myspainfood.com\/lt\/wp-json\/wp\/v2\/product_brand?post=18725"},{"taxonomy":"product_cat","embeddable":true,"href":"https:\/\/myspainfood.com\/lt\/wp-json\/wp\/v2\/product_cat?post=18725"},{"taxonomy":"product_tag","embeddable":true,"href":"https:\/\/myspainfood.com\/lt\/wp-json\/wp\/v2\/product_tag?post=18725"}],"curies":[{"name":"wp","href":"https:\/\/api.w.org\/{rel}","templated":true}]}}