{"id":18857,"date":"2025-04-10T12:16:20","date_gmt":"2025-04-10T10:16:20","guid":{"rendered":"https:\/\/myspainfood.com\/producto\/ekstra-tyras-alyvuogiu-aliejus-3-karuciu-pakuote-viejo-olivas-15-l\/"},"modified":"2026-01-29T12:35:20","modified_gmt":"2026-01-29T11:35:20","slug":"ekstra-tyras-alyvuogiu-aliejus-3-karuciu-pakuote-viejo-olivas-15-l","status":"publish","type":"product","link":"https:\/\/myspainfood.com\/lt\/producto\/ekstra-tyras-alyvuogiu-aliejus-3-karuciu-pakuote-viejo-olivas-15-l\/","title":{"rendered":"Ekstra tyras alyvuogi\u0173 aliejus - 3 karu\u010di\u0173 pakuot\u0117 - Viejo Olivas - 15 L"},"content":{"rendered":"<h3><strong>Ekstra tyras alyvuogi\u0173 aliejus - 3 karu\u010di\u0173 pakuot\u0117 - Viejo Olivas - 15 L<\/strong><\/h3>\n<p>Atraskite turting\u0105 Vidur\u017eemio j\u016bros regiono skon\u012f su &#8221; <strong>Viejo Olivas&#8221; ypa\u010d tyro alyvuogi\u0173 aliejaus pakuote<\/strong>, kuri\u0105 sudaro trys 5 litr\u0173 talpos buteliai. \u0160is aliejus gaunamas kruop\u0161\u010diai atrinkus auk\u0161\u010diausios kokyb\u0117s alyvuoges, auginamas tradicin\u0117se alyvmed\u017ei\u0173 girait\u0117se. <strong>\u0160alto ekstrahavimo procesas<\/strong> u\u017etikrina, kad kiekvienas la\u0161as i\u0161saugo visas maistines savybes ir i\u0161skirtin\u012f skon\u012f, b\u016bding\u0105 tikram auk\u0161\u010diausios kokyb\u0117s pirmojo spaudimo alyvuogi\u0173 aliejui.  <\/p>\n<p>Kiekviena 5 l talpos karfel\u0117 sukurta taip, kad atitikt\u0173 vir\u0117j\u0173 ir maisto m\u0117g\u0117j\u0173 poreikius. Vaisi\u0173 aromato ir subalansuoto skonio aliejus puikiai tinka salotoms, marinatams ir tro\u0161kiniams gardinti. Idealiai tinka kasdieniam naudojimui, o jo 15 l formatas leid\u017eia sutaupyti nema\u017eai l\u0117\u0161\u0173 nenuken\u010diant kokybei, tod\u0117l visada po ranka tur\u0117site \u0161\u012f svarb\u0173 Vidur\u017eemio j\u016bros regiono virtuv\u0117s ingredient\u0105.  <\/p>\n<p><strong>Kod\u0117l verta rinktis Viejo Olivas ypa\u010d tyr\u0105 alyvuogi\u0173 aliej\u0173?<\/strong><\/p>\n<ul>\n<li><strong>Auk\u0161\u010diausia kokyb\u0117<\/strong>: kiekviena karfel\u0117 pagaminta i\u0161 rinktini\u0173 alyvuogi\u0173, tod\u0117l aliejus yra intensyvaus skonio ir sveik\u0173 savybi\u0173.<\/li>\n<li><strong>Universalus naudojimas<\/strong>: puikiai tinka gaminti maist\u0105, pagardinti ir suteikti patiekalams i\u0161skirtinumo.<\/li>\n<li><strong>Ekonomi\u0161kumas<\/strong>: pirkdami pakuot\u0117je gaunate puik\u0173 kainos ir kokyb\u0117s santyk\u012f, idealiai tinkant\u012f \u0161eimoms ar svetingumo verslui.<\/li>\n<\/ul>\n<p>Be to, jei norite daugiau su\u017einoti apie alyvuogi\u0173 aliejaus naud\u0105, apsilankykite m\u016bs\u0173 alyvuogi\u0173 <a target=\"_new\" rel=\"noopener\">aliejaus naudos<\/a> skiltyje ir su\u017einokite, kaip jis gali pagerinti j\u016bs\u0173 sveikat\u0105 ir receptus. Jei norite platesnio pasirinkimo, apsilankykite m\u016bs\u0173 <a target=\"_new\" rel=\"noopener\">aliej\u0173 ir act\u0173<\/a> kategorijoje, kurioje rasite kit\u0173 auk\u0161tos kokyb\u0117s produkt\u0173, puikiai papildysian\u010di\u0173 j\u016bs\u0173 virtuv\u0119.<\/p>\n<p>Rinkdamiesi &#8221; <strong>Viejo Olivas&#8221; ypa\u010d tyro alyvuogi\u0173 aliejaus pakuot\u0119<\/strong> ne tik renkat\u0117s kokyb\u0119 ir skon\u012f, bet ir remiate tvari\u0105 ir atsaking\u0105 \u017eem\u0117s \u016bkio praktik\u0105. Pasinaudokite galimybe \u012f savo stal\u0105 perkelti geriausias Vidur\u017eemio j\u016bros regiono tradicijas, u\u017esisakykite \u0161iandien ir kiekvien\u0105 valg\u012f paverskite gurmani\u0161ka patirtimi!  <\/p>\n","protected":false},"excerpt":{"rendered":"<p>Ekstra tyras alyvuogi\u0173 aliejus - 3 karu\u010di\u0173 pakuot\u0117 - Viejo Olivas - 15 L Atraskite turting\u0105 Vidur\u017eemio j\u016bros regiono skon\u012f su &#8221; Viejo Olivas&#8221; ypa\u010d tyro alyvuogi\u0173 aliejaus pakuote, kuri\u0105 sudaro trys 5 litr\u0173 talpos buteliai. \u0160is aliejus gaunamas kruop\u0161\u010diai atrinkus auk\u0161\u010diausios kokyb\u0117s alyvuoges, auginamas tradicin\u0117se alyvmed\u017ei\u0173 girait\u0117se. \u0160alto ekstrahavimo procesas u\u017etikrina, kad kiekvienas la\u0161as [&hellip;]<\/p>\n","protected":false},"featured_media":18863,"template":"","meta":{"_et_pb_use_builder":"","_et_pb_old_content":"","_et_gb_content_width":""},"product_brand":[1221],"product_cat":[2225,2226],"product_tag":[2227],"class_list":{"0":"post-18857","1":"product","2":"type-product","3":"status-publish","4":"has-post-thumbnail","6":"product_brand-valdezarza","7":"product_cat-nafta","8":"product_cat-ypac-tyros-alyvuoges","9":"product_tag-nafta","11":"first","12":"outofstock","13":"featured","14":"taxable","15":"shipping-taxable","16":"purchasable","17":"product-type-simple"},"_links":{"self":[{"href":"https:\/\/myspainfood.com\/lt\/wp-json\/wp\/v2\/product\/18857","targetHints":{"allow":["GET"]}}],"collection":[{"href":"https:\/\/myspainfood.com\/lt\/wp-json\/wp\/v2\/product"}],"about":[{"href":"https:\/\/myspainfood.com\/lt\/wp-json\/wp\/v2\/types\/product"}],"wp:featuredmedia":[{"embeddable":true,"href":"https:\/\/myspainfood.com\/lt\/wp-json\/wp\/v2\/media\/18863"}],"wp:attachment":[{"href":"https:\/\/myspainfood.com\/lt\/wp-json\/wp\/v2\/media?parent=18857"}],"wp:term":[{"taxonomy":"product_brand","embeddable":true,"href":"https:\/\/myspainfood.com\/lt\/wp-json\/wp\/v2\/product_brand?post=18857"},{"taxonomy":"product_cat","embeddable":true,"href":"https:\/\/myspainfood.com\/lt\/wp-json\/wp\/v2\/product_cat?post=18857"},{"taxonomy":"product_tag","embeddable":true,"href":"https:\/\/myspainfood.com\/lt\/wp-json\/wp\/v2\/product_tag?post=18857"}],"curies":[{"name":"wp","href":"https:\/\/api.w.org\/{rel}","templated":true}]}}