{"id":18886,"date":"2025-04-10T12:16:30","date_gmt":"2025-04-10T10:16:30","guid":{"rendered":"https:\/\/myspainfood.com\/producto\/100-iberijos-kiaulienos-nugarine-serta-geltonaisiais-gyslociais-fili-500-gr\/"},"modified":"2026-01-29T13:11:38","modified_gmt":"2026-01-29T12:11:38","slug":"100-iberijos-kiaulienos-nugarine-serta-geltonaisiais-gyslociais-fili-500-gr","status":"publish","type":"product","link":"https:\/\/myspainfood.com\/lt\/producto\/100-iberijos-kiaulienos-nugarine-serta-geltonaisiais-gyslociais-fili-500-gr\/","title":{"rendered":"100 % Iberijos kiaulienos nugarin\u0117, \u0161erta geltonaisiais gyslo\u010diais - FILI - 500 gr"},"content":{"rendered":"<h3>100 % iberin\u0117s kiaulienos nugarin\u0117s, maitintos gliaudytomis gyslo\u010diomis, nugarin\u0117 - FILI - 800 gr<\/h3>\n<p>800 g <strong>kiaulienos nugarin\u0117s, \u0161eriamos 100 % iberi\u0161komis geltekl\u0117mis, FILI<\/strong> yra gurmani\u0161kas delikatesas, pagamintas i\u0161 grynaveisli\u0173 Iberijos kiauli\u0173, auginam\u0173 laukin\u0117je gamtoje ir \u0161eriam\u0173 geltekl\u0117mis. \u0160is amatinink\u0173 procesas ir kruop\u0161tus s\u016bdymas lemia nepakartojam\u0105 skon\u012f ir sulting\u0105 tekst\u016br\u0105. Puikiai tinka Iberijos regiono produkt\u0173 m\u0117g\u0117jams ir turi daug sveik\u0173 riebal\u0173 r\u016bg\u0161\u010di\u0173.  <\/p>\n<p>Nor\u0117dami su\u017einoti daugiau apie iberijos produkt\u0173 vartojimo naud\u0105, apsilankykite svetain\u0117je <a href=\"https:\/\/www.jamonlovers.es\" target=\"_new\" rel=\"noopener noreferrer nofollow\" target=\"_blank\">Jam\u00f3n Lovers<\/a>.<\/p>\n<p>Atraskite daugiau galimybi\u0173 m\u016bs\u0173 kategorijose <a href=\"https:\/\/latiendadesami.com\/categoria-producto\/queso-embutido\/\" target=\"_blank\" rel=\"noopener noreferrer nofollow\"><span style=\"color: #2ea3f2;\">De\u0161ros<\/span><\/a><\/p>\n","protected":false},"excerpt":{"rendered":"<p>100 % iberin\u0117s kiaulienos nugarin\u0117s, maitintos gliaudytomis gyslo\u010diomis, nugarin\u0117 - FILI - 800 gr 800 g kiaulienos nugarin\u0117s, \u0161eriamos 100 % iberi\u0161komis geltekl\u0117mis, FILI yra gurmani\u0161kas delikatesas, pagamintas i\u0161 grynaveisli\u0173 Iberijos kiauli\u0173, auginam\u0173 laukin\u0117je gamtoje ir \u0161eriam\u0173 geltekl\u0117mis. \u0160is amatinink\u0173 procesas ir kruop\u0161tus s\u016bdymas lemia nepakartojam\u0105 skon\u012f ir sulting\u0105 tekst\u016br\u0105. Puikiai tinka Iberijos regiono produkt\u0173 [&hellip;]<\/p>\n","protected":false},"featured_media":18887,"template":"","meta":{"_et_pb_use_builder":"","_et_pb_old_content":"","_et_gb_content_width":""},"product_brand":[1388],"product_cat":[2257,2256],"product_tag":[],"class_list":{"0":"post-18886","1":"product","2":"type-product","3":"status-publish","4":"has-post-thumbnail","6":"product_brand-fili","7":"product_cat-desra","8":"product_cat-suris-ir-desra","10":"first","11":"outofstock","12":"taxable","13":"shipping-taxable","14":"purchasable","15":"product-type-simple"},"_links":{"self":[{"href":"https:\/\/myspainfood.com\/lt\/wp-json\/wp\/v2\/product\/18886","targetHints":{"allow":["GET"]}}],"collection":[{"href":"https:\/\/myspainfood.com\/lt\/wp-json\/wp\/v2\/product"}],"about":[{"href":"https:\/\/myspainfood.com\/lt\/wp-json\/wp\/v2\/types\/product"}],"wp:featuredmedia":[{"embeddable":true,"href":"https:\/\/myspainfood.com\/lt\/wp-json\/wp\/v2\/media\/18887"}],"wp:attachment":[{"href":"https:\/\/myspainfood.com\/lt\/wp-json\/wp\/v2\/media?parent=18886"}],"wp:term":[{"taxonomy":"product_brand","embeddable":true,"href":"https:\/\/myspainfood.com\/lt\/wp-json\/wp\/v2\/product_brand?post=18886"},{"taxonomy":"product_cat","embeddable":true,"href":"https:\/\/myspainfood.com\/lt\/wp-json\/wp\/v2\/product_cat?post=18886"},{"taxonomy":"product_tag","embeddable":true,"href":"https:\/\/myspainfood.com\/lt\/wp-json\/wp\/v2\/product_tag?post=18886"}],"curies":[{"name":"wp","href":"https:\/\/api.w.org\/{rel}","templated":true}]}}