{"id":19115,"date":"2025-04-10T12:16:39","date_gmt":"2025-04-10T10:16:39","guid":{"rendered":"https:\/\/myspainfood.com\/producto\/ypac-tyras-alyvuogiu-aliejus-viejo-olivar-5-litrai-cazorla-jaen\/"},"modified":"2026-01-29T12:36:30","modified_gmt":"2026-01-29T11:36:30","slug":"ypac-tyras-alyvuogiu-aliejus-viejo-olivar-5-litrai-cazorla-jaen","status":"publish","type":"product","link":"https:\/\/myspainfood.com\/lt\/producto\/ypac-tyras-alyvuogiu-aliejus-viejo-olivar-5-litrai-cazorla-jaen\/","title":{"rendered":"Ypa\u010d tyras alyvuogi\u0173 aliejus Viejo Olivar 5 litrai Cazorla Ja\u00e9n"},"content":{"rendered":"<p><strong>Ypa\u010d tyras alyvuogi\u0173 aliejus<\/strong> i\u0161 Jaeno yra vienas i\u0161 Ispanijos gastronomijos \u017evaig\u017ed\u017ei\u0173, taip pat m\u016bs\u0173 pristatomasis lai\u0161kas visame pasaulyje. Pirkti alyvuogi\u0173 aliej\u0173 rei\u0161kia \u012fsigyti i\u0161skirtin\u012f produkt\u0105 d\u0117l jo ne\u012ftik\u0117tinos naudos sveikatai. Be to, tai pagrindinis Vidur\u017eemio j\u016bros regiono dietos ingredientas, kurio netur\u0117t\u0173 tr\u016bkti jokioje save gerbian\u010dioje virtuv\u0117je.  <\/p>\n<p>Ypa\u010d tyras alyvuogi\u0173 aliejus yra i\u0161skirtinis savo skoniu, aromatu ir nauda organizmui. Jame gausu vitamin\u0173 A, D, E ir K, jis apsaugo nuo cholesterolio kaupimosi rizikos, gerina kraujosp\u016bd\u012f ir gerina \u017earnyno tranzit\u0105. D\u0117l vis\u0173 \u0161i\u0173 prie\u017eas\u010di\u0173 pirkti auk\u0161\u010diausios kokyb\u0117s pirmojo spaudimo alyvuogi\u0173 aliej\u0173 visada bus geriausias pasirinkimas j\u016bs\u0173 sveikatai ir skoniui.  <\/p>\n<p>Chajene did\u017eiuojam\u0117s b\u016bdami did\u017eiausi pasaulyje alyvuogi\u0173 aliejaus gamintojai, o m\u016bs\u0173 kra\u0161te gaminamas auk\u0161\u010diausios kokyb\u0117s pirmojo spaudimo alyvuogi\u0173 aliejus yra neabejotinai \u017einomiausias tiek nacionaliniu, tiek tarptautiniu mastu.<\/p>\n","protected":false},"excerpt":{"rendered":"<p>Ypa\u010d tyras alyvuogi\u0173 aliejus i\u0161 Jaeno yra vienas i\u0161 Ispanijos gastronomijos \u017evaig\u017ed\u017ei\u0173, taip pat m\u016bs\u0173 pristatomasis lai\u0161kas visame pasaulyje. Pirkti alyvuogi\u0173 aliej\u0173 rei\u0161kia \u012fsigyti i\u0161skirtin\u012f produkt\u0105 d\u0117l jo ne\u012ftik\u0117tinos naudos sveikatai. Be to, tai pagrindinis Vidur\u017eemio j\u016bros regiono dietos ingredientas, kurio netur\u0117t\u0173 tr\u016bkti jokioje save gerbian\u010dioje virtuv\u0117je. Ypa\u010d tyras alyvuogi\u0173 aliejus yra i\u0161skirtinis savo skoniu, [&hellip;]<\/p>\n","protected":false},"featured_media":18863,"template":"","meta":{"_et_pb_use_builder":"","_et_pb_old_content":"","_et_gb_content_width":""},"product_brand":[1221],"product_cat":[2225,2226],"product_tag":[2227],"class_list":{"0":"post-19115","1":"product","2":"type-product","3":"status-publish","4":"has-post-thumbnail","6":"product_brand-valdezarza","7":"product_cat-nafta","8":"product_cat-ypac-tyros-alyvuoges","9":"product_tag-nafta","11":"first","12":"outofstock","13":"featured","14":"taxable","15":"shipping-taxable","16":"product-type-variable"},"_links":{"self":[{"href":"https:\/\/myspainfood.com\/lt\/wp-json\/wp\/v2\/product\/19115","targetHints":{"allow":["GET"]}}],"collection":[{"href":"https:\/\/myspainfood.com\/lt\/wp-json\/wp\/v2\/product"}],"about":[{"href":"https:\/\/myspainfood.com\/lt\/wp-json\/wp\/v2\/types\/product"}],"wp:featuredmedia":[{"embeddable":true,"href":"https:\/\/myspainfood.com\/lt\/wp-json\/wp\/v2\/media\/18863"}],"wp:attachment":[{"href":"https:\/\/myspainfood.com\/lt\/wp-json\/wp\/v2\/media?parent=19115"}],"wp:term":[{"taxonomy":"product_brand","embeddable":true,"href":"https:\/\/myspainfood.com\/lt\/wp-json\/wp\/v2\/product_brand?post=19115"},{"taxonomy":"product_cat","embeddable":true,"href":"https:\/\/myspainfood.com\/lt\/wp-json\/wp\/v2\/product_cat?post=19115"},{"taxonomy":"product_tag","embeddable":true,"href":"https:\/\/myspainfood.com\/lt\/wp-json\/wp\/v2\/product_tag?post=19115"}],"curies":[{"name":"wp","href":"https:\/\/api.w.org\/{rel}","templated":true}]}}