{"id":19200,"date":"2025-04-10T12:16:41","date_gmt":"2025-04-10T10:16:41","guid":{"rendered":"https:\/\/myspainfood.com\/producto\/iberijos-cebo-huelvos-kumpis-sn-finca-6-kg-apytiksliai\/"},"modified":"2026-01-30T14:27:22","modified_gmt":"2026-01-30T13:27:22","slug":"iberijos-cebo-huelvos-kumpis-sn-finca-6-kg-apytiksliai","status":"publish","type":"product","link":"https:\/\/myspainfood.com\/lt\/producto\/iberijos-cebo-huelvos-kumpis-sn-finca-6-kg-apytiksliai\/","title":{"rendered":"Iberijos Cebo Huelvos kumpis - SN Finca - 6 kg (apytiksliai)"},"content":{"rendered":"<p>Iberijos &#8222;Cebo Huelva&#8221; kumpis - &#8222;SN Finca&#8221; - 6 kg yra puikios kokyb\u0117s gabalas, vytintas nat\u016braliose d\u017eiovyklose Huelvoje, taikant tradicin\u012f d\u017eiovinimo proces\u0105, kuris suteikia jam b\u016bding\u0105 aromat\u0105 ir gerai \u017einom\u0105 skon\u012f. D\u0117l tokio kruop\u0161tumo \u0161is gabalas d\u017eiugina Iberijos kumpio m\u0117g\u0117jus.<\/p>\n<h3><strong>Iberijos &#8222;Cebo Huelva&#8221; kumpio savyb\u0117s<\/strong><\/h3>\n<ol>\n<li><strong>Garantuota kilm\u0117<\/strong>\n<p>\u0160is kumpis gaminamas Huelvoje - regione, visame pasaulyje gars\u0117jan\u010diame idealiu klimatu kumpiams vytinti. Siera de Huelva u\u017etikrina puiki\u0105 dr\u0117gm\u0117s ir temperat\u016bros pusiausvyr\u0105, tod\u0117l kumpiai yra optimaliai brandinami. <\/li>\n<li><strong>Sertifikuota kokyb\u0117<\/strong>\n<p>Kiekvienas gaminys atitinka grie\u017et\u0105 kokyb\u0117s kontrol\u0119. &#8222;SN Finca&#8221; garantuoja atsekam\u0105 produkto kilm\u0119 ir u\u017etikrina, kad vartotojas gaus geriausi\u0105 Pir\u0117n\u0173 pusiasalio tradicij\u0105. <\/li>\n<li><strong>Ilgalaikis s\u016bdymas<\/strong>\n<p>\u0160is kumpis, s\u016bdomas ma\u017edaug 24 m\u0117nesius, \u012fgauna sud\u0117ting\u0105 skon\u012f ir nepakartojam\u0105 aromat\u0105, kuris u\u017eburia poj\u016b\u010dius nuo pat pirmojo pj\u016bvio.<\/li>\n<li><strong>Idealus svoris<\/strong>\n<p>\u0160is <strong>6 kg (apytiksliai<\/strong>) kumpis puikiai tinka \u0161eimoms ir ypatingiems pob\u016bviams, nes u\u017etikrina puik\u0173 kiekyb\u0117s ir kokyb\u0117s santyk\u012f.<\/li>\n<li><strong>I\u0161skirtinis pristatymas<\/strong>\n<p>Pj\u016bvyje i\u0161ry\u0161k\u0117ja b\u016bdingas marmuringumas, kuris yra neabejotinas kokyb\u0117s po\u017eymis. Subalansuotas riebal\u0173 ir m\u0117sos santykis u\u017etikrina nepakartojam\u0105 kiekvieno gabal\u0117lio skon\u012f. <\/li>\n<\/ol>\n<p><a href=\"https:\/\/latiendadesami.com\/categoria-producto\/queso-embutido\/\" target=\"_blank\" rel=\"noopener noreferrer nofollow\">\u010cia<\/a> rasite gurmani\u0161k\u0173 gamini\u0173, kurie puikiai tinka m\u0117gautis su \u0161eima ir draugais.<\/p>\n","protected":false},"excerpt":{"rendered":"<p>Iberijos &#8222;Cebo Huelva&#8221; kumpis - &#8222;SN Finca&#8221; - 6 kg yra puikios kokyb\u0117s gabalas, vytintas nat\u016braliose d\u017eiovyklose Huelvoje, taikant tradicin\u012f d\u017eiovinimo proces\u0105, kuris suteikia jam b\u016bding\u0105 aromat\u0105 ir gerai \u017einom\u0105 skon\u012f. D\u0117l tokio kruop\u0161tumo \u0161is gabalas d\u017eiugina Iberijos kumpio m\u0117g\u0117jus. Iberijos &#8222;Cebo Huelva&#8221; kumpio savyb\u0117s Garantuota kilm\u0117 \u0160is kumpis gaminamas Huelvoje - regione, visame pasaulyje [&hellip;]<\/p>\n","protected":false},"featured_media":19203,"template":"","meta":{"_et_pb_use_builder":"","_et_pb_old_content":"","_et_gb_content_width":""},"product_brand":[],"product_cat":[8042],"product_tag":[],"class_list":{"0":"post-19200","1":"product","2":"type-product","3":"status-publish","4":"has-post-thumbnail","6":"product_cat-testavimo-kategorija","8":"first","9":"outofstock","10":"taxable","11":"shipping-taxable","12":"purchasable","13":"product-type-simple"},"_links":{"self":[{"href":"https:\/\/myspainfood.com\/lt\/wp-json\/wp\/v2\/product\/19200","targetHints":{"allow":["GET"]}}],"collection":[{"href":"https:\/\/myspainfood.com\/lt\/wp-json\/wp\/v2\/product"}],"about":[{"href":"https:\/\/myspainfood.com\/lt\/wp-json\/wp\/v2\/types\/product"}],"wp:featuredmedia":[{"embeddable":true,"href":"https:\/\/myspainfood.com\/lt\/wp-json\/wp\/v2\/media\/19203"}],"wp:attachment":[{"href":"https:\/\/myspainfood.com\/lt\/wp-json\/wp\/v2\/media?parent=19200"}],"wp:term":[{"taxonomy":"product_brand","embeddable":true,"href":"https:\/\/myspainfood.com\/lt\/wp-json\/wp\/v2\/product_brand?post=19200"},{"taxonomy":"product_cat","embeddable":true,"href":"https:\/\/myspainfood.com\/lt\/wp-json\/wp\/v2\/product_cat?post=19200"},{"taxonomy":"product_tag","embeddable":true,"href":"https:\/\/myspainfood.com\/lt\/wp-json\/wp\/v2\/product_tag?post=19200"}],"curies":[{"name":"wp","href":"https:\/\/api.w.org\/{rel}","templated":true}]}}