{"id":19245,"date":"2025-04-10T12:16:46","date_gmt":"2025-04-10T10:16:46","guid":{"rendered":"https:\/\/myspainfood.com\/producto\/1a-dalis-anciuviai-ir-anciuviai-picarpicar\/"},"modified":"2026-01-13T13:52:29","modified_gmt":"2026-01-13T12:52:29","slug":"1a-dalis-anciuviai-ir-anciuviai-picarpicar","status":"publish","type":"product","link":"https:\/\/myspainfood.com\/lt\/producto\/1a-dalis-anciuviai-ir-anciuviai-picarpicar\/","title":{"rendered":"1a dalis - an\u010diuviai ir an\u010diuviai Picar&amp;Picar"},"content":{"rendered":"<p>1A LOTAS: Puik\u016bs auk\u0161\u010diausios kokyb\u0117s \u017euvies konservai, partij\u0105 sudaro: (3 vnt.), Kantabrijos an\u010diuvi\u0173 fil\u0117 120gr (1 vnt.), An\u010diuvi\u0173 fil\u0117 aliejuje 200gr (1 vnt.), An\u010diuvi\u0173 fil\u0117 acte 200gr (1 vnt.), An\u010diuvi\u0173 fil\u0117 \u010desnakuose ir petra\u017eol\u0117se 200gr (1 vnt.), An\u010diuvi\u0173 fil\u0117 \u010desnakuose ir petra\u017eol\u0117se 200gr (1 vnt.) ir An\u010diuvi\u0173 blakstien\u0117l\u0117s 220gr (1 vnt.).<\/p>\n<p>TURINYS:<\/p>\n<ul>\n<li>An\u010diuvi\u0173 fil\u0117:<\/li>\n<\/ul>\n<p>120 gr pakuot\u0117: 3 vnt.<\/p>\n<ul>\n<li>Biskajos \u012flankos an\u010diuvi\u0173 fil\u0117:<\/li>\n<\/ul>\n<p>D\u0117klas 120 gr: 1 vnt.<\/p>\n<ul>\n<li>An\u010diuvi\u0173 fil\u0117 aliejuje:<\/li>\n<\/ul>\n<p>Pad\u0117klas 200 gr: 1 vnt.<\/p>\n<ul>\n<li>An\u010diuvi\u0173 fil\u0117 acte:<\/li>\n<\/ul>\n<p>Pad\u0117klas 200 gr: 1 vnt.<\/p>\n<ul>\n<li>An\u010diuvi\u0173 fil\u0117 su prieskoniais (\u010desnaku ir petra\u017eol\u0117mis):<\/li>\n<\/ul>\n<p>Pad\u0117klas 200 gr: 1 vnt.<\/p>\n<ul>\n<li>Banderilla de boquer\u00f3n:<\/li>\n<\/ul>\n<p>220 gr pad\u0117klas: 1 vnt.<\/p>\n","protected":false},"excerpt":{"rendered":"<p>1A LOTAS: Puik\u016bs auk\u0161\u010diausios kokyb\u0117s \u017euvies konservai, partij\u0105 sudaro: (3 vnt.), Kantabrijos an\u010diuvi\u0173 fil\u0117 120gr (1 vnt.), An\u010diuvi\u0173 fil\u0117 aliejuje 200gr (1 vnt.), An\u010diuvi\u0173 fil\u0117 acte 200gr (1 vnt.), An\u010diuvi\u0173 fil\u0117 \u010desnakuose ir petra\u017eol\u0117se 200gr (1 vnt.), An\u010diuvi\u0173 fil\u0117 \u010desnakuose ir petra\u017eol\u0117se 200gr (1 vnt.) ir An\u010diuvi\u0173 blakstien\u0117l\u0117s 220gr (1 vnt.). TURINYS: An\u010diuvi\u0173 fil\u0117: 120 [&hellip;]<\/p>\n","protected":false},"featured_media":19246,"template":"","meta":{"_et_pb_use_builder":"","_et_pb_old_content":"","_et_gb_content_width":""},"product_brand":[1127],"product_cat":[1903,1812],"product_tag":[],"class_list":{"0":"post-19245","1":"product","2":"type-product","3":"status-publish","4":"has-post-thumbnail","6":"product_brand-picarpicar","7":"product_cat-anciuviai-lt","8":"product_cat-saltas","9":"product_shipping_class-saltoji-siunta","11":"first","12":"outofstock","13":"taxable","14":"shipping-taxable","15":"purchasable","16":"product-type-simple"},"_links":{"self":[{"href":"https:\/\/myspainfood.com\/lt\/wp-json\/wp\/v2\/product\/19245","targetHints":{"allow":["GET"]}}],"collection":[{"href":"https:\/\/myspainfood.com\/lt\/wp-json\/wp\/v2\/product"}],"about":[{"href":"https:\/\/myspainfood.com\/lt\/wp-json\/wp\/v2\/types\/product"}],"wp:featuredmedia":[{"embeddable":true,"href":"https:\/\/myspainfood.com\/lt\/wp-json\/wp\/v2\/media\/19246"}],"wp:attachment":[{"href":"https:\/\/myspainfood.com\/lt\/wp-json\/wp\/v2\/media?parent=19245"}],"wp:term":[{"taxonomy":"product_brand","embeddable":true,"href":"https:\/\/myspainfood.com\/lt\/wp-json\/wp\/v2\/product_brand?post=19245"},{"taxonomy":"product_cat","embeddable":true,"href":"https:\/\/myspainfood.com\/lt\/wp-json\/wp\/v2\/product_cat?post=19245"},{"taxonomy":"product_tag","embeddable":true,"href":"https:\/\/myspainfood.com\/lt\/wp-json\/wp\/v2\/product_tag?post=19245"}],"curies":[{"name":"wp","href":"https:\/\/api.w.org\/{rel}","templated":true}]}}