{"id":19492,"date":"2025-04-10T12:16:34","date_gmt":"2025-04-10T10:16:34","guid":{"rendered":"https:\/\/myspainfood.com\/producto\/zaliuzais-seriamos-50-iberines-kiaulienos-nugarines-nugarine-fili-500-gr\/"},"modified":"2026-01-29T13:19:22","modified_gmt":"2026-01-29T12:19:22","slug":"zaliuzais-seriamos-50-iberines-kiaulienos-nugarines-nugarine-fili-500-gr","status":"publish","type":"product","link":"https:\/\/myspainfood.com\/lt\/producto\/zaliuzais-seriamos-50-iberines-kiaulienos-nugarines-nugarine-fili-500-gr\/","title":{"rendered":"\u017dali\u016bzais \u0161eriamos 50% iberin\u0117s kiaulienos nugarin\u0117s nugarin\u0117 - Fili - 500 gr"},"content":{"rendered":"<p>800 gram\u0173 <strong>Iberijos kiaulienos nugarin\u0117s, \u0161eriamos 50 % gili\u0173 - FILI<\/strong> yra gurmani\u0161kas delikatesas, pagamintas i\u0161 grynaveisli\u0173 Iberijos kiauli\u0173, auginam\u0173 laukin\u0117je gamtoje ir \u0161eriam\u0173 gil\u0117s. \u0160is amatinink\u0173 procesas ir kruop\u0161tus s\u016bdymas lemia nepakartojam\u0105 skon\u012f ir sulting\u0105 tekst\u016br\u0105. Puikiai tinka Iberijos regiono produkt\u0173 m\u0117g\u0117jams ir turi daug sveik\u0173 riebal\u0173 r\u016bg\u0161\u010di\u0173.  <\/p>\n<p>Nor\u0117dami su\u017einoti daugiau apie iberijos produkt\u0173 vartojimo naud\u0105, apsilankykite svetain\u0117je <a href=\"https:\/\/www.jamonlovers.es\" target=\"_new\" rel=\"noopener noreferrer nofollow\" target=\"_blank\">Jam\u00f3n Lovers<\/a>.<\/p>\n<p>Atraskite daugiau galimybi\u0173 m\u016bs\u0173 kategorijose <a href=\"https:\/\/latiendadesami.com\/categoria-producto\/queso-embutido\/\" target=\"_blank\" rel=\"noopener noreferrer nofollow\"><span style=\"color: #2ea3f2;\">De\u0161ros<\/span><\/a><\/p>\n","protected":false},"excerpt":{"rendered":"<p>800 gram\u0173 Iberijos kiaulienos nugarin\u0117s, \u0161eriamos 50 % gili\u0173 - FILI yra gurmani\u0161kas delikatesas, pagamintas i\u0161 grynaveisli\u0173 Iberijos kiauli\u0173, auginam\u0173 laukin\u0117je gamtoje ir \u0161eriam\u0173 gil\u0117s. \u0160is amatinink\u0173 procesas ir kruop\u0161tus s\u016bdymas lemia nepakartojam\u0105 skon\u012f ir sulting\u0105 tekst\u016br\u0105. Puikiai tinka Iberijos regiono produkt\u0173 m\u0117g\u0117jams ir turi daug sveik\u0173 riebal\u0173 r\u016bg\u0161\u010di\u0173. Nor\u0117dami su\u017einoti daugiau apie iberijos produkt\u0173 [&hellip;]<\/p>\n","protected":false},"featured_media":19494,"template":"","meta":{"_et_pb_use_builder":"","_et_pb_old_content":"","_et_gb_content_width":""},"product_brand":[],"product_cat":[2257,2256],"product_tag":[],"class_list":{"0":"post-19492","1":"product","2":"type-product","3":"status-publish","4":"has-post-thumbnail","6":"product_cat-desra","7":"product_cat-suris-ir-desra","9":"first","10":"outofstock","11":"taxable","12":"shipping-taxable","13":"purchasable","14":"product-type-simple"},"_links":{"self":[{"href":"https:\/\/myspainfood.com\/lt\/wp-json\/wp\/v2\/product\/19492","targetHints":{"allow":["GET"]}}],"collection":[{"href":"https:\/\/myspainfood.com\/lt\/wp-json\/wp\/v2\/product"}],"about":[{"href":"https:\/\/myspainfood.com\/lt\/wp-json\/wp\/v2\/types\/product"}],"wp:featuredmedia":[{"embeddable":true,"href":"https:\/\/myspainfood.com\/lt\/wp-json\/wp\/v2\/media\/19494"}],"wp:attachment":[{"href":"https:\/\/myspainfood.com\/lt\/wp-json\/wp\/v2\/media?parent=19492"}],"wp:term":[{"taxonomy":"product_brand","embeddable":true,"href":"https:\/\/myspainfood.com\/lt\/wp-json\/wp\/v2\/product_brand?post=19492"},{"taxonomy":"product_cat","embeddable":true,"href":"https:\/\/myspainfood.com\/lt\/wp-json\/wp\/v2\/product_cat?post=19492"},{"taxonomy":"product_tag","embeddable":true,"href":"https:\/\/myspainfood.com\/lt\/wp-json\/wp\/v2\/product_tag?post=19492"}],"curies":[{"name":"wp","href":"https:\/\/api.w.org\/{rel}","templated":true}]}}