{"id":19565,"date":"2025-04-10T12:14:40","date_gmt":"2025-04-10T10:14:40","guid":{"rendered":"https:\/\/myspainfood.com\/producto\/neskrudintos-labai-keptos-piquillo-paprikos-destapa-la-huerta-190gr\/"},"modified":"2026-01-30T14:24:29","modified_gmt":"2026-01-30T13:24:29","slug":"neskrudintos-labai-keptos-piquillo-paprikos-destapa-la-huerta-190gr","status":"publish","type":"product","link":"https:\/\/myspainfood.com\/lt\/producto\/neskrudintos-labai-keptos-piquillo-paprikos-destapa-la-huerta-190gr\/","title":{"rendered":"Papildomai visos skrudintos Piquillo paprikos Destapa la huerta 190gr"},"content":{"rendered":"<p>Sudedamosios dalys: <\/p>\n<p> Atidarius laikyti \u0161aldytuve ir suvartoti geriausiai per 5 dienas<\/p>\n<p>Mes turime auk\u0161\u010diausi\u0105 kokyb\u0119 u\u017e geriausi\u0105 kain\u0105.<\/p>\n<p>Para\u0161ykite mums, jei norite gauti daugiau informacijos arba turite klausim\u0173 apie \u0161\u012f ar kit\u0105 m\u016bs\u0173 kataloge esant\u012f produkt\u0105.<\/p>\n","protected":false},"excerpt":{"rendered":"<p>Sudedamosios dalys: Atidarius laikyti \u0161aldytuve ir suvartoti geriausiai per 5 dienas Mes turime auk\u0161\u010diausi\u0105 kokyb\u0119 u\u017e geriausi\u0105 kain\u0105. Para\u0161ykite mums, jei norite gauti daugiau informacijos arba turite klausim\u0173 apie \u0161\u012f ar kit\u0105 m\u016bs\u0173 kataloge esant\u012f produkt\u0105.<\/p>\n","protected":false},"featured_media":19570,"template":"","meta":{"_et_pb_use_builder":"","_et_pb_old_content":"","_et_gb_content_width":""},"product_brand":[1129],"product_cat":[1966,2327],"product_tag":[2328,2329],"class_list":{"0":"post-19565","1":"product","2":"type-product","3":"status-publish","4":"has-post-thumbnail","6":"product_brand-mateo","7":"product_cat-konservai","8":"product_cat-pipirai","9":"product_tag-kepti","10":"product_tag-pipirai","12":"first","13":"outofstock","14":"featured","15":"taxable","16":"shipping-taxable","17":"product-type-variable"},"_links":{"self":[{"href":"https:\/\/myspainfood.com\/lt\/wp-json\/wp\/v2\/product\/19565","targetHints":{"allow":["GET"]}}],"collection":[{"href":"https:\/\/myspainfood.com\/lt\/wp-json\/wp\/v2\/product"}],"about":[{"href":"https:\/\/myspainfood.com\/lt\/wp-json\/wp\/v2\/types\/product"}],"wp:featuredmedia":[{"embeddable":true,"href":"https:\/\/myspainfood.com\/lt\/wp-json\/wp\/v2\/media\/19570"}],"wp:attachment":[{"href":"https:\/\/myspainfood.com\/lt\/wp-json\/wp\/v2\/media?parent=19565"}],"wp:term":[{"taxonomy":"product_brand","embeddable":true,"href":"https:\/\/myspainfood.com\/lt\/wp-json\/wp\/v2\/product_brand?post=19565"},{"taxonomy":"product_cat","embeddable":true,"href":"https:\/\/myspainfood.com\/lt\/wp-json\/wp\/v2\/product_cat?post=19565"},{"taxonomy":"product_tag","embeddable":true,"href":"https:\/\/myspainfood.com\/lt\/wp-json\/wp\/v2\/product_tag?post=19565"}],"curies":[{"name":"wp","href":"https:\/\/api.w.org\/{rel}","templated":true}]}}