{"id":19666,"date":"2025-04-10T12:14:40","date_gmt":"2025-04-10T10:14:40","guid":{"rendered":"https:\/\/myspainfood.com\/producto\/pietu-skumbres-file-ubago-su-alyvuogiu-aliejumi-105-gr\/"},"modified":"2026-01-30T14:23:21","modified_gmt":"2026-01-30T13:23:21","slug":"pietu-skumbres-file-ubago-su-alyvuogiu-aliejumi-105-gr","status":"publish","type":"product","link":"https:\/\/myspainfood.com\/lt\/producto\/pietu-skumbres-file-ubago-su-alyvuogiu-aliejumi-105-gr\/","title":{"rendered":"Piet\u0173 skumbr\u0117s fil\u0117 - Ubago - Su alyvuogi\u0173 aliejumi - 105 gr"},"content":{"rendered":"<h3><strong>&#8222;Ubago&#8221; pietin\u0117s skumbr\u0117s fil\u0117 su alyvuogi\u0173 aliejumi - tradicin\u0117 kokyb\u0117 ir skonis<\/strong><\/h3>\n<p>Atraskite <strong> <a href=\"https:\/\/ubagogroup.com\/\" target=\"_blank\" rel=\"noopener noreferrer nofollow\">Ubago<\/a> pietin\u0117s skumbr\u0117s fil\u0117 alyvuogi\u0173 aliejuje<\/strong>- delikates\u0105, kuriame gausu <a href=\"https:\/\/nutribiotica.es\/digestivo-y-nutricion\/omega-3-para-que-sirve\/\" target=\"_blank\" rel=\"noopener noreferrer nofollow\"><strong>omega-3<\/strong><\/a> ir baltym\u0173. \u0160is gurmani\u0161kas konservas - tai Atlanto vandenyno pakrant\u0117je sugauta skumbr\u0117, supakuota \u012f <strong>pirmojo spaudimo alyvuogi\u0173 aliej\u0173<\/strong>, kuris sustiprina jos skon\u012f ir \u0161vie\u017eum\u0105.<\/p>\n<p>Puikiai tinka sveikiems receptams ruo\u0161ti arba salotoms ir u\u017ekand\u017eiams gardinti. Daugiau apie <strong>pirmojo spaudimo alyvuogi\u0173 aliejaus<\/strong> naud\u0105 su\u017einosite <a href=\"https:\/\/latiendadesami.com\/category\/recetas\/\" rel=\"noopener noreferrer nofollow\" target=\"_blank\">m\u016bs\u0173 gurmani\u0161k\u0173 produkt\u0173 tinklara\u0161tyje<\/a>. <\/p>\n<p><strong>U\u017esisakykite \u0161iandien ir m\u0117gaukit\u0117s autenti\u0161ku pietini\u0173 pakran\u010di\u0173 skoniu.<\/strong> Jei jums patinka \u0161is produktas, nepraleiskite pro akis m\u016bs\u0173 si\u016blom\u0173 <strong><a href=\"https:\/\/latiendadesami.com\/categoria-producto\/conservas\/\" rel=\"noopener noreferrer nofollow\" target=\"_blank\">gurmani\u0161k\u0173 konserv\u0173<\/a><\/strong> arba atraskite kit\u0173 skani\u0173 <strong><a href=\"https:\/\/latiendadesami.com\/categoria-producto\/queso-embutido\/\" rel=\"noopener noreferrer nofollow\" target=\"_blank\">tipi\u0161k\u0173 ispani\u0161k\u0173 produkt\u0173<\/a><\/strong> aliej\u0173, vyn\u0173, de\u0161r\u0173 ir dar daugiau.<\/p>\n<p>Susipa\u017einkite su m\u016bs\u0173 parduotuve ir parsive\u017ekite geriausius Ispanijos gastronomijos patiekalus ant savo stalo!<\/p>\n","protected":false},"excerpt":{"rendered":"<p>&#8222;Ubago&#8221; pietin\u0117s skumbr\u0117s fil\u0117 su alyvuogi\u0173 aliejumi - tradicin\u0117 kokyb\u0117 ir skonis<\/p>\n","protected":false},"featured_media":19672,"template":"","meta":{"_et_pb_use_builder":"","_et_pb_old_content":"","_et_gb_content_width":""},"product_brand":[],"product_cat":[1966,8042],"product_tag":[],"class_list":{"0":"post-19666","1":"product","2":"type-product","3":"status-publish","4":"has-post-thumbnail","6":"product_cat-konservai","7":"product_cat-testavimo-kategorija","9":"first","10":"instock","11":"taxable","12":"shipping-taxable","13":"purchasable","14":"product-type-variable"},"_links":{"self":[{"href":"https:\/\/myspainfood.com\/lt\/wp-json\/wp\/v2\/product\/19666","targetHints":{"allow":["GET"]}}],"collection":[{"href":"https:\/\/myspainfood.com\/lt\/wp-json\/wp\/v2\/product"}],"about":[{"href":"https:\/\/myspainfood.com\/lt\/wp-json\/wp\/v2\/types\/product"}],"wp:featuredmedia":[{"embeddable":true,"href":"https:\/\/myspainfood.com\/lt\/wp-json\/wp\/v2\/media\/19672"}],"wp:attachment":[{"href":"https:\/\/myspainfood.com\/lt\/wp-json\/wp\/v2\/media?parent=19666"}],"wp:term":[{"taxonomy":"product_brand","embeddable":true,"href":"https:\/\/myspainfood.com\/lt\/wp-json\/wp\/v2\/product_brand?post=19666"},{"taxonomy":"product_cat","embeddable":true,"href":"https:\/\/myspainfood.com\/lt\/wp-json\/wp\/v2\/product_cat?post=19666"},{"taxonomy":"product_tag","embeddable":true,"href":"https:\/\/myspainfood.com\/lt\/wp-json\/wp\/v2\/product_tag?post=19666"}],"curies":[{"name":"wp","href":"https:\/\/api.w.org\/{rel}","templated":true}]}}