{"id":19882,"date":"2025-04-10T12:16:17","date_gmt":"2025-04-10T10:16:17","guid":{"rendered":"https:\/\/myspainfood.com\/producto\/san-isidro-pusiau-sudytas-suris-3-kg-apytiksliai\/"},"modified":"2026-01-30T14:34:28","modified_gmt":"2026-01-30T13:34:28","slug":"san-isidro-pusiau-sudytas-suris-3-kg-apytiksliai","status":"publish","type":"product","link":"https:\/\/myspainfood.com\/lt\/producto\/san-isidro-pusiau-sudytas-suris-3-kg-apytiksliai\/","title":{"rendered":"Puskie\u010di\u0173 s\u016bris San Isidro - 3 kg (apytiksliai)"},"content":{"rendered":"<h3><strong>San Isidro puskie\u010di\u0173 s\u016bris - 3 kg<\/strong><\/h3>\n<p><strong>&#8222;San Isidro Semicured&#8221; s\u016bris<\/strong> 3,4 kg - idealus pasirinkimas tradicinio s\u016brio m\u0117g\u0117jams. Subalansuotai brandintas, kremin\u0117s tekst\u016bros ir \u0161velnaus skonio su intensyviais akcentais s\u016bris puikiai tinka bet kokiai progai. <\/p>\n<h4><strong>Pagrindin\u0117s savyb\u0117s:<\/strong><\/h4>\n<ul>\n<li><strong>Idealus svoris<\/strong>: 3,4 kg, skirtas dalytis arba m\u0117gautis dideliais renginiais.<\/li>\n<li><strong>Amatin\u0117 gamyba<\/strong>: vietos s\u016brio gamybos tradicij\u0173 laikymasis.<\/li>\n<li><strong>Unikalus skonis<\/strong>: \u0161velnios pieni\u0161kos natos, i\u0161siskirian\u010dios brandumu.<\/li>\n<\/ul>\n<p>Patiekite kartu su <a href=\"https:\/\/latiendadesami.com\/categoria-producto\/queso-embutido\/\" rel=\"noopener noreferrer nofollow\" target=\"_blank\">m\u016bs\u0173 Iberijos s\u016briais,<\/a> kad sukurtum\u0117te puiki\u0105 s\u016bri\u0173 lent\u0105.<\/p>\n","protected":false},"excerpt":{"rendered":"<p>San Isidro puskie\u010di\u0173 s\u016bris - 3 kg &#8222;San Isidro Semicured&#8221; s\u016bris 3,4 kg - idealus pasirinkimas tradicinio s\u016brio m\u0117g\u0117jams. Subalansuotai brandintas, kremin\u0117s tekst\u016bros ir \u0161velnaus skonio su intensyviais akcentais s\u016bris puikiai tinka bet kokiai progai. Pagrindin\u0117s savyb\u0117s: Idealus svoris: 3,4 kg, skirtas dalytis arba m\u0117gautis dideliais renginiais. Amatin\u0117 gamyba: vietos s\u016brio gamybos tradicij\u0173 laikymasis. Unikalus [&hellip;]<\/p>\n","protected":false},"featured_media":19888,"template":"","meta":{"_et_pb_use_builder":"","_et_pb_old_content":"","_et_gb_content_width":""},"product_brand":[],"product_cat":[5732,2256],"product_tag":[],"class_list":{"0":"post-19882","1":"product","2":"type-product","3":"status-publish","4":"has-post-thumbnail","6":"product_cat-gydymas-lt","7":"product_cat-suris-ir-desra","9":"first","10":"instock","11":"taxable","12":"shipping-taxable","13":"purchasable","14":"product-type-variable"},"_links":{"self":[{"href":"https:\/\/myspainfood.com\/lt\/wp-json\/wp\/v2\/product\/19882","targetHints":{"allow":["GET"]}}],"collection":[{"href":"https:\/\/myspainfood.com\/lt\/wp-json\/wp\/v2\/product"}],"about":[{"href":"https:\/\/myspainfood.com\/lt\/wp-json\/wp\/v2\/types\/product"}],"wp:featuredmedia":[{"embeddable":true,"href":"https:\/\/myspainfood.com\/lt\/wp-json\/wp\/v2\/media\/19888"}],"wp:attachment":[{"href":"https:\/\/myspainfood.com\/lt\/wp-json\/wp\/v2\/media?parent=19882"}],"wp:term":[{"taxonomy":"product_brand","embeddable":true,"href":"https:\/\/myspainfood.com\/lt\/wp-json\/wp\/v2\/product_brand?post=19882"},{"taxonomy":"product_cat","embeddable":true,"href":"https:\/\/myspainfood.com\/lt\/wp-json\/wp\/v2\/product_cat?post=19882"},{"taxonomy":"product_tag","embeddable":true,"href":"https:\/\/myspainfood.com\/lt\/wp-json\/wp\/v2\/product_tag?post=19882"}],"curies":[{"name":"wp","href":"https:\/\/api.w.org\/{rel}","templated":true}]}}