{"id":19986,"date":"2025-04-10T12:16:17","date_gmt":"2025-04-10T10:16:17","guid":{"rendered":"https:\/\/myspainfood.com\/producto\/neapdorotas-avies-pieno-suris-flor-esgueva-1-kg\/"},"modified":"2026-01-30T14:35:54","modified_gmt":"2026-01-30T13:35:54","slug":"neapdorotas-avies-pieno-suris-flor-esgueva-1-kg","status":"publish","type":"product","link":"https:\/\/myspainfood.com\/lt\/producto\/neapdorotas-avies-pieno-suris-flor-esgueva-1-kg\/","title":{"rendered":"Neapdorotas avies pieno s\u016bris - Flor Esgueva - 1 kg"},"content":{"rendered":"<h3><strong>Neapdorotas avies pieno s\u016bris - Flor Esgueva - 1 kg<\/strong><\/h3>\n<p><strong>Neapdorotas avies pieno s\u016bris &#8222;Flor Esgueva&#8221;<\/strong> yra Ispanijos amatinink\u0173 s\u016bri\u0173 etalonas. Gaminamas i\u0161 atrinkt\u0173 avi\u0173 \u017ealio pieno, jis i\u0161siskiria tvirta tekst\u016bra, intensyviu aromatu ir skoniu, kuriame pieno natos dera su puikiu brandos prieskoniu. <\/p>\n<h4><strong>Kod\u0117l verta rinktis Flor Esgueva<\/strong><\/h4>\n<ul>\n<li><strong>\u017dalias avies pienas<\/strong>: autenti\u0161kas skonis ir nat\u016bralios savyb\u0117s.<\/li>\n<li><strong>Tradicinis brandinimas<\/strong>: sustiprintas r\u016bsiuose, kad b\u016bt\u0173 i\u0161gautas unikalus skonio profilis.<\/li>\n<li><strong>Idealus dydis<\/strong>: puikiai tinka dalytis arba naudoti pagal \u012fvairius receptus.<\/li>\n<\/ul>\n","protected":false},"excerpt":{"rendered":"<p>Neapdorotas avies pieno s\u016bris - Flor Esgueva - 1 kg Neapdorotas avies pieno s\u016bris &#8222;Flor Esgueva&#8221; yra Ispanijos amatinink\u0173 s\u016bri\u0173 etalonas. Gaminamas i\u0161 atrinkt\u0173 avi\u0173 \u017ealio pieno, jis i\u0161siskiria tvirta tekst\u016bra, intensyviu aromatu ir skoniu, kuriame pieno natos dera su puikiu brandos prieskoniu. Kod\u0117l verta rinktis Flor Esgueva \u017dalias avies pienas: autenti\u0161kas skonis ir nat\u016bralios [&hellip;]<\/p>\n","protected":false},"featured_media":19989,"template":"","meta":{"_et_pb_use_builder":"","_et_pb_old_content":"","_et_gb_content_width":""},"product_brand":[],"product_cat":[2256],"product_tag":[],"class_list":{"0":"post-19986","1":"product","2":"type-product","3":"status-publish","4":"has-post-thumbnail","6":"product_cat-suris-ir-desra","8":"first","9":"outofstock","10":"taxable","11":"shipping-taxable","12":"product-type-variable"},"_links":{"self":[{"href":"https:\/\/myspainfood.com\/lt\/wp-json\/wp\/v2\/product\/19986","targetHints":{"allow":["GET"]}}],"collection":[{"href":"https:\/\/myspainfood.com\/lt\/wp-json\/wp\/v2\/product"}],"about":[{"href":"https:\/\/myspainfood.com\/lt\/wp-json\/wp\/v2\/types\/product"}],"wp:featuredmedia":[{"embeddable":true,"href":"https:\/\/myspainfood.com\/lt\/wp-json\/wp\/v2\/media\/19989"}],"wp:attachment":[{"href":"https:\/\/myspainfood.com\/lt\/wp-json\/wp\/v2\/media?parent=19986"}],"wp:term":[{"taxonomy":"product_brand","embeddable":true,"href":"https:\/\/myspainfood.com\/lt\/wp-json\/wp\/v2\/product_brand?post=19986"},{"taxonomy":"product_cat","embeddable":true,"href":"https:\/\/myspainfood.com\/lt\/wp-json\/wp\/v2\/product_cat?post=19986"},{"taxonomy":"product_tag","embeddable":true,"href":"https:\/\/myspainfood.com\/lt\/wp-json\/wp\/v2\/product_tag?post=19986"}],"curies":[{"name":"wp","href":"https:\/\/api.w.org\/{rel}","templated":true}]}}