{"id":20078,"date":"2025-04-10T12:16:18","date_gmt":"2025-04-10T10:16:18","guid":{"rendered":"https:\/\/myspainfood.com\/producto\/sardines-saulegrazu-aliejuje-rias-baixas-855-g\/"},"modified":"2026-01-30T14:37:05","modified_gmt":"2026-01-30T13:37:05","slug":"sardines-saulegrazu-aliejuje-rias-baixas-855-g","status":"publish","type":"product","link":"https:\/\/myspainfood.com\/lt\/producto\/sardines-saulegrazu-aliejuje-rias-baixas-855-g\/","title":{"rendered":"Sardin\u0117s saul\u0117gr\u0105\u017e\u0173 aliejuje - Rias Baixas - 855 g"},"content":{"rendered":"<h3><strong>Sardin\u0117s saul\u0117gr\u0105\u017e\u0173 aliejuje - R\u00edas Baixas - 855 g<\/strong><\/h3>\n<p><strong>Sardin\u0117s saul\u0117gr\u0105\u017e\u0173 aliejuje i\u0161 R\u00edas Baixas<\/strong> kruop\u0161\u010diai atrenkamos ir pakuojamos, kad b\u016bt\u0173 i\u0161saugotas j\u0173 \u0161vie\u017eumas ir nat\u016bralus skonis, tod\u0117l galite m\u0117gautis visais j\u0173 skoniais. Jos puikiai tinka salotoms, u\u017ekand\u017eiams ar tradiciniams receptams, i\u0161siskiria \u0161velnia tekst\u016bra ir puikiu skoniu burnoje. <\/p>\n<p>Nedvejokite ir pasim\u0117gaukite geriausiomis sardin\u0117mis. Atraskite m\u016bs\u0173 si\u016blom\u0105 <a href=\"https:\/\/latiendadesami.com\/categoria-producto\/conservas\/\" target=\"_blank\" rel=\"noopener noreferrer nofollow\"><b>konservuoto maisto<\/b> <\/a>  <\/p>\n<h4><strong>Kod\u0117l verta juos rinktis<\/strong><\/h4>\n<ul>\n<li><strong>Garantuota kilm\u0117!<\/strong>  Gaudomos \u0161variuose ir turtinguose Atlanto vandenyse, Galisijos R\u00edas Baixas regione.<\/li>\n<li><strong>Auk\u0161\u010diausios kokyb\u0117s saul\u0117gr\u0105\u017e\u0173 aliejus, kuris suteikia<\/strong>skoniui \u0161velnumo ir pusiausvyros.<\/li>\n<li><strong>Formatas:<\/strong> 855 g skardin\u0117, idealiai tinka \u0161eimoms ar specialiems renginiams.<\/li>\n<\/ul>\n","protected":false},"excerpt":{"rendered":"<p>Sardin\u0117s saul\u0117gr\u0105\u017e\u0173 aliejuje - R\u00edas Baixas - 855 g Sardin\u0117s saul\u0117gr\u0105\u017e\u0173 aliejuje i\u0161 R\u00edas Baixas kruop\u0161\u010diai atrenkamos ir pakuojamos, kad b\u016bt\u0173 i\u0161saugotas j\u0173 \u0161vie\u017eumas ir nat\u016bralus skonis, tod\u0117l galite m\u0117gautis visais j\u0173 skoniais. Jos puikiai tinka salotoms, u\u017ekand\u017eiams ar tradiciniams receptams, i\u0161siskiria \u0161velnia tekst\u016bra ir puikiu skoniu burnoje. Nedvejokite ir pasim\u0117gaukite geriausiomis sardin\u0117mis. Atraskite m\u016bs\u0173 [&hellip;]<\/p>\n","protected":false},"featured_media":20081,"template":"","meta":{"_et_pb_use_builder":"","_et_pb_old_content":"","_et_gb_content_width":""},"product_brand":[],"product_cat":[1966],"product_tag":[],"class_list":{"0":"post-20078","1":"product","2":"type-product","3":"status-publish","4":"has-post-thumbnail","6":"product_cat-konservai","8":"first","9":"outofstock","10":"taxable","11":"shipping-taxable","12":"product-type-variable"},"_links":{"self":[{"href":"https:\/\/myspainfood.com\/lt\/wp-json\/wp\/v2\/product\/20078","targetHints":{"allow":["GET"]}}],"collection":[{"href":"https:\/\/myspainfood.com\/lt\/wp-json\/wp\/v2\/product"}],"about":[{"href":"https:\/\/myspainfood.com\/lt\/wp-json\/wp\/v2\/types\/product"}],"wp:featuredmedia":[{"embeddable":true,"href":"https:\/\/myspainfood.com\/lt\/wp-json\/wp\/v2\/media\/20081"}],"wp:attachment":[{"href":"https:\/\/myspainfood.com\/lt\/wp-json\/wp\/v2\/media?parent=20078"}],"wp:term":[{"taxonomy":"product_brand","embeddable":true,"href":"https:\/\/myspainfood.com\/lt\/wp-json\/wp\/v2\/product_brand?post=20078"},{"taxonomy":"product_cat","embeddable":true,"href":"https:\/\/myspainfood.com\/lt\/wp-json\/wp\/v2\/product_cat?post=20078"},{"taxonomy":"product_tag","embeddable":true,"href":"https:\/\/myspainfood.com\/lt\/wp-json\/wp\/v2\/product_tag?post=20078"}],"curies":[{"name":"wp","href":"https:\/\/api.w.org\/{rel}","templated":true}]}}