{"id":20105,"date":"2025-04-10T12:10:53","date_gmt":"2025-04-10T10:10:53","guid":{"rendered":"https:\/\/myspainfood.com\/producto\/juros-gerybes-45-vnt\/"},"modified":"2025-06-24T13:06:13","modified_gmt":"2025-06-24T11:06:13","slug":"juros-gerybes-45-vnt","status":"publish","type":"product","link":"https:\/\/myspainfood.com\/lt\/producto\/juros-gerybes-45-vnt\/","title":{"rendered":"J\u016bros g\u0117ryb\u0117s 45 vnt."},"content":{"rendered":"<p>Aliejus (85 % saul\u0117gr\u0105\u017e\u0173 ir 15 % alyvuogi\u0173), an\u010diuviais \u012fdarytos alyvuog\u0117s, virtos krevet\u0117s ir raudonieji pipirai.<\/p>\n","protected":false},"excerpt":{"rendered":"<p>Aliejus (85 % saul\u0117gr\u0105\u017e\u0173 ir 15 % alyvuogi\u0173), an\u010diuviais \u012fdarytos alyvuog\u0117s, virtos krevet\u0117s ir raudonieji pipirai.<\/p>\n","protected":false},"featured_media":20107,"template":"","meta":{"_et_pb_use_builder":"","_et_pb_old_content":"","_et_gb_content_width":""},"product_brand":[1277],"product_cat":[1718,2804,1715,1816,1812],"product_tag":[],"class_list":{"0":"post-20105","1":"product","2":"type-product","3":"status-publish","4":"has-post-thumbnail","6":"product_brand-bokeo","7":"product_cat-alyvuoges","8":"product_cat-anciuviai-lt-2","9":"product_cat-pickles-lt","10":"product_cat-pintxos-lt","11":"product_cat-saltas","12":"product_shipping_class-saltoji-siunta","14":"first","15":"outofstock","16":"taxable","17":"shipping-taxable","18":"purchasable","19":"product-type-simple"},"_links":{"self":[{"href":"https:\/\/myspainfood.com\/lt\/wp-json\/wp\/v2\/product\/20105","targetHints":{"allow":["GET"]}}],"collection":[{"href":"https:\/\/myspainfood.com\/lt\/wp-json\/wp\/v2\/product"}],"about":[{"href":"https:\/\/myspainfood.com\/lt\/wp-json\/wp\/v2\/types\/product"}],"wp:featuredmedia":[{"embeddable":true,"href":"https:\/\/myspainfood.com\/lt\/wp-json\/wp\/v2\/media\/20107"}],"wp:attachment":[{"href":"https:\/\/myspainfood.com\/lt\/wp-json\/wp\/v2\/media?parent=20105"}],"wp:term":[{"taxonomy":"product_brand","embeddable":true,"href":"https:\/\/myspainfood.com\/lt\/wp-json\/wp\/v2\/product_brand?post=20105"},{"taxonomy":"product_cat","embeddable":true,"href":"https:\/\/myspainfood.com\/lt\/wp-json\/wp\/v2\/product_cat?post=20105"},{"taxonomy":"product_tag","embeddable":true,"href":"https:\/\/myspainfood.com\/lt\/wp-json\/wp\/v2\/product_tag?post=20105"}],"curies":[{"name":"wp","href":"https:\/\/api.w.org\/{rel}","templated":true}]}}