{"id":20597,"date":"2025-04-10T12:11:04","date_gmt":"2025-04-10T10:11:04","guid":{"rendered":"https:\/\/myspainfood.com\/producto\/iberijos-kiaulienos-nugarine-iberijos-veisles-fili-500-gramu-apytiksliai\/"},"modified":"2025-06-24T13:18:26","modified_gmt":"2025-06-24T11:18:26","slug":"iberijos-kiaulienos-nugarine-iberijos-veisles-fili-500-gramu-apytiksliai","status":"publish","type":"product","link":"https:\/\/myspainfood.com\/lt\/producto\/iberijos-kiaulienos-nugarine-iberijos-veisles-fili-500-gramu-apytiksliai\/","title":{"rendered":"Iberijos kiaulienos nugarin\u0117 Iberijos veisl\u0117s FILI 500 gram\u0173 apytiksliai."},"content":{"rendered":"<p>Tradicinis auk\u0161\u010diausios kokyb\u0117s produktas, pagamintas i\u0161 rinktin\u0117s geriausios Iberijos regiono liesos m\u0117sos, paruo\u0161tas su nat\u016braliais prieskoniais.<\/p>\n","protected":false},"excerpt":{"rendered":"<p>Tradicinis auk\u0161\u010diausios kokyb\u0117s produktas, pagamintas i\u0161 rinktin\u0117s geriausios Iberijos regiono liesos m\u0117sos, paruo\u0161tas su nat\u016braliais prieskoniais.<\/p>\n","protected":false},"featured_media":20601,"template":"","meta":{"_et_pb_use_builder":"","_et_pb_old_content":"","_et_gb_content_width":""},"product_brand":[],"product_cat":[2257,1812,2256],"product_tag":[],"class_list":{"0":"post-20597","1":"product","2":"type-product","3":"status-publish","4":"has-post-thumbnail","6":"product_cat-desra","7":"product_cat-saltas","8":"product_cat-suris-ir-desra","9":"product_shipping_class-saltoji-siunta","11":"first","12":"outofstock","13":"taxable","14":"shipping-taxable","15":"purchasable","16":"product-type-simple"},"_links":{"self":[{"href":"https:\/\/myspainfood.com\/lt\/wp-json\/wp\/v2\/product\/20597","targetHints":{"allow":["GET"]}}],"collection":[{"href":"https:\/\/myspainfood.com\/lt\/wp-json\/wp\/v2\/product"}],"about":[{"href":"https:\/\/myspainfood.com\/lt\/wp-json\/wp\/v2\/types\/product"}],"wp:featuredmedia":[{"embeddable":true,"href":"https:\/\/myspainfood.com\/lt\/wp-json\/wp\/v2\/media\/20601"}],"wp:attachment":[{"href":"https:\/\/myspainfood.com\/lt\/wp-json\/wp\/v2\/media?parent=20597"}],"wp:term":[{"taxonomy":"product_brand","embeddable":true,"href":"https:\/\/myspainfood.com\/lt\/wp-json\/wp\/v2\/product_brand?post=20597"},{"taxonomy":"product_cat","embeddable":true,"href":"https:\/\/myspainfood.com\/lt\/wp-json\/wp\/v2\/product_cat?post=20597"},{"taxonomy":"product_tag","embeddable":true,"href":"https:\/\/myspainfood.com\/lt\/wp-json\/wp\/v2\/product_tag?post=20597"}],"curies":[{"name":"wp","href":"https:\/\/api.w.org\/{rel}","templated":true}]}}