{"id":20984,"date":"2025-04-10T12:10:25","date_gmt":"2025-04-10T10:10:25","guid":{"rendered":"https:\/\/myspainfood.com\/producto\/sudytu-menkiu-file-1000-1500-maruca-5kg\/"},"modified":"2025-07-31T16:49:18","modified_gmt":"2025-07-31T14:49:18","slug":"sudytu-menkiu-file-1000-1500-maruca-5kg","status":"publish","type":"product","link":"https:\/\/myspainfood.com\/lt\/producto\/sudytu-menkiu-file-1000-1500-maruca-5kg\/","title":{"rendered":"S\u016bdyt\u0173 menki\u0173 fil\u0117 1000\/1500 Maruca 5kg"},"content":{"rendered":"","protected":false},"excerpt":{"rendered":"","protected":false},"featured_media":0,"template":"","meta":{"_et_pb_use_builder":"","_et_pb_old_content":"","_et_gb_content_width":""},"product_brand":[1290],"product_cat":[3516,1812],"product_tag":[],"class_list":{"0":"post-20984","1":"product","2":"type-product","3":"status-publish","5":"product_brand-la-barajilla","6":"product_cat-menkes","7":"product_cat-saltas","8":"product_shipping_class-saltoji-siunta","10":"first","11":"outofstock","12":"taxable","13":"shipping-taxable","14":"purchasable","15":"product-type-simple"},"_links":{"self":[{"href":"https:\/\/myspainfood.com\/lt\/wp-json\/wp\/v2\/product\/20984","targetHints":{"allow":["GET"]}}],"collection":[{"href":"https:\/\/myspainfood.com\/lt\/wp-json\/wp\/v2\/product"}],"about":[{"href":"https:\/\/myspainfood.com\/lt\/wp-json\/wp\/v2\/types\/product"}],"wp:attachment":[{"href":"https:\/\/myspainfood.com\/lt\/wp-json\/wp\/v2\/media?parent=20984"}],"wp:term":[{"taxonomy":"product_brand","embeddable":true,"href":"https:\/\/myspainfood.com\/lt\/wp-json\/wp\/v2\/product_brand?post=20984"},{"taxonomy":"product_cat","embeddable":true,"href":"https:\/\/myspainfood.com\/lt\/wp-json\/wp\/v2\/product_cat?post=20984"},{"taxonomy":"product_tag","embeddable":true,"href":"https:\/\/myspainfood.com\/lt\/wp-json\/wp\/v2\/product_tag?post=20984"}],"curies":[{"name":"wp","href":"https:\/\/api.w.org\/{rel}","templated":true}]}}