{"id":21075,"date":"2025-04-10T12:10:26","date_gmt":"2025-04-10T10:10:26","guid":{"rendered":"https:\/\/myspainfood.com\/producto\/bocaditos-bacalao-salados\/"},"modified":"2025-09-02T10:47:16","modified_gmt":"2025-09-02T08:47:16","slug":"bocaditos-bacalao-salados","status":"publish","type":"product","link":"https:\/\/myspainfood.com\/lt\/producto\/bocaditos-bacalao-salados\/","title":{"rendered":"Bocaditos Bacalao Salados"},"content":{"rendered":"<p style=\"text-align: left\">&#8222;Menk\u0117 - bendras keli\u0173 Gadus genties \u017euv\u0173 r\u016b\u0161i\u0173 pavadinimas, nors kai kurios tos pa\u010dios genties \u017euvys gali tur\u0117ti ir kitus pavadinimus. Labiausiai paplitusi r\u016b\u0161is yra atlantin\u0117 menk\u0117<strong>(Gadus morhua<\/strong> arba paprastoji menk\u0117). Tai viena geriausiai \u017einom\u0173 \u017euv\u0173 pasaulyje, vertinama d\u0117l puikaus skonio.  <\/p>\n<h6 style=\"text-align: left\"><u>MAISTIN\u0116 VERT\u0116<\/u><\/h6>\n<p>Maistingumo po\u017ei\u016briu menk\u0117 yra maistas, kuriame gausu didel\u0117s biologin\u0117s vert\u0117s ir lengvai vir\u0161kinam\u0173 baltym\u0173, ma\u017eai riebal\u0173 ir kalorij\u0173. Joje yra apie 80 % vandens (\u0161vie\u017eioje menk\u0117je), ji yra geras organizmui b\u016btin\u0173 vitamin\u0173 (daugiausia B grup\u0117s) ir mineralini\u0173 drusk\u0173 \u0161altinis. \u0160vie\u017ei\u0105 arba s\u016bdyt\u0105 menk\u0119 gali vartoti \u017emon\u0117s, turintys auk\u0161t\u0105 kraujosp\u016bd\u012f, nes joje yra ma\u017eai natrio ir daug kalio.  <\/p>\n","protected":false},"excerpt":{"rendered":"<p>&#8222;Menk\u0117 - bendras keli\u0173 Gadus genties \u017euv\u0173 r\u016b\u0161i\u0173 pavadinimas, nors kai kurios tos pa\u010dios genties \u017euvys gali tur\u0117ti ir kitus pavadinimus. Labiausiai paplitusi r\u016b\u0161is yra atlantin\u0117 menk\u0117(Gadus morhua arba paprastoji menk\u0117). Tai viena geriausiai \u017einom\u0173 \u017euv\u0173 pasaulyje, vertinama d\u0117l puikaus skonio. MAISTIN\u0116 VERT\u0116 Maistingumo po\u017ei\u016briu menk\u0117 yra maistas, kuriame gausu didel\u0117s biologin\u0117s vert\u0117s ir lengvai [&hellip;]<\/p>\n","protected":false},"featured_media":21076,"template":"","meta":{"_et_pb_use_builder":"","_et_pb_old_content":"","_et_gb_content_width":""},"product_brand":[1290],"product_cat":[3516,1812],"product_tag":[],"class_list":{"0":"post-21075","1":"product","2":"type-product","3":"status-publish","4":"has-post-thumbnail","6":"product_brand-la-barajilla","7":"product_cat-menkes","8":"product_cat-saltas","9":"product_shipping_class-saltoji-siunta","11":"first","12":"outofstock","13":"taxable","14":"shipping-taxable","15":"purchasable","16":"product-type-simple"},"_links":{"self":[{"href":"https:\/\/myspainfood.com\/lt\/wp-json\/wp\/v2\/product\/21075","targetHints":{"allow":["GET"]}}],"collection":[{"href":"https:\/\/myspainfood.com\/lt\/wp-json\/wp\/v2\/product"}],"about":[{"href":"https:\/\/myspainfood.com\/lt\/wp-json\/wp\/v2\/types\/product"}],"wp:featuredmedia":[{"embeddable":true,"href":"https:\/\/myspainfood.com\/lt\/wp-json\/wp\/v2\/media\/21076"}],"wp:attachment":[{"href":"https:\/\/myspainfood.com\/lt\/wp-json\/wp\/v2\/media?parent=21075"}],"wp:term":[{"taxonomy":"product_brand","embeddable":true,"href":"https:\/\/myspainfood.com\/lt\/wp-json\/wp\/v2\/product_brand?post=21075"},{"taxonomy":"product_cat","embeddable":true,"href":"https:\/\/myspainfood.com\/lt\/wp-json\/wp\/v2\/product_cat?post=21075"},{"taxonomy":"product_tag","embeddable":true,"href":"https:\/\/myspainfood.com\/lt\/wp-json\/wp\/v2\/product_tag?post=21075"}],"curies":[{"name":"wp","href":"https:\/\/api.w.org\/{rel}","templated":true}]}}