{"id":21299,"date":"2025-04-10T12:10:23","date_gmt":"2025-04-10T10:10:23","guid":{"rendered":"https:\/\/myspainfood.com\/producto\/piquillo-papriku-salotos-15-kg\/"},"modified":"2025-04-10T12:10:23","modified_gmt":"2025-04-10T10:10:23","slug":"piquillo-papriku-salotos-15-kg","status":"publish","type":"product","link":"https:\/\/myspainfood.com\/lt\/producto\/piquillo-papriku-salotos-15-kg\/","title":{"rendered":"Piquillo paprik\u0173 salotos 1,5 kg"},"content":{"rendered":"<p>&#8221; <a href=\"https:\/\/www.alsurvegetales.com\/producto\/id\/35\/pimiento-del-piquillo\" target=\"_blank\" rel=\"noopener noreferrer nofollow\">Alsur&#8221;<\/a> piquillo pipir\u0173 salotos gaminamos i\u0161 sald\u017ei\u0173j\u0173 konservuot\u0173 pipir\u0173.<\/p>\n<p>\u0160ie pipirai gars\u0117ja auk\u0161ta kokybe ir ypatingu skoniu su a\u0161trumo prieskoniu.<\/p>\n<p>Jiems taip pat b\u016bdinga intensyvi raudona spalva, unikali tekst\u016bra, dydis ir ypatinga pailga trikampio forma.<\/p>\n<p>Sudedamosios dalys: Sudedamosios dalys: Piquillo paprikos, svog\u016bnai, vanduo, cukrus, druska, actas ir citrinos r\u016bg\u0161tis.<\/p>\n<p>Puodo grynasis svoris - 410 gram\u0173.<\/p>\n<p>Laikykite v\u0117sioje ir sausoje vietoje. Atidarius perpilkite \u012f nemetalin\u012f ind\u0105, laikykite \u0161aldytuve ir suvartokite per 7 dienas. <\/p>\n<p>&#8222;Alsur&#8221; yra \u0161eimos verslas, kurio pagrindinis veik\u0117jas - maisto esm\u0117.<\/p>\n<h4>Pagrindiniai konservuoto maisto privalumai<\/h4>\n<ol>\n<li>Jie i\u0161saugo visas maistines maisto produkto savybes. Maistas i\u0161lieka \u0161vie\u017eias. <\/li>\n<li>Naudojami sveiki maisto produktai, tod\u0117l d\u0117l didelio vitamin\u0173 ir baltym\u0173 kiekio tinka optimaliai mitybai.<\/li>\n<li>\u0160i\u0173 gamini\u0173 naudojimo trukm\u0117 ilgesn\u0117 (paprastai 2-5 metai).<\/li>\n<li>Konservus labai lengva laikyti, nes j\u0173 pakuot\u0119 lengva u\u017ed\u0117ti.<\/li>\n<\/ol>\n<p>Jei norite nusipirkti pipir\u0173 salot\u0173 su tunu ar bet kurios kitos r\u016b\u0161ies <a href=\"https:\/\/latiendadesami.com\/categoria-producto\/conservas\/\" rel=\"noopener noreferrer nofollow\" target=\"_blank\">konserv\u0173<\/a>, nedvejodami per\u017ei\u016br\u0117kite m\u016bs\u0173 internetin\u012f katalog\u0105 ir susipa\u017einkite su pla\u010dia <a href=\"https:\/\/latiendadesami.com\/categoria-producto\/conservas\/atun-y-bonito\/\" target=\"_blank\" rel=\"noopener noreferrer nofollow\">tun\u0173<\/a> \u012fvairove.<\/p>\n<p>Nor\u0117dami gauti daugiau informacijos, ra\u0161ykite mums.<\/p>\n","protected":false},"excerpt":{"rendered":"<p>&#8221; Alsur&#8221; piquillo pipir\u0173 salotos gaminamos i\u0161 sald\u017ei\u0173j\u0173 konservuot\u0173 pipir\u0173. \u0160ie pipirai gars\u0117ja auk\u0161ta kokybe ir ypatingu skoniu su a\u0161trumo prieskoniu. Jiems taip pat b\u016bdinga intensyvi raudona spalva, unikali tekst\u016bra, dydis ir ypatinga pailga trikampio forma. Sudedamosios dalys: Sudedamosios dalys: Piquillo paprikos, svog\u016bnai, vanduo, cukrus, druska, actas ir citrinos r\u016bg\u0161tis. Puodo grynasis svoris - 410 [&hellip;]<\/p>\n","protected":false},"featured_media":21300,"template":"","meta":{"_et_pb_use_builder":"","_et_pb_old_content":"","_et_gb_content_width":""},"product_brand":[1196],"product_cat":[3716,1966,2327],"product_tag":[],"class_list":{"0":"post-21299","1":"product","2":"type-product","3":"status-publish","4":"has-post-thumbnail","6":"product_brand-alsur","7":"product_cat-darzoves","8":"product_cat-konservai","9":"product_cat-pipirai","11":"first","12":"outofstock","13":"taxable","14":"shipping-taxable","15":"purchasable","16":"product-type-simple"},"_links":{"self":[{"href":"https:\/\/myspainfood.com\/lt\/wp-json\/wp\/v2\/product\/21299","targetHints":{"allow":["GET"]}}],"collection":[{"href":"https:\/\/myspainfood.com\/lt\/wp-json\/wp\/v2\/product"}],"about":[{"href":"https:\/\/myspainfood.com\/lt\/wp-json\/wp\/v2\/types\/product"}],"wp:featuredmedia":[{"embeddable":true,"href":"https:\/\/myspainfood.com\/lt\/wp-json\/wp\/v2\/media\/21300"}],"wp:attachment":[{"href":"https:\/\/myspainfood.com\/lt\/wp-json\/wp\/v2\/media?parent=21299"}],"wp:term":[{"taxonomy":"product_brand","embeddable":true,"href":"https:\/\/myspainfood.com\/lt\/wp-json\/wp\/v2\/product_brand?post=21299"},{"taxonomy":"product_cat","embeddable":true,"href":"https:\/\/myspainfood.com\/lt\/wp-json\/wp\/v2\/product_cat?post=21299"},{"taxonomy":"product_tag","embeddable":true,"href":"https:\/\/myspainfood.com\/lt\/wp-json\/wp\/v2\/product_tag?post=21299"}],"curies":[{"name":"wp","href":"https:\/\/api.w.org\/{rel}","templated":true}]}}