{"id":21473,"date":"2025-04-10T12:10:29","date_gmt":"2025-04-10T10:10:29","guid":{"rendered":"https:\/\/myspainfood.com\/producto\/tuno-pilvo-gabaliukai-areoso-120gr-250-vnt\/"},"modified":"2025-04-10T12:10:29","modified_gmt":"2025-04-10T10:10:29","slug":"tuno-pilvo-gabaliukai-areoso-120gr-250-vnt","status":"publish","type":"product","link":"https:\/\/myspainfood.com\/lt\/producto\/tuno-pilvo-gabaliukai-areoso-120gr-250-vnt\/","title":{"rendered":"Tuno pilvo gabaliukai Areoso 120gr 250 vnt."},"content":{"rendered":"<p>Specifikacijos: Geltonuodegio tuno (Thunnus albacares) pilvas saul\u0117gr\u0105\u017e\u0173 aliejuje.<\/p>\n<p>Sudedamosios dalys: Geltonuodegio tuno pilvas 65,2 %, saul\u0117gr\u0105\u017e\u0173 aliejus 34,8 %, druska, druska.<\/p>\n<p>Gamybos procesas: Geltonuodegio tuno pilvo sritis yra viena i\u0161 labiausiai vertinam\u0173 d\u0117l puikaus skonio ir \u0161velnios tekst\u016bros. \u012e gamykl\u0105 atve\u017eami pilvo tuno gabalai, kurie apdorojami visi\u0161kai tradiciniu b\u016bdu. I\u0161keptas tunas i\u0161valomas ir rankiniu b\u016bdu atskiriamas \u012f plonus, vienodo dyd\u017eio gabal\u0117lius. Jie pakuojami \u012f skardines, o alyvuogi\u0173 aliejus u\u017epilamas kaip dengiamasis skystis, kuris neabejotinai sustiprina vis\u0105 \u0161io itin vertinamo produkto skon\u012f. Po to skardin\u0117s u\u017edaromos ir sterilizuojamos - tai grie\u017etai kontroliuojamas procesas, kuris u\u017etikrina produkto kokyb\u0119 ir i\u0161saugojim\u0105 ilgus metus nenaudojant dirbtini\u0173 konservant\u0173.    <\/p>\n<p>Nor\u0117dami gauti daugiau informacijos, ra\u0161ykite mums.<\/p>\n","protected":false},"excerpt":{"rendered":"<p>Specifikacijos: Geltonuodegio tuno (Thunnus albacares) pilvas saul\u0117gr\u0105\u017e\u0173 aliejuje. Sudedamosios dalys: Geltonuodegio tuno pilvas 65,2 %, saul\u0117gr\u0105\u017e\u0173 aliejus 34,8 %, druska, druska. Gamybos procesas: Geltonuodegio tuno pilvo sritis yra viena i\u0161 labiausiai vertinam\u0173 d\u0117l puikaus skonio ir \u0161velnios tekst\u016bros. \u012e gamykl\u0105 atve\u017eami pilvo tuno gabalai, kurie apdorojami visi\u0161kai tradiciniu b\u016bdu. I\u0161keptas tunas i\u0161valomas ir rankiniu b\u016bdu [&hellip;]<\/p>\n","protected":false},"featured_media":21478,"template":"","meta":{"_et_pb_use_builder":"","_et_pb_old_content":"","_et_gb_content_width":""},"product_brand":[1358],"product_cat":[2855,3259],"product_tag":[],"class_list":{"0":"post-21473","1":"product","2":"type-product","3":"status-publish","4":"has-post-thumbnail","6":"product_brand-areoso","7":"product_cat-didmenine-prekyba","8":"product_cat-konservai-lt-2","10":"first","11":"outofstock","12":"taxable","13":"shipping-taxable","14":"product-type-variable"},"_links":{"self":[{"href":"https:\/\/myspainfood.com\/lt\/wp-json\/wp\/v2\/product\/21473","targetHints":{"allow":["GET"]}}],"collection":[{"href":"https:\/\/myspainfood.com\/lt\/wp-json\/wp\/v2\/product"}],"about":[{"href":"https:\/\/myspainfood.com\/lt\/wp-json\/wp\/v2\/types\/product"}],"wp:featuredmedia":[{"embeddable":true,"href":"https:\/\/myspainfood.com\/lt\/wp-json\/wp\/v2\/media\/21478"}],"wp:attachment":[{"href":"https:\/\/myspainfood.com\/lt\/wp-json\/wp\/v2\/media?parent=21473"}],"wp:term":[{"taxonomy":"product_brand","embeddable":true,"href":"https:\/\/myspainfood.com\/lt\/wp-json\/wp\/v2\/product_brand?post=21473"},{"taxonomy":"product_cat","embeddable":true,"href":"https:\/\/myspainfood.com\/lt\/wp-json\/wp\/v2\/product_cat?post=21473"},{"taxonomy":"product_tag","embeddable":true,"href":"https:\/\/myspainfood.com\/lt\/wp-json\/wp\/v2\/product_tag?post=21473"}],"curies":[{"name":"wp","href":"https:\/\/api.w.org\/{rel}","templated":true}]}}