{"id":21646,"date":"2025-04-10T12:10:34","date_gmt":"2025-04-10T10:10:34","guid":{"rendered":"https:\/\/myspainfood.com\/producto\/iberijos-salchichon-extra-fili-500-gramu-salamanca\/"},"modified":"2026-01-29T11:13:31","modified_gmt":"2026-01-29T10:13:31","slug":"iberijos-salchichon-extra-fili-500-gramu-salamanca","status":"publish","type":"product","link":"https:\/\/myspainfood.com\/lt\/producto\/iberijos-salchichon-extra-fili-500-gramu-salamanca\/","title":{"rendered":"Iberijos salchich\u00f3n extra Fili 500 gram\u0173 Salamanca"},"content":{"rendered":"<p>Tradicinis auk\u0161\u010diausios kokyb\u0117s produktas, pagamintas i\u0161 rinktin\u0117s geriausios Iberijos regiono liesos m\u0117sos, paruo\u0161tas su nat\u016braliais prieskoniais.<\/p>\n","protected":false},"excerpt":{"rendered":"<p>Tradicinis auk\u0161\u010diausios kokyb\u0117s produktas, pagamintas i\u0161 rinktin\u0117s geriausios Iberijos regiono liesos m\u0117sos, paruo\u0161tas su nat\u016braliais prieskoniais.<\/p>\n","protected":false},"featured_media":21653,"template":"","meta":{"_et_pb_use_builder":"","_et_pb_old_content":"","_et_gb_content_width":""},"product_brand":[1388],"product_cat":[2257,1812,2256],"product_tag":[],"class_list":{"0":"post-21646","1":"product","2":"type-product","3":"status-publish","4":"has-post-thumbnail","6":"product_brand-fili","7":"product_cat-desra","8":"product_cat-saltas","9":"product_cat-suris-ir-desra","10":"product_shipping_class-saltoji-siunta","12":"first","13":"instock","14":"taxable","15":"shipping-taxable","16":"purchasable","17":"product-type-variable"},"_links":{"self":[{"href":"https:\/\/myspainfood.com\/lt\/wp-json\/wp\/v2\/product\/21646","targetHints":{"allow":["GET"]}}],"collection":[{"href":"https:\/\/myspainfood.com\/lt\/wp-json\/wp\/v2\/product"}],"about":[{"href":"https:\/\/myspainfood.com\/lt\/wp-json\/wp\/v2\/types\/product"}],"wp:featuredmedia":[{"embeddable":true,"href":"https:\/\/myspainfood.com\/lt\/wp-json\/wp\/v2\/media\/21653"}],"wp:attachment":[{"href":"https:\/\/myspainfood.com\/lt\/wp-json\/wp\/v2\/media?parent=21646"}],"wp:term":[{"taxonomy":"product_brand","embeddable":true,"href":"https:\/\/myspainfood.com\/lt\/wp-json\/wp\/v2\/product_brand?post=21646"},{"taxonomy":"product_cat","embeddable":true,"href":"https:\/\/myspainfood.com\/lt\/wp-json\/wp\/v2\/product_cat?post=21646"},{"taxonomy":"product_tag","embeddable":true,"href":"https:\/\/myspainfood.com\/lt\/wp-json\/wp\/v2\/product_tag?post=21646"}],"curies":[{"name":"wp","href":"https:\/\/api.w.org\/{rel}","templated":true}]}}