{"id":21767,"date":"2025-04-10T12:10:34","date_gmt":"2025-04-10T10:10:34","guid":{"rendered":"https:\/\/myspainfood.com\/producto\/sardinilla-25-35-areoso-alyvuogiu-aliejuje-120gr\/"},"modified":"2025-04-10T12:10:34","modified_gmt":"2025-04-10T10:10:34","slug":"sardinilla-25-35-areoso-alyvuogiu-aliejuje-120gr","status":"publish","type":"product","link":"https:\/\/myspainfood.com\/lt\/producto\/sardinilla-25-35-areoso-alyvuogiu-aliejuje-120gr\/","title":{"rendered":"Sardinilla 25\/35 Areoso alyvuogi\u0173 aliejuje 120gr"},"content":{"rendered":"<p>Produktas: Sardin\u0117s alyvuogi\u0173 aliejuje 25\/35 vnt.<\/p>\n<p>Specifikacijos: Nedidel\u0117s vienodo dyd\u017eio sardin\u0117s (Sardina pilchardus) i\u0161 Galisijos Riaso sal\u0173 alyvuogi\u0173 aliejuje. Rankomis atrinktos \u012f kiekvien\u0105 skardin\u0119. <\/p>\n<p>Sudedamosios dalys: Sud\u0117tis: sardin\u0117s 73 %, alyvuogi\u0173 aliejus 27 %, druska.<\/p>\n<p>Gamybos procesas: Sardin\u0117, nors ir b\u016bdama \u017euvis, yra reiklus produktas, kurio gamybos procesas reikalauja daug darbo j\u0117gos. \u012e gamykl\u0105 atve\u017etos sardin\u0117s kruop\u0161\u010diai nuimamos nuo galv\u0173 ir i\u0161darin\u0117jamos, kad nesul\u016b\u017et\u0173 ir nesugadint\u0173 i\u0161vaizdos. Po to sardin\u0117s dedamos ant groteli\u0173, perbraukiamos ir panardinamos \u012f s\u016brym\u0105 (vanduo ir druska), kad \u012fgyt\u0173 skon\u012f ir tvirtum\u0105. Po to jos tradici\u0161kai i\u0161kepamos ir rankomis supakuojamos \u012f kiekvien\u0105 skardin\u0119. U\u017epylus alyvuogi\u0173 aliejumi, skardin\u0117s u\u017edaromos ir sterilizuojamos - tai grie\u017etai kontroliuojamas procesas, kuris u\u017etikrina produkto i\u0161saugojim\u0105 ir kokyb\u0119 daugel\u012f met\u0173, nenaudojant konservant\u0173 ar dirbtini\u0173 pried\u0173. Po to skardin\u0117s yra paruo\u0161tos sand\u0117liavimui ir tolesniam perdirbimui.     <\/p>\n","protected":false},"excerpt":{"rendered":"<p>Produktas: Sardin\u0117s alyvuogi\u0173 aliejuje 25\/35 vnt. Specifikacijos: Nedidel\u0117s vienodo dyd\u017eio sardin\u0117s (Sardina pilchardus) i\u0161 Galisijos Riaso sal\u0173 alyvuogi\u0173 aliejuje. Rankomis atrinktos \u012f kiekvien\u0105 skardin\u0119. Sudedamosios dalys: Sud\u0117tis: sardin\u0117s 73 %, alyvuogi\u0173 aliejus 27 %, druska. Gamybos procesas: Sardin\u0117, nors ir b\u016bdama \u017euvis, yra reiklus produktas, kurio gamybos procesas reikalauja daug darbo j\u0117gos. \u012e gamykl\u0105 atve\u017etos [&hellip;]<\/p>\n","protected":false},"featured_media":21774,"template":"","meta":{"_et_pb_use_builder":"","_et_pb_old_content":"","_et_gb_content_width":""},"product_brand":[1358],"product_cat":[1966,3774],"product_tag":[],"class_list":{"0":"post-21767","1":"product","2":"type-product","3":"status-publish","4":"has-post-thumbnail","6":"product_brand-areoso","7":"product_cat-konservai","8":"product_cat-sardinillas-lt","10":"first","11":"outofstock","12":"taxable","13":"shipping-taxable","14":"product-type-variable"},"_links":{"self":[{"href":"https:\/\/myspainfood.com\/lt\/wp-json\/wp\/v2\/product\/21767","targetHints":{"allow":["GET"]}}],"collection":[{"href":"https:\/\/myspainfood.com\/lt\/wp-json\/wp\/v2\/product"}],"about":[{"href":"https:\/\/myspainfood.com\/lt\/wp-json\/wp\/v2\/types\/product"}],"wp:featuredmedia":[{"embeddable":true,"href":"https:\/\/myspainfood.com\/lt\/wp-json\/wp\/v2\/media\/21774"}],"wp:attachment":[{"href":"https:\/\/myspainfood.com\/lt\/wp-json\/wp\/v2\/media?parent=21767"}],"wp:term":[{"taxonomy":"product_brand","embeddable":true,"href":"https:\/\/myspainfood.com\/lt\/wp-json\/wp\/v2\/product_brand?post=21767"},{"taxonomy":"product_cat","embeddable":true,"href":"https:\/\/myspainfood.com\/lt\/wp-json\/wp\/v2\/product_cat?post=21767"},{"taxonomy":"product_tag","embeddable":true,"href":"https:\/\/myspainfood.com\/lt\/wp-json\/wp\/v2\/product_tag?post=21767"}],"curies":[{"name":"wp","href":"https:\/\/api.w.org\/{rel}","templated":true}]}}