{"id":23036,"date":"2025-04-10T12:05:10","date_gmt":"2025-04-10T10:05:10","guid":{"rendered":"https:\/\/myspainfood.com\/producto\/baklazanai-supjaustyti-la-encajera-440-gramu\/"},"modified":"2025-04-10T12:05:10","modified_gmt":"2025-04-10T10:05:10","slug":"baklazanai-supjaustyti-la-encajera-440-gramu","status":"publish","type":"product","link":"https:\/\/myspainfood.com\/lt\/producto\/baklazanai-supjaustyti-la-encajera-440-gramu\/","title":{"rendered":"Bakla\u017eanai, supjaustyti La Encajera 440 gram\u0173"},"content":{"rendered":"<p>Susmulkinti bakla\u017eanai yra pagrindinis &#8221; <a href=\"https:\/\/www.laencajera.es\/berenjenas-de-almagro\" target=\"_blank\" rel=\"noopener noreferrer nofollow\">Almagro&#8221;<\/a> salot\u0173 ingredientas. Pajuskite tradicin\u012f skon\u012f kiekviename k\u0105snyje. <\/p>\n<p>Paprastai patiekiamas kaip u\u017ekandis arba kartu su \u0161auk\u0161to patiekalais. Smulkinti bakla\u017eanai kil\u0119 i\u0161 Kastilijos la Man\u010dos (Ispanija). <\/p>\n<p>Sudedamosios dalys: Sud\u0117tis: bakla\u017eanai &#8222;De Almagro&#8221;, vanduo, druska, spirito actas, citrinos r\u016bg\u0161tis (E-330), kalcio chloridas (E-509), natrio metabisulfitas, kmynai, paprika, nat\u016bralus pankolis, pieno r\u016bg\u0161tis (E-270).<\/p>\n<p>I\u0161saugojimo s\u0105lygos:<\/p>\n<p>Laikykite v\u0117sioje, sausoje vietoje, nuo 3\u00baC iki 10\u00baC temperat\u016broje. Saugokite nuo saul\u0117s spinduli\u0173 ir stipri\u0173 kvap\u0173. <\/p>\n<p>Atidaryt\u0105 laikykite \u0161aldytuve ir suvartokite per 30 dien\u0173.<\/p>\n<p>Jei norite nusipirkti alyvuogi\u0173 ar kit\u0173 <a href=\"https:\/\/latiendadesami.com\/categoria-producto\/encurtidos\/\" rel=\"noopener noreferrer nofollow\" target=\"_blank\">marinuot\u0173 agurk\u0173<\/a>, nedvejodami per\u017ei\u016br\u0117kite m\u016bs\u0173 internetin\u012f katalog\u0105 ir susipa\u017einkite su pla\u010dia <a href=\"https:\/\/latiendadesami.com\/categoria-producto\/encurtidos\/berenjenas\/\" target=\"_blank\" rel=\"noopener noreferrer nofollow\">bakla\u017ean\u0173<\/a> \u012fvairove.<\/p>\n<p>\u0160is prek\u0117s \u017eenklas yra &#8222;La Encajonera&#8221; - 1990 m. \u012fkurta \u0161eimos \u012fmon\u0117, \u012fsik\u016brusi pa\u010dioje La Man\u010dos \u0161irdyje, ALMAGRO miestelyje, Siudad Realo provincijoje.<\/p>\n<p>Jos produkt\u0173 gamybos procesas pradedamas toje pa\u010dioje auginimo vietov\u0117je, atrenkant geriausios kokyb\u0117s produkt\u0105.<\/p>\n<p>Gamykloje \u012fdiegtos pa\u017eangiausios technologijos, ta\u010diau i\u0161saugotos amatinink\u0173 tradicijos ir \u017einios.<\/p>\n","protected":false},"excerpt":{"rendered":"<p>Pagrindinis &#8222;Almagro&#8221; salot\u0173 ingredientas. Pajuskite tradicin\u012f skon\u012f kiekviename k\u0105snyje. Paprastai patiekiamas kaip u\u017ekandis arba derinamas su \u0161auk\u0161tiniais patiekalais.  <\/p>\n","protected":false},"featured_media":23044,"template":"","meta":{"_et_pb_use_builder":"","_et_pb_old_content":"","_et_gb_content_width":""},"product_brand":[1057],"product_cat":[2131,1715],"product_tag":[4149],"class_list":{"0":"post-23036","1":"product","2":"type-product","3":"status-publish","4":"has-post-thumbnail","6":"product_brand-la-encajera","7":"product_cat-baklazanai","8":"product_cat-pickles-lt","9":"product_tag-supjaustyta","11":"first","12":"instock","13":"taxable","14":"shipping-taxable","15":"purchasable","16":"product-type-variable"},"_links":{"self":[{"href":"https:\/\/myspainfood.com\/lt\/wp-json\/wp\/v2\/product\/23036","targetHints":{"allow":["GET"]}}],"collection":[{"href":"https:\/\/myspainfood.com\/lt\/wp-json\/wp\/v2\/product"}],"about":[{"href":"https:\/\/myspainfood.com\/lt\/wp-json\/wp\/v2\/types\/product"}],"wp:featuredmedia":[{"embeddable":true,"href":"https:\/\/myspainfood.com\/lt\/wp-json\/wp\/v2\/media\/23044"}],"wp:attachment":[{"href":"https:\/\/myspainfood.com\/lt\/wp-json\/wp\/v2\/media?parent=23036"}],"wp:term":[{"taxonomy":"product_brand","embeddable":true,"href":"https:\/\/myspainfood.com\/lt\/wp-json\/wp\/v2\/product_brand?post=23036"},{"taxonomy":"product_cat","embeddable":true,"href":"https:\/\/myspainfood.com\/lt\/wp-json\/wp\/v2\/product_cat?post=23036"},{"taxonomy":"product_tag","embeddable":true,"href":"https:\/\/myspainfood.com\/lt\/wp-json\/wp\/v2\/product_tag?post=23036"}],"curies":[{"name":"wp","href":"https:\/\/api.w.org\/{rel}","templated":true}]}}