{"id":23213,"date":"2025-04-10T12:05:54","date_gmt":"2025-04-10T10:05:54","guid":{"rendered":"https:\/\/myspainfood.com\/producto\/sardinillas-oti-925gr\/"},"modified":"2025-09-04T21:04:23","modified_gmt":"2025-09-04T19:04:23","slug":"sardinillas-oti-925gr","status":"publish","type":"product","link":"https:\/\/myspainfood.com\/lt\/producto\/sardinillas-oti-925gr\/","title":{"rendered":"Sardinillas Oti 925gr"},"content":{"rendered":"<p>&#8222;Conservas Oti&#8221; atrenka geriausias sardines, kurios pjaustomos rankomis, be galv\u0173 ir valomos, tada kepamos garuose ir pakuojamos \u012f saul\u0117gr\u0105\u017e\u0173 aliej\u0173. Jos i\u0161siskiria patrauklia sidabrine i\u0161vaizda, kremin\u0117s tekst\u016bros, intensyvaus \u017euvies skonio ir puikiu pateikimu. D\u0117l didelio Omega 3 r\u016bg\u0161\u010di\u0173 kiekio jos padeda laikytis Vidur\u017eemio j\u016bros regiono dietos.  <\/p>\n","protected":false},"excerpt":{"rendered":"<p>&#8222;Conservas Oti&#8221; atrenka geriausias sardines, kurios pjaustomos rankomis, be galv\u0173 ir valomos, tada kepamos garuose ir pakuojamos \u012f saul\u0117gr\u0105\u017e\u0173 aliej\u0173. Jos i\u0161siskiria patrauklia sidabrine i\u0161vaizda, kremin\u0117s tekst\u016bros, intensyvaus \u017euvies skonio ir puikiu pateikimu. D\u0117l didelio Omega 3 r\u016bg\u0161\u010di\u0173 kiekio jos padeda laikytis Vidur\u017eemio j\u016bros regiono dietos.<\/p>\n","protected":false},"featured_media":23219,"template":"","meta":{"_et_pb_use_builder":"","_et_pb_old_content":"","_et_gb_content_width":""},"product_brand":[1075],"product_cat":[1966,3774],"product_tag":[],"class_list":{"0":"post-23213","1":"product","2":"type-product","3":"status-publish","4":"has-post-thumbnail","6":"product_brand-oti","7":"product_cat-konservai","8":"product_cat-sardinillas-lt","10":"first","11":"outofstock","12":"taxable","13":"shipping-taxable","14":"purchasable","15":"product-type-variable"},"_links":{"self":[{"href":"https:\/\/myspainfood.com\/lt\/wp-json\/wp\/v2\/product\/23213","targetHints":{"allow":["GET"]}}],"collection":[{"href":"https:\/\/myspainfood.com\/lt\/wp-json\/wp\/v2\/product"}],"about":[{"href":"https:\/\/myspainfood.com\/lt\/wp-json\/wp\/v2\/types\/product"}],"wp:featuredmedia":[{"embeddable":true,"href":"https:\/\/myspainfood.com\/lt\/wp-json\/wp\/v2\/media\/23219"}],"wp:attachment":[{"href":"https:\/\/myspainfood.com\/lt\/wp-json\/wp\/v2\/media?parent=23213"}],"wp:term":[{"taxonomy":"product_brand","embeddable":true,"href":"https:\/\/myspainfood.com\/lt\/wp-json\/wp\/v2\/product_brand?post=23213"},{"taxonomy":"product_cat","embeddable":true,"href":"https:\/\/myspainfood.com\/lt\/wp-json\/wp\/v2\/product_cat?post=23213"},{"taxonomy":"product_tag","embeddable":true,"href":"https:\/\/myspainfood.com\/lt\/wp-json\/wp\/v2\/product_tag?post=23213"}],"curies":[{"name":"wp","href":"https:\/\/api.w.org\/{rel}","templated":true}]}}