{"id":24511,"date":"2025-04-10T12:06:37","date_gmt":"2025-04-10T10:06:37","guid":{"rendered":"https:\/\/myspainfood.com\/producto\/tudela-artisoku-sirdeles-artisoku-puseles-sgn\/"},"modified":"2025-07-31T16:40:32","modified_gmt":"2025-07-31T14:40:32","slug":"tudela-artisoku-sirdeles-artisoku-puseles-sgn","status":"publish","type":"product","link":"https:\/\/myspainfood.com\/lt\/producto\/tudela-artisoku-sirdeles-artisoku-puseles-sgn\/","title":{"rendered":"Tudela arti\u0161ok\u0173 \u0161irdel\u0117s arti\u0161ok\u0173 pusel\u0117s SGN"},"content":{"rendered":"","protected":false},"excerpt":{"rendered":"<p>Tudela arti\u0161ok\u0173 \u0161irdel\u0117s arti\u0161ok\u0173 pusel\u0117mis<\/p>\n","protected":false},"featured_media":24517,"template":"","meta":{"_et_pb_use_builder":"","_et_pb_old_content":"","_et_gb_content_width":""},"product_brand":[1129],"product_cat":[4689,1966],"product_tag":[4692],"class_list":{"0":"post-24511","1":"product","2":"type-product","3":"status-publish","4":"has-post-thumbnail","6":"product_brand-mateo","7":"product_cat-artisokai","8":"product_cat-konservai","9":"product_tag-sirdys","11":"first","12":"outofstock","13":"taxable","14":"shipping-taxable","15":"product-type-variable"},"_links":{"self":[{"href":"https:\/\/myspainfood.com\/lt\/wp-json\/wp\/v2\/product\/24511","targetHints":{"allow":["GET"]}}],"collection":[{"href":"https:\/\/myspainfood.com\/lt\/wp-json\/wp\/v2\/product"}],"about":[{"href":"https:\/\/myspainfood.com\/lt\/wp-json\/wp\/v2\/types\/product"}],"wp:featuredmedia":[{"embeddable":true,"href":"https:\/\/myspainfood.com\/lt\/wp-json\/wp\/v2\/media\/24517"}],"wp:attachment":[{"href":"https:\/\/myspainfood.com\/lt\/wp-json\/wp\/v2\/media?parent=24511"}],"wp:term":[{"taxonomy":"product_brand","embeddable":true,"href":"https:\/\/myspainfood.com\/lt\/wp-json\/wp\/v2\/product_brand?post=24511"},{"taxonomy":"product_cat","embeddable":true,"href":"https:\/\/myspainfood.com\/lt\/wp-json\/wp\/v2\/product_cat?post=24511"},{"taxonomy":"product_tag","embeddable":true,"href":"https:\/\/myspainfood.com\/lt\/wp-json\/wp\/v2\/product_tag?post=24511"}],"curies":[{"name":"wp","href":"https:\/\/api.w.org\/{rel}","templated":true}]}}