{"id":25126,"date":"2025-04-10T12:05:46","date_gmt":"2025-04-10T10:05:46","guid":{"rendered":"https:\/\/myspainfood.com\/producto\/anciuviais-idaryti-kornisonai-2-kg-ne\/"},"modified":"2025-06-25T12:21:41","modified_gmt":"2025-06-25T10:21:41","slug":"anciuviais-idaryti-kornisonai-2-kg-ne","status":"publish","type":"product","link":"https:\/\/myspainfood.com\/lt\/producto\/anciuviais-idaryti-kornisonai-2-kg-ne\/","title":{"rendered":"An\u010diuviais \u012fdaryti korni\u0161onai 2 kg ne"},"content":{"rendered":"<p>An\u010diuviais \u012fdaryti korni\u0161onai 2 kg - agurkai, an\u010diuviai, svog\u016bnai, alyvuog\u0117s, pipirai, druska. Skanauti kaip <a href=\"https:\/\/www.google.com\/search?q=pepinillos+rellenos+de+anchoa&amp;sxsrf=APq-WBt_i-Tka1Uv3POveVZqwLAkAbPIVg:1644316240904&amp;source=lnms&amp;tbm=isch&amp;sa=X&amp;ved=2ahUKEwj7or-r8-_1AhXO57sIHTYYAU0Q_AUoAXoECAEQAw&amp;biw=1577&amp;bih=780&amp;dpr=1\" target=\"_blank\" rel=\"noopener noreferrer nofollow\">u\u017ekand\u012f<\/a>. <\/p>\n<p>Sudedam\u0173j\u0173 dali\u0173 ir acto skoni\u0173 mi\u0161inys suteikia ypating\u0105, gomuriui labai malon\u0173 skon\u012f.<\/p>\n<p>Marinuoti agurkai yra u\u017ekandis, kuris stiprina imunin\u0119 sistem\u0105, o tai rei\u0161kia, kad jie palaiko organizmo apsaug\u0105 ir bendr\u0105 sveikat\u0105.<\/p>\n<h3><strong>An\u010diuviais \u012fdaryt\u0173 korni\u0161on\u0173 2 kg privalumai<\/strong><\/h3>\n<p>Ar \u017einojote apie marinuot\u0173 agurk\u0173 naud\u0105 apskritai? Pateikiame svarbiausi\u0173 i\u0161 j\u0173 s\u0105ra\u0161\u0105: <\/p>\n<ul>\n<li>Daug probiotik\u0173.<\/li>\n<li>Jie padeda vir\u0161kinti.<\/li>\n<li>Jie stiprina imunin\u0119 sistem\u0105.<\/li>\n<li>Jie ma\u017eina potrauk\u012f cukrui.<\/li>\n<li>Palankus tul\u017eies p\u016bslei.<\/li>\n<\/ul>\n<p>Jei norite nusipirkti alyvuogi\u0173 ar kit\u0173 <a href=\"https:\/\/latiendadesami.com\/categoria-producto\/encurtidos\/\" rel=\"noopener noreferrer nofollow\" target=\"_blank\">marinuot\u0173 agurk\u0173<\/a>, nedvejodami per\u017ei\u016br\u0117kite m\u016bs\u0173 internetin\u012f katalog\u0105 ir susipa\u017einkite su pla\u010dia <a href=\"https:\/\/latiendadesami.com\/categoria-producto\/encurtidos\/pepinillos\/\" target=\"_blank\" rel=\"noopener noreferrer nofollow\">marinuot\u0173 agurk\u0173<\/a> \u012fvairove.<\/p>\n","protected":false},"excerpt":{"rendered":"<p>An\u010diuviais \u012fdaryti korni\u0161onai 2 kg - agurkai, an\u010diuviai, svog\u016bnai, alyvuog\u0117s, pipirai, druska. Skanauti kaip u\u017ekand\u012f. Sudedam\u0173j\u0173 dali\u0173 ir acto skoni\u0173 mi\u0161inys suteikia ypating\u0105, gomuriui labai malon\u0173 skon\u012f. Marinuoti agurkai yra u\u017ekandis, kuris stiprina imunin\u0119 sistem\u0105, o tai rei\u0161kia, kad jie palaiko organizmo apsaug\u0105 ir bendr\u0105 sveikat\u0105. An\u010diuviais \u012fdaryt\u0173 korni\u0161on\u0173 2 kg privalumai Ar \u017einojote apie [&hellip;]<\/p>\n","protected":false},"featured_media":25128,"template":"","meta":{"_et_pb_use_builder":"","_et_pb_old_content":"","_et_gb_content_width":""},"product_brand":[1069],"product_cat":[2014,1715,1812],"product_tag":[4954,2029],"class_list":{"0":"post-25126","1":"product","2":"type-product","3":"status-publish","4":"has-post-thumbnail","6":"product_brand-sangar","7":"product_cat-kornisonai","8":"product_cat-pickles-lt","9":"product_cat-saltas","10":"product_tag-anciuviai","11":"product_tag-gherkin-lt","12":"product_shipping_class-saltoji-siunta","14":"first","15":"instock","16":"taxable","17":"shipping-taxable","18":"purchasable","19":"product-type-simple"},"_links":{"self":[{"href":"https:\/\/myspainfood.com\/lt\/wp-json\/wp\/v2\/product\/25126","targetHints":{"allow":["GET"]}}],"collection":[{"href":"https:\/\/myspainfood.com\/lt\/wp-json\/wp\/v2\/product"}],"about":[{"href":"https:\/\/myspainfood.com\/lt\/wp-json\/wp\/v2\/types\/product"}],"wp:featuredmedia":[{"embeddable":true,"href":"https:\/\/myspainfood.com\/lt\/wp-json\/wp\/v2\/media\/25128"}],"wp:attachment":[{"href":"https:\/\/myspainfood.com\/lt\/wp-json\/wp\/v2\/media?parent=25126"}],"wp:term":[{"taxonomy":"product_brand","embeddable":true,"href":"https:\/\/myspainfood.com\/lt\/wp-json\/wp\/v2\/product_brand?post=25126"},{"taxonomy":"product_cat","embeddable":true,"href":"https:\/\/myspainfood.com\/lt\/wp-json\/wp\/v2\/product_cat?post=25126"},{"taxonomy":"product_tag","embeddable":true,"href":"https:\/\/myspainfood.com\/lt\/wp-json\/wp\/v2\/product_tag?post=25126"}],"curies":[{"name":"wp","href":"https:\/\/api.w.org\/{rel}","templated":true}]}}