{"id":25273,"date":"2025-04-10T12:05:46","date_gmt":"2025-04-10T10:05:46","guid":{"rendered":"https:\/\/myspainfood.com\/producto\/be-kaulu-45-kg\/"},"modified":"2025-05-08T20:40:48","modified_gmt":"2025-05-08T18:40:48","slug":"be-kaulu-45-kg","status":"publish","type":"product","link":"https:\/\/myspainfood.com\/lt\/producto\/be-kaulu-45-kg\/","title":{"rendered":"Be kaul\u0173 4,5 kg"},"content":{"rendered":"<p>Alyvuog\u0117s be kauliuk\u0173 4,5 kg - \u017ealios spalvos, <a href=\"https:\/\/www.google.com\/search?q=aceitunas+deshuesadas&amp;sxsrf=APq-WBvbn4FM7rlwj2SbPE3GYq4nrKA1Ug:1644314369924&amp;source=lnms&amp;tbm=isch&amp;sa=X&amp;ved=2ahUKEwjE56uv7O_1AhWrgf0HHWvsDTUQ_AUoAXoECAEQAw&amp;biw=1577&amp;bih=780&amp;dpr=1\" target=\"_blank\" rel=\"noopener noreferrer nofollow\">be kauliuk\u0173<\/a>. I\u0161laiko pirmin\u0119 form\u0105. <\/p>\n<p>Tai labai sveikas tradicin\u0117s maistingos Vidur\u017eemio j\u016bros regiono dietos papildymas.<\/p>\n<p>Ispanijoje galima rasti alyvuogi\u0173, agurk\u0173, bakla\u017ean\u0173, mork\u0173, svog\u016bn\u0173, tradicini\u0173 kapar\u0117li\u0173, \u010desnak\u0173 ar net j\u0173 mi\u0161inio.<\/p>\n<p>Jie da\u017enai patiekiami kaip tapas prie alaus (ne prie vyno d\u0117l acto kiekio).<\/p>\n<p>Rauginti agurkai i\u0161 seno maisto konservavimo b\u016bdo visame pasaulyje tapo vienu i\u0161 populiariausi\u0173 Ispanijos gastronomijos u\u017ekand\u017ei\u0173.<\/p>\n<h3>Alyvuogi\u0173 be kauliuk\u0173 nauda 4,5 kg<\/h3>\n<p>Ar \u017einojote, koki\u0105 naud\u0105 teikia \u0161ios alyvuog\u0117s? Jos labai veiksmingai apsaugo nuo \u0161irdies ir kraujotakos sistemos lig\u0173 apskritai. <\/p>\n<p>Taip yra d\u0117l didelio neso\u010di\u0173j\u0173 riebal\u0173 kiekio. Be to, tai maistas, kuriame yra daug gele\u017eies ir skaidul\u0173, jis labai sotus, tod\u0117l puikiai tinka u\u017ekand\u017eiams. <\/p>\n<p>Jei norite nusipirkti alyvuogi\u0173 ar kit\u0173 <a href=\"https:\/\/latiendadesami.com\/categoria-producto\/encurtidos\/\" rel=\"noopener noreferrer nofollow\" target=\"_blank\">marinuot\u0173 maisto produkt\u0173<\/a>, nedvejodami per\u017ei\u016br\u0117kite m\u016bs\u0173 internetin\u012f katalog\u0105 ir susipa\u017einkite su pla\u010dia <a href=\"https:\/\/latiendadesami.com\/categoria-producto\/encurtidos\/aceitunas\/\" target=\"_blank\" rel=\"noopener noreferrer nofollow\">alyvuogi\u0173<\/a> \u012fvairove.<\/p>\n<p>Nor\u0117dami gauti daugiau informacijos apie vis\u0105 m\u016bs\u0173 pavyzd\u017ei\u0173 kolekcij\u0105, galite mums para\u0161yti.<\/p>\n","protected":false},"excerpt":{"rendered":"<p>Alyvuog\u0117s be kauliuk\u0173 4,5 kg - \u017ealios spalvos, be kauliuk\u0173. I\u0161laiko pirmin\u0119 form\u0105. Tai labai sveikas tradicin\u0117s maistingos Vidur\u017eemio j\u016bros regiono dietos papildymas. Ispanijoje galima rasti alyvuogi\u0173, agurk\u0173, bakla\u017ean\u0173, mork\u0173, svog\u016bn\u0173, tradicini\u0173 kapar\u0117li\u0173, \u010desnak\u0173 ar net j\u0173 mi\u0161inio. Jie da\u017enai patiekiami kaip tapas prie alaus (ne prie vyno d\u0117l acto kiekio). Rauginti agurkai i\u0161 seno [&hellip;]<\/p>\n","protected":false},"featured_media":25283,"template":"","meta":{"_et_pb_use_builder":"","_et_pb_old_content":"","_et_gb_content_width":""},"product_brand":[1069],"product_cat":[1718,1715],"product_tag":[5161],"class_list":{"0":"post-25273","1":"product","2":"type-product","3":"status-publish","4":"has-post-thumbnail","6":"product_brand-sangar","7":"product_cat-alyvuoges","8":"product_cat-pickles-lt","9":"product_tag-be-kaulu","11":"first","12":"outofstock","13":"taxable","14":"shipping-taxable","15":"product-type-variable"},"_links":{"self":[{"href":"https:\/\/myspainfood.com\/lt\/wp-json\/wp\/v2\/product\/25273","targetHints":{"allow":["GET"]}}],"collection":[{"href":"https:\/\/myspainfood.com\/lt\/wp-json\/wp\/v2\/product"}],"about":[{"href":"https:\/\/myspainfood.com\/lt\/wp-json\/wp\/v2\/types\/product"}],"wp:featuredmedia":[{"embeddable":true,"href":"https:\/\/myspainfood.com\/lt\/wp-json\/wp\/v2\/media\/25283"}],"wp:attachment":[{"href":"https:\/\/myspainfood.com\/lt\/wp-json\/wp\/v2\/media?parent=25273"}],"wp:term":[{"taxonomy":"product_brand","embeddable":true,"href":"https:\/\/myspainfood.com\/lt\/wp-json\/wp\/v2\/product_brand?post=25273"},{"taxonomy":"product_cat","embeddable":true,"href":"https:\/\/myspainfood.com\/lt\/wp-json\/wp\/v2\/product_cat?post=25273"},{"taxonomy":"product_tag","embeddable":true,"href":"https:\/\/myspainfood.com\/lt\/wp-json\/wp\/v2\/product_tag?post=25273"}],"curies":[{"name":"wp","href":"https:\/\/api.w.org\/{rel}","templated":true}]}}