{"id":25462,"date":"2025-04-10T12:06:29","date_gmt":"2025-04-10T10:06:29","guid":{"rendered":"https:\/\/myspainfood.com\/producto\/senorio-de-las-ventas-rioja-crianza-vynas-ispilstytas-i-butelius-antonio-escribano-pascual\/"},"modified":"2025-04-10T12:06:29","modified_gmt":"2025-04-10T10:06:29","slug":"senorio-de-las-ventas-rioja-crianza-vynas-ispilstytas-i-butelius-antonio-escribano-pascual","status":"publish","type":"product","link":"https:\/\/myspainfood.com\/lt\/producto\/senorio-de-las-ventas-rioja-crianza-vynas-ispilstytas-i-butelius-antonio-escribano-pascual\/","title":{"rendered":"Se\u00f1orio de las Ventas, Rioja Crianza vynas, i\u0161pilstytas \u012f butelius Antonio Escribano Pascual"},"content":{"rendered":"<p>Aukl\u0117jimas<\/p>\n<p>Atitinka ne jaunesnius kaip trej\u0173 met\u0173 vynus, kurie bent vienerius metus buvo laikomi \u0105\u017euolo statin\u0117se.<\/p>\n<p>Rubino spalvos, intensyvaus prinokusi\u0173 vaisi\u0173 aromato, gerai deran\u010dio su skrudint\u0173 produkt\u0173 ir vanil\u0117s natomis. Gausus ir subalansuotas burnoje, su puikia harmonija tarp subtili\u0173 tanin\u0173. Skanus ir sodrus, ta\u010diau i\u0161laikantis subtilum\u0105 ir elegancij\u0105.  <\/p>\n","protected":false},"excerpt":{"rendered":"<p>Aukl\u0117jimas Atitinka ne jaunesnius kaip trej\u0173 met\u0173 vynus, kurie bent vienerius metus buvo laikomi \u0105\u017euolo statin\u0117se. Rubino spalvos, intensyvaus prinokusi\u0173 vaisi\u0173 aromato, gerai deran\u010dio su skrudint\u0173 produkt\u0173 ir vanil\u0117s natomis. Gausus ir subalansuotas burnoje, su puikia harmonija tarp subtili\u0173 tanin\u0173. Skanus ir sodrus, ta\u010diau i\u0161laikantis subtilum\u0105 ir elegancij\u0105.<\/p>\n","protected":false},"featured_media":25468,"template":"","meta":{"_et_pb_use_builder":"","_et_pb_old_content":"","_et_gb_content_width":""},"product_brand":[1139],"product_cat":[4851,4852],"product_tag":[4853,5253],"class_list":{"0":"post-25462","1":"product","2":"type-product","3":"status-publish","4":"has-post-thumbnail","6":"product_brand-antonio-escribano","7":"product_cat-gerimai","8":"product_cat-vynas","9":"product_tag-antonio-escribano-lt","10":"product_tag-auklejimas","12":"first","13":"outofstock","14":"taxable","15":"shipping-taxable","16":"product-type-variable"},"_links":{"self":[{"href":"https:\/\/myspainfood.com\/lt\/wp-json\/wp\/v2\/product\/25462","targetHints":{"allow":["GET"]}}],"collection":[{"href":"https:\/\/myspainfood.com\/lt\/wp-json\/wp\/v2\/product"}],"about":[{"href":"https:\/\/myspainfood.com\/lt\/wp-json\/wp\/v2\/types\/product"}],"wp:featuredmedia":[{"embeddable":true,"href":"https:\/\/myspainfood.com\/lt\/wp-json\/wp\/v2\/media\/25468"}],"wp:attachment":[{"href":"https:\/\/myspainfood.com\/lt\/wp-json\/wp\/v2\/media?parent=25462"}],"wp:term":[{"taxonomy":"product_brand","embeddable":true,"href":"https:\/\/myspainfood.com\/lt\/wp-json\/wp\/v2\/product_brand?post=25462"},{"taxonomy":"product_cat","embeddable":true,"href":"https:\/\/myspainfood.com\/lt\/wp-json\/wp\/v2\/product_cat?post=25462"},{"taxonomy":"product_tag","embeddable":true,"href":"https:\/\/myspainfood.com\/lt\/wp-json\/wp\/v2\/product_tag?post=25462"}],"curies":[{"name":"wp","href":"https:\/\/api.w.org\/{rel}","templated":true}]}}