{"id":26570,"date":"2025-04-10T12:07:09","date_gmt":"2025-04-10T10:07:09","guid":{"rendered":"https:\/\/myspainfood.com\/producto\/gegutes-oro-serija-20-30-vienetu\/"},"modified":"2025-04-10T12:07:09","modified_gmt":"2025-04-10T10:07:09","slug":"gegutes-oro-serija-20-30-vienetu","status":"publish","type":"product","link":"https:\/\/myspainfood.com\/lt\/producto\/gegutes-oro-serija-20-30-vienetu\/","title":{"rendered":"Gegut\u0117s ORO serija 20\/30 vienet\u0173"},"content":{"rendered":"<p>&#8221; <a href=\"https:\/\/conservasarlequin.com\/serie-oro\/\" target=\"_blank\" rel=\"noopener noreferrer nofollow\">Arlequ\u00edn<\/a> Golden Cockles 00&#8243; serija yra konservuotas produktas, pagamintas tradiciniu b\u016bdu.<\/p>\n<p><strong>Grynasis svoris \/ esku:<\/strong> 113g\/63g<\/p>\n<p><strong>Galiojimo laikas:<\/strong> 4 metai<\/p>\n<p><strong>Aplinkosauga:<\/strong> Aplinka<\/p>\n<p><strong>Fil\u0117 \/ gabal\u0173 skai\u010dius:<\/strong> 20\/30<\/p>\n<p>&#8222;Conservas Arlequ\u00edn&#8221; misija - pasi\u016blyti puik\u0173 produkt\u0105, geriausi\u0105 aptarnavim\u0105 ir plat\u0173 \u017euvies konserv\u0173 asortiment\u0105 u\u017e geriausi\u0105 kain\u0105. &#8222;Conservas <a href=\"https:\/\/latiendadesami.com\/marca\/arlequin\/\" target=\"_blank\" rel=\"noopener noreferrer nofollow\">Arlequ\u00edn<\/a> &#8221; misija - pasi\u016blyti puik\u0173 produkt\u0105, geriausi\u0105 aptarnavim\u0105 ir plat\u0173 \u017euvies konserv\u0173 asortiment\u0105 u\u017e geriausi\u0105 kain\u0105.<\/p>\n<p>Jie taip pat specializuojasi an\u010diuvi\u0173, 00 aukso serijos moliusk\u0173, an\u010diuvi\u0173, bonit\u0173, geltonpeleki\u0173 tun\u0173, midij\u0173, skumbri\u0173 ir sardini\u0173 \u017evejyboje.<\/p>\n<p>Pavyzd\u017eiui, laikra\u0161\u010dio &#8222;El Pa\u00eds&#8221; laikra\u0161\u010dio &#8222;Comidista&#8221; \u017eurnalistas apie ventresk\u0105 ra\u0161\u0117: &#8222;Ji tokia \u0161velni, beveik kremin\u0117, kad norisi j\u0105 vesti ir gyventi laimingai, kol Vie\u0161pats jus pasiims&#8221;.<\/p>\n<h4>Pagrindiniai konservuoto maisto privalumai<\/h4>\n<ol>\n<li>Jie i\u0161saugo visas maistines maisto produkto savybes. Maistas i\u0161lieka \u0161vie\u017eias. <\/li>\n<li>Naudojami sveiki maisto produktai, tod\u0117l d\u0117l didelio vitamin\u0173 ir baltym\u0173 kiekio tinka optimaliai mitybai.<\/li>\n<li>\u0160i\u0173 gamini\u0173 naudojimo trukm\u0117 ilgesn\u0117 (paprastai 2-5 metai).<\/li>\n<li>Konservus labai lengva laikyti, nes j\u0173 pakuot\u0119 lengva u\u017ed\u0117ti.<\/li>\n<\/ol>\n<p>Jei norite \u012fsigyti tun\u0173 ar bet kurios kitos r\u016b\u0161ies <a href=\"https:\/\/latiendadesami.com\/categoria-producto\/conservas\/\" rel=\"noopener noreferrer nofollow\" target=\"_blank\">konserv\u0173<\/a>, nedvejodami per\u017ei\u016br\u0117kite m\u016bs\u0173 internetin\u012f katalog\u0105 ir susipa\u017einkite su pla\u010dia <a href=\"https:\/\/latiendadesami.com\/categoria-producto\/conservas\/atun-y-bonito\/\" target=\"_blank\" rel=\"noopener noreferrer nofollow\">tun\u0173<\/a> \u012fvairove.<\/p>\n<p>Nor\u0117dami gauti daugiau informacijos, ra\u0161ykite mums.<\/p>\n","protected":false},"excerpt":{"rendered":"<p><strong>I\u0161 R\u00eda de Noia<\/p>\n<p>Pasirinkta kokyb\u0117<\/strong><\/p>\n<p><strong>Gabal\u0117li\u0173 skai\u010dius:<\/strong> 15\/25 gabal\u0117li\u0173<\/p>\n<p><strong>Grynasis svoris:<\/strong> 113 g<\/p>\n<p><strong>Nusausintas svoris: <\/strong>63 g<\/p>\n<p><strong>Sudedamosios dalys: <\/strong> Sudedamosios dalys:<em>j\u016br\u0173 v\u0117\u017eiagyviai<\/em>, vanduo, druska, r\u016bg\u0161tingum\u0105 reguliuojan\u010dios med\u017eiagos (E330, E331) ir antioksidantas (E385).<\/p>\n<p><strong>Alergenai:<\/strong> <em>Sud\u0117tyje yra moliusk\u0173, gaili\u0173.<\/em><\/p>\n<p>Laikykite kambario temperat\u016broje.<\/p>\n<p>Atidaryt\u0105 produkt\u0105 rekomenduojama suvartoti vis\u0105.<\/p>\n","protected":false},"featured_media":26572,"template":"","meta":{"_et_pb_use_builder":"","_et_pb_old_content":"","_et_gb_content_width":""},"product_brand":[1162],"product_cat":[5665,1966],"product_tag":[5630],"class_list":{"0":"post-26570","1":"product","2":"type-product","3":"status-publish","4":"has-post-thumbnail","6":"product_brand-arlequin","7":"product_cat-gaidziai","8":"product_cat-konservai","9":"product_tag-serieoro-lt","11":"first","12":"outofstock","13":"sale","14":"taxable","15":"shipping-taxable","16":"purchasable","17":"product-type-simple"},"_links":{"self":[{"href":"https:\/\/myspainfood.com\/lt\/wp-json\/wp\/v2\/product\/26570","targetHints":{"allow":["GET"]}}],"collection":[{"href":"https:\/\/myspainfood.com\/lt\/wp-json\/wp\/v2\/product"}],"about":[{"href":"https:\/\/myspainfood.com\/lt\/wp-json\/wp\/v2\/types\/product"}],"wp:featuredmedia":[{"embeddable":true,"href":"https:\/\/myspainfood.com\/lt\/wp-json\/wp\/v2\/media\/26572"}],"wp:attachment":[{"href":"https:\/\/myspainfood.com\/lt\/wp-json\/wp\/v2\/media?parent=26570"}],"wp:term":[{"taxonomy":"product_brand","embeddable":true,"href":"https:\/\/myspainfood.com\/lt\/wp-json\/wp\/v2\/product_brand?post=26570"},{"taxonomy":"product_cat","embeddable":true,"href":"https:\/\/myspainfood.com\/lt\/wp-json\/wp\/v2\/product_cat?post=26570"},{"taxonomy":"product_tag","embeddable":true,"href":"https:\/\/myspainfood.com\/lt\/wp-json\/wp\/v2\/product_tag?post=26570"}],"curies":[{"name":"wp","href":"https:\/\/api.w.org\/{rel}","templated":true}]}}