{"id":26639,"date":"2025-04-10T12:07:15","date_gmt":"2025-04-10T10:07:15","guid":{"rendered":"https:\/\/myspainfood.com\/producto\/andaluzijos-skumbre-d-o-alyvuogiu-aliejus\/"},"modified":"2025-04-10T12:07:15","modified_gmt":"2025-04-10T10:07:15","slug":"andaluzijos-skumbre-d-o-alyvuogiu-aliejus","status":"publish","type":"product","link":"https:\/\/myspainfood.com\/lt\/producto\/andaluzijos-skumbre-d-o-alyvuogiu-aliejus\/","title":{"rendered":"Andal\u016bzijos skumbr\u0117 D.O. alyvuogi\u0173 aliejus"},"content":{"rendered":"<p style=\"text-align: left\">\u0160varios Andal\u016bzijos skumbr\u0117s fil\u0117, supakuota \u012f stiklin\u012f indel\u012f ir metalin\u0119 kapsul\u0119.<\/p>\n<p style=\"text-align: left\">Produkcija ir kokyb\u0117 nustatyta <span class=\"file\">Andal\u016bzijos skumbri\u0173 ir fregat\u0173 skumbri\u0173 saugom\u0173 geografini\u0173 nuorod\u0173 reguliavimo tarybos,<\/span> kuriai priklauso <a href=\"https:\/\/pesasur.com\/calidad\/\" target=\"_blank\" rel=\"noopener noreferrer nofollow\">&#8222;Pesasur&#8221;<\/a>, taisykl\u0117mis.<\/p>\n<p style=\"text-align: left\">Pilk\u0161vai baltos spalvos, \u0161velnios konsistencijos, malonaus kvapo, b\u016bdingo unikalaus skonio.<\/p>\n<p><strong>SUDEDAMOSIOS DALYS<\/strong><\/p>\n<ul>\n<li>Skumbr\u0117s<\/li>\n<li>Alyvuogi\u0173 aliejus<\/li>\n<li>Druska<\/li>\n<\/ul>\n<p>&#8222;PESASUR&#8221; naudoja Andal\u016bzijos skumbr\u0119 (Andal\u016bzijos regiono specifin\u0117 kilm\u0117s vietos nuoroda I.G.P.), kuri did\u017ei\u0105j\u0105 met\u0173 dal\u012f perdirbama \u0161vie\u017eia gamykloje.<\/p>\n<p>PESASUR gamybos proceso metu nenaudoja chemini\u0173 produkt\u0173, o i\u0161 kartos \u012f kart\u0105 su skumbri\u0173 fil\u0117 dirban\u010dios darbo j\u0117gos patirtis u\u017etikrina nepriekai\u0161ting\u0105 \u017euvies \u0161var\u0105 ir puik\u0173 fil\u0117 pateikim\u0105 vis\u0173 format\u0173 stiklainiuose ir skardin\u0117se.<\/p>\n<h4>Pagrindiniai konservuoto maisto privalumai<\/h4>\n<ol>\n<li>Jie i\u0161saugo visas maistines maisto produkto savybes. Maistas i\u0161lieka \u0161vie\u017eias. <\/li>\n<li>Naudojami sveiki maisto produktai, tod\u0117l d\u0117l didelio vitamin\u0173 ir baltym\u0173 kiekio tinka optimaliai mitybai.<\/li>\n<li>\u0160i\u0173 gamini\u0173 naudojimo trukm\u0117 ilgesn\u0117 (paprastai 2-5 metai).<\/li>\n<li>Konservus labai lengva laikyti, nes j\u0173 pakuot\u0119 lengva u\u017ed\u0117ti.<\/li>\n<\/ol>\n<p>Jei norite \u012fsigyti Andal\u016bzijos skumbr\u0117s ar bet kurios kitos r\u016b\u0161ies <a href=\"https:\/\/latiendadesami.com\/categoria-producto\/conservas\/\" rel=\"noopener noreferrer nofollow\" target=\"_blank\">konserv\u0173<\/a>, nedvejodami per\u017ei\u016br\u0117kite m\u016bs\u0173 internetin\u012f katalog\u0105 ir susipa\u017einkite su pla\u010dia <a href=\"https:\/\/latiendadesami.com\/categoria-producto\/conservas\/atun-y-bonito\/\" target=\"_blank\" rel=\"noopener noreferrer nofollow\">tun\u0173<\/a> \u012fvairove.<\/p>\n<p>Nor\u0117dami gauti daugiau informacijos, ra\u0161ykite mums.<\/p>\n","protected":false},"excerpt":{"rendered":"<p>Andal\u016bzijos skumbr\u0117s alyvuogi\u0173 aliejus<\/p>\n","protected":false},"featured_media":26645,"template":"","meta":{"_et_pb_use_builder":"","_et_pb_old_content":"","_et_gb_content_width":""},"product_brand":[1205],"product_cat":[1966,3359],"product_tag":[],"class_list":{"0":"post-26639","1":"product","2":"type-product","3":"status-publish","4":"has-post-thumbnail","6":"product_brand-pesasur","7":"product_cat-konservai","8":"product_cat-skumbre","10":"first","11":"outofstock","12":"taxable","13":"shipping-taxable","14":"product-type-variable"},"_links":{"self":[{"href":"https:\/\/myspainfood.com\/lt\/wp-json\/wp\/v2\/product\/26639","targetHints":{"allow":["GET"]}}],"collection":[{"href":"https:\/\/myspainfood.com\/lt\/wp-json\/wp\/v2\/product"}],"about":[{"href":"https:\/\/myspainfood.com\/lt\/wp-json\/wp\/v2\/types\/product"}],"wp:featuredmedia":[{"embeddable":true,"href":"https:\/\/myspainfood.com\/lt\/wp-json\/wp\/v2\/media\/26645"}],"wp:attachment":[{"href":"https:\/\/myspainfood.com\/lt\/wp-json\/wp\/v2\/media?parent=26639"}],"wp:term":[{"taxonomy":"product_brand","embeddable":true,"href":"https:\/\/myspainfood.com\/lt\/wp-json\/wp\/v2\/product_brand?post=26639"},{"taxonomy":"product_cat","embeddable":true,"href":"https:\/\/myspainfood.com\/lt\/wp-json\/wp\/v2\/product_cat?post=26639"},{"taxonomy":"product_tag","embeddable":true,"href":"https:\/\/myspainfood.com\/lt\/wp-json\/wp\/v2\/product_tag?post=26639"}],"curies":[{"name":"wp","href":"https:\/\/api.w.org\/{rel}","templated":true}]}}