{"id":26717,"date":"2025-04-10T12:07:40","date_gmt":"2025-04-10T10:07:40","guid":{"rendered":"https:\/\/myspainfood.com\/producto\/dideli-kornisonai-225-kg-svorio-n\/"},"modified":"2025-04-10T12:07:40","modified_gmt":"2025-04-10T10:07:40","slug":"dideli-kornisonai-225-kg-svorio-n","status":"publish","type":"product","link":"https:\/\/myspainfood.com\/lt\/producto\/dideli-kornisonai-225-kg-svorio-n\/","title":{"rendered":"Dideli korni\u0161onai 2,25 kg svorio n"},"content":{"rendered":"<p>2,25 kg grynojo svorio agurk\u0173 agurkai - tik vandens ir druskos agurkai yra vienas skaniausi\u0173 <a href=\"https:\/\/www.google.com\/search?q=pepinillos+gordos&amp;tbm=isch&amp;ved=2ahUKEwj6xNCv8-_1AhWXiP0HHcNGC0QQ2-cCegQIABAA&amp;oq=pepinillos+gordos&amp;gs_lcp=CgNpbWcQA1DZFVjlJ2DcK2gAcAB4AIABYYgB4wqSAQIxOJgBAKABAaoBC2d3cy13aXotaW1nwAEB&amp;sclient=img&amp;ei=WUYCYrq0IpeR9u8Pw42toAQ&amp;bih=780&amp;biw=1577\" target=\"_blank\" rel=\"noopener noreferrer nofollow\">u\u017ekand\u017ei\u0173<\/a>.<\/p>\n<p>Sudedam\u0173j\u0173 dali\u0173 ir acto skoni\u0173 mi\u0161inys suteikia ypating\u0105, gomuriui labai malon\u0173 skon\u012f.<\/p>\n<p>Marinuoti agurkai yra u\u017ekandis, kuris stiprina imunin\u0119 sistem\u0105, o tai rei\u0161kia, kad jie palaiko organizmo apsaug\u0105 ir bendr\u0105 sveikat\u0105.<\/p>\n<h3><strong>Riebalini\u0173 agurk\u0173 nauda<\/strong><\/h3>\n<p>Ar \u017einojote apie marinuot\u0173 agurk\u0173 naud\u0105 apskritai? Pateikiame svarbiausi\u0173 i\u0161 j\u0173 s\u0105ra\u0161\u0105: <\/p>\n<ul>\n<li>Daug probiotik\u0173.<\/li>\n<li>Jie padeda vir\u0161kinti.<\/li>\n<li>Jie stiprina imunin\u0119 sistem\u0105.<\/li>\n<li>Jie ma\u017eina potrauk\u012f cukrui.<\/li>\n<li>Palankus tul\u017eies p\u016bslei.<\/li>\n<\/ul>\n<p>Jei norite nusipirkti alyvuogi\u0173 ar kit\u0173 <a href=\"https:\/\/latiendadesami.com\/categoria-producto\/encurtidos\/\" rel=\"noopener noreferrer nofollow\" target=\"_blank\">marinuot\u0173 agurk\u0173<\/a>, nedvejodami per\u017ei\u016br\u0117kite m\u016bs\u0173 internetin\u012f katalog\u0105 ir susipa\u017einkite su pla\u010dia <a href=\"https:\/\/latiendadesami.com\/categoria-producto\/encurtidos\/pepinillos\/\" target=\"_blank\" rel=\"noopener noreferrer nofollow\">marinuot\u0173 agurk\u0173<\/a> \u012fvairove.<\/p>\n","protected":false},"excerpt":{"rendered":"<p>2,25 kg grynojo svorio agurk\u0173 agurkai - tik vandens ir druskos agurkai yra vienas skaniausi\u0173 u\u017ekand\u017ei\u0173. Sudedam\u0173j\u0173 dali\u0173 ir acto skoni\u0173 mi\u0161inys suteikia ypating\u0105, gomuriui labai malon\u0173 skon\u012f. Marinuoti agurkai yra u\u017ekandis, kuris stiprina imunin\u0119 sistem\u0105, o tai rei\u0161kia, kad jie palaiko organizmo apsaug\u0105 ir bendr\u0105 sveikat\u0105. Riebalini\u0173 agurk\u0173 nauda Ar \u017einojote apie marinuot\u0173 agurk\u0173 [&hellip;]<\/p>\n","protected":false},"featured_media":26720,"template":"","meta":{"_et_pb_use_builder":"","_et_pb_old_content":"","_et_gb_content_width":""},"product_brand":[],"product_cat":[2014,1715],"product_tag":[2029],"class_list":{"0":"post-26717","1":"product","2":"type-product","3":"status-publish","4":"has-post-thumbnail","6":"product_cat-kornisonai","7":"product_cat-pickles-lt","8":"product_tag-gherkin-lt","10":"first","11":"instock","12":"taxable","13":"shipping-taxable","14":"purchasable","15":"product-type-simple"},"_links":{"self":[{"href":"https:\/\/myspainfood.com\/lt\/wp-json\/wp\/v2\/product\/26717","targetHints":{"allow":["GET"]}}],"collection":[{"href":"https:\/\/myspainfood.com\/lt\/wp-json\/wp\/v2\/product"}],"about":[{"href":"https:\/\/myspainfood.com\/lt\/wp-json\/wp\/v2\/types\/product"}],"wp:featuredmedia":[{"embeddable":true,"href":"https:\/\/myspainfood.com\/lt\/wp-json\/wp\/v2\/media\/26720"}],"wp:attachment":[{"href":"https:\/\/myspainfood.com\/lt\/wp-json\/wp\/v2\/media?parent=26717"}],"wp:term":[{"taxonomy":"product_brand","embeddable":true,"href":"https:\/\/myspainfood.com\/lt\/wp-json\/wp\/v2\/product_brand?post=26717"},{"taxonomy":"product_cat","embeddable":true,"href":"https:\/\/myspainfood.com\/lt\/wp-json\/wp\/v2\/product_cat?post=26717"},{"taxonomy":"product_tag","embeddable":true,"href":"https:\/\/myspainfood.com\/lt\/wp-json\/wp\/v2\/product_tag?post=26717"}],"curies":[{"name":"wp","href":"https:\/\/api.w.org\/{rel}","templated":true}]}}