{"id":26814,"date":"2025-04-10T12:07:39","date_gmt":"2025-04-10T10:07:39","guid":{"rendered":"https:\/\/myspainfood.com\/producto\/brandintas-ozkos-suris-su-paprika-apie-320gr\/"},"modified":"2025-06-24T14:08:52","modified_gmt":"2025-06-24T12:08:52","slug":"brandintas-ozkos-suris-su-paprika-apie-320gr","status":"publish","type":"product","link":"https:\/\/myspainfood.com\/lt\/producto\/brandintas-ozkos-suris-su-paprika-apie-320gr\/","title":{"rendered":"Brandintas o\u017ekos s\u016bris su paprika apie 320gr"},"content":{"rendered":"<p>&#8222;Queser\u00eda El <a href=\"https:\/\/www.facebook.com\/Queser%C3%ADa-El-Manjar-1564604537177140\/\" target=\"_blank\" rel=\"noopener noreferrer nofollow\">Manjar<\/a>&#8221; gamina brandint\u0105 o\u017ekos s\u016br\u012f su paprika, apie 320gr.<\/p>\n<p>\u0160i s\u016brin\u0117 \u012fsik\u016brusi Veladoje, Toledo mieste, netoli Talavera de la Reina.<\/p>\n<p>Jis gaminamas i\u0161 pasterizuoto pieno, o jo \u017eiev\u0117 padengta paprikos sluoksniu, kuris suteikia ypating\u0105 ir nepakartojam\u0105 skon\u012f.<\/p>\n<p>Jos produkt\u0173 kataloge yra ne tik paprikoje brandinto o\u017ekos s\u016brio, bet ir \u012fvairi\u0173 kit\u0173 s\u016bri\u0173, pvz., \u0161vie\u017ei\u0173 s\u016bri\u0173.<\/p>\n<p>Visi gaminiai gaminami rankomis tradiciniu b\u016bdu. Apytikslis kiekvienos porcijos svoris - 320 g. <\/p>\n<p>\u0160\u012f produkt\u0105 reikia laikyti \u0161aldytuve nuo 0\u00ba iki 8\u00ba.<\/p>\n<p>O\u017ekos s\u016bris, tiksliau - o\u017ekos pieno s\u016bris, vadinamas ch\u00e8vre (pranc\u016bzi\u0161kai - o\u017eka) ir taip vadinamas bet koks s\u016bris, pagamintas i\u0161 o\u017ekos pieno.<\/p>\n<p>O\u017ekos s\u016bris gaminamas jau t\u016bkstan\u010dius met\u0173 ir tikriausiai buvo vienas pirm\u0173j\u0173 pieno produkt\u0173. Papras\u010diausias o\u017ekos s\u016bris gaminamas leid\u017eiant nat\u016braliai pjaustyti \u017eali\u0105 pien\u0105, o po to var\u0161k\u0119 nusausinant ir suspaud\u017eiant. <\/p>\n<p>Jei norite \u012fsigyti kit\u0173 s\u016bri\u0173 ar bet koki\u0173 kit\u0173 <a href=\"https:\/\/latiendadesami.com\/\" rel=\"noopener noreferrer nofollow\" target=\"_blank\">maisto produkt\u0173<\/a>, nedvejodami per\u017ei\u016br\u0117kite m\u016bs\u0173 internetin\u012f katalog\u0105 ir susipa\u017einkite su pla\u010dia produkt\u0173 \u012fvairove.<\/p>\n<p>Nor\u0117dami gauti daugiau informacijos, ra\u0161ykite mums.<\/p>\n","protected":false},"excerpt":{"rendered":"<p>&#8222;Queser\u00eda El Manjar&#8221; gamina brandint\u0105 o\u017ekos s\u016br\u012f su paprika, apie 320gr. \u0160i s\u016brin\u0117 \u012fsik\u016brusi Veladoje, Toledo mieste, netoli Talavera de la Reina. Jis gaminamas i\u0161 pasterizuoto pieno, o jo \u017eiev\u0117 padengta paprikos sluoksniu, kuris suteikia ypating\u0105 ir nepakartojam\u0105 skon\u012f. Jos produkt\u0173 kataloge yra ne tik paprikoje brandinto o\u017ekos s\u016brio, bet ir \u012fvairi\u0173 kit\u0173 s\u016bri\u0173, pvz., [&hellip;]<\/p>\n","protected":false},"featured_media":26815,"template":"","meta":{"_et_pb_use_builder":"","_et_pb_old_content":"","_et_gb_content_width":""},"product_brand":[],"product_cat":[5732,1812,2256],"product_tag":[],"class_list":{"0":"post-26814","1":"product","2":"type-product","3":"status-publish","4":"has-post-thumbnail","6":"product_cat-gydymas-lt","7":"product_cat-saltas","8":"product_cat-suris-ir-desra","9":"product_shipping_class-saltoji-siunta","11":"first","12":"instock","13":"taxable","14":"shipping-taxable","15":"purchasable","16":"product-type-simple"},"_links":{"self":[{"href":"https:\/\/myspainfood.com\/lt\/wp-json\/wp\/v2\/product\/26814","targetHints":{"allow":["GET"]}}],"collection":[{"href":"https:\/\/myspainfood.com\/lt\/wp-json\/wp\/v2\/product"}],"about":[{"href":"https:\/\/myspainfood.com\/lt\/wp-json\/wp\/v2\/types\/product"}],"wp:featuredmedia":[{"embeddable":true,"href":"https:\/\/myspainfood.com\/lt\/wp-json\/wp\/v2\/media\/26815"}],"wp:attachment":[{"href":"https:\/\/myspainfood.com\/lt\/wp-json\/wp\/v2\/media?parent=26814"}],"wp:term":[{"taxonomy":"product_brand","embeddable":true,"href":"https:\/\/myspainfood.com\/lt\/wp-json\/wp\/v2\/product_brand?post=26814"},{"taxonomy":"product_cat","embeddable":true,"href":"https:\/\/myspainfood.com\/lt\/wp-json\/wp\/v2\/product_cat?post=26814"},{"taxonomy":"product_tag","embeddable":true,"href":"https:\/\/myspainfood.com\/lt\/wp-json\/wp\/v2\/product_tag?post=26814"}],"curies":[{"name":"wp","href":"https:\/\/api.w.org\/{rel}","templated":true}]}}